{"id":1003,"date":"2024-05-23T23:08:09","date_gmt":"2024-05-23T20:08:09","guid":{"rendered":"https:\/\/www.optival.com.tr\/ia-cop\/"},"modified":"2025-01-21T20:56:37","modified_gmt":"2025-01-21T17:56:37","slug":"ia-cop","status":"publish","type":"page","link":"https:\/\/www.optival.com.tr\/de\/ia-cop\/","title":{"rendered":"IA &amp; COP"},"content":{"rendered":"\n<div class=\"wp-block-stackable-call-to-action alignfull stk-block-call-to-action stk-block stk-c72b0a2 stk-block-background stk--has-background-overlay\" data-v=\"2\" data-block-id=\"c72b0a2\"><style>.stk-c72b0a2{background-color:var(--theme-palette-color-4,#23414e) !important;background-image:url(https:\/\/www.optival.com.tr\/wp-content\/uploads\/2024\/05\/COP-Uretimin-uygunlugu.jpg) !important;min-height:600px !important;align-items:center !important;display:flex !important}.stk-c72b0a2:before{background-color:var(--theme-palette-color-4,#23414e) !important;opacity:0.6 !important}.stk-c72b0a2 .stk-block-call-to-action__content{min-height:823px !important}<\/style><div class=\"stk-block-call-to-action__content stk-content-align stk-c72b0a2-column alignwide stk-container stk-c72b0a2-container stk--no-background stk--no-padding\"><div class=\"has-text-align-left stk-block-content stk-inner-blocks stk-c72b0a2-inner-blocks\">\n<div class=\"wp-block-stackable-heading stk-block-heading stk-block-heading--v2 stk-block stk-636be16\" id=\"ia-initial-assesment-amp-cop-uretimin-uygunlugu\" data-block-id=\"636be16\"><style>.stk-636be16{margin-top:200px !important}.stk-636be16 .stk-block-heading__text{font-size:48px !important;color:#FFFFFF !important;font-weight:600 !important;font-family:\"Lato\",Sans-serif !important}@media screen and (max-width:999px){.stk-636be16 .stk-block-heading__text{font-size:48px !important}}<\/style><h3 class=\"stk-block-heading__text has-text-color has-white-color\">IA (Anfangsbewertung) &amp; COP (Konformit\u00e4t der Produktion)<\/h3><\/div>\n\n\n\n<div class=\"wp-block-stackable-text stk-block-text stk-block stk-62733eb\" data-block-id=\"62733eb\"><style>.stk-62733eb .stk-block-text__text{color:#FFFFFF !important}<\/style><p class=\"stk-block-text__text has-text-color has-white-color\">Wenden Sie sich an unsere Experten, um Informationen \u00fcber unsere L\u00f6sungen f\u00fcr die Erstbewertung (IA) und die Konformit\u00e4t der Produktion (COP) zu erhalten.<\/p><\/div>\n\n\n\n<div class=\"wp-block-stackable-button-group stk-block-button-group stk-block stk-316d6c6\" data-block-id=\"316d6c6\"><div class=\"stk-row stk-inner-blocks stk-block-content stk-button-group\">\n<div class=\"wp-block-stackable-button stk-block-button stk-block stk-5cda023\" data-block-id=\"5cda023\"><style>.stk-5cda023:hover{opacity:0.8 !important}.stk-5cda023 .stk-button{padding-right:24px !important;padding-left:24px !important;background:var(--theme-palette-color-2,#009bdd) !important;border-top-left-radius:50px !important;border-top-right-radius:50px !important;border-bottom-right-radius:50px !important;border-bottom-left-radius:50px !important}.stk-5cda023 .stk-button__inner-text{color:#ffffff !important}<\/style><a class=\"stk-link stk-button stk--hover-effect-darken\" href=\"https:\/\/www.optival.com.tr\/de\/kontaktieren-sie-uns\/\"><span class=\"has-text-color has-black-color stk-button__inner-text\">Anfrage f\u00fcr Informationen und Angebote<\/span><\/a><\/div>\n<\/div><\/div>\n<\/div><\/div><\/div>\n","protected":false},"excerpt":{"rendered":"<p>Sie k\u00f6nnen unsere Experten kontaktieren, um Informationen \u00fcber unsere L\u00f6sungen f\u00fcr COP-Prozesse (Certificate of Conformity) zu erhalten.<\/p>\n","protected":false},"author":1,"featured_media":656,"parent":0,"menu_order":0,"comment_status":"closed","ping_status":"closed","template":"","meta":{"_gspb_post_css":"","_uag_custom_page_level_css":"","footnotes":""},"class_list":["post-1003","page","type-page","status-publish","has-post-thumbnail","hentry"],"blocksy_meta":[],"uagb_featured_image_src":{"full":["https:\/\/www.optival.com.tr\/wp-content\/uploads\/2024\/05\/COP-Uretimin-uygunlugu.jpg",1920,1080,false],"thumbnail":["https:\/\/www.optival.com.tr\/wp-content\/uploads\/2024\/05\/COP-Uretimin-uygunlugu-150x150.jpg",150,150,true],"medium":["https:\/\/www.optival.com.tr\/wp-content\/uploads\/2024\/05\/COP-Uretimin-uygunlugu-300x169.jpg",300,169,true],"medium_large":["https:\/\/www.optival.com.tr\/wp-content\/uploads\/2024\/05\/COP-Uretimin-uygunlugu-768x432.jpg",768,432,true],"large":["https:\/\/www.optival.com.tr\/wp-content\/uploads\/2024\/05\/COP-Uretimin-uygunlugu-1024x576.jpg",1024,576,true],"1536x1536":["https:\/\/www.optival.com.tr\/wp-content\/uploads\/2024\/05\/COP-Uretimin-uygunlugu-1536x864.jpg",1536,864,true],"2048x2048":["https:\/\/www.optival.com.tr\/wp-content\/uploads\/2024\/05\/COP-Uretimin-uygunlugu.jpg",1920,1080,false]},"uagb_author_info":{"display_name":"optival_8yofdn","author_link":"https:\/\/www.optival.com.tr\/de\/author\/optival_8yofdn\/"},"uagb_comment_info":0,"uagb_excerpt":"Sie k\u00f6nnen unsere Experten kontaktieren, um Informationen \u00fcber unsere L\u00f6sungen f\u00fcr COP-Prozesse (Certificate of Conformity) zu erhalten.","_links":{"self":[{"href":"https:\/\/www.optival.com.tr\/de\/wp-json\/wp\/v2\/pages\/1003","targetHints":{"allow":["GET"]}}],"collection":[{"href":"https:\/\/www.optival.com.tr\/de\/wp-json\/wp\/v2\/pages"}],"about":[{"href":"https:\/\/www.optival.com.tr\/de\/wp-json\/wp\/v2\/types\/page"}],"author":[{"embeddable":true,"href":"https:\/\/www.optival.com.tr\/de\/wp-json\/wp\/v2\/users\/1"}],"replies":[{"embeddable":true,"href":"https:\/\/www.optival.com.tr\/de\/wp-json\/wp\/v2\/comments?post=1003"}],"version-history":[{"count":2,"href":"https:\/\/www.optival.com.tr\/de\/wp-json\/wp\/v2\/pages\/1003\/revisions"}],"predecessor-version":[{"id":1007,"href":"https:\/\/www.optival.com.tr\/de\/wp-json\/wp\/v2\/pages\/1003\/revisions\/1007"}],"wp:featuredmedia":[{"embeddable":true,"href":"https:\/\/www.optival.com.tr\/de\/wp-json\/wp\/v2\/media\/656"}],"wp:attachment":[{"href":"https:\/\/www.optival.com.tr\/de\/wp-json\/wp\/v2\/media?parent=1003"}],"curies":[{"name":"wp","href":"https:\/\/api.w.org\/{rel}","templated":true}]}}