{"id":1045,"date":"2024-05-23T23:06:47","date_gmt":"2024-05-23T20:06:47","guid":{"rendered":"https:\/\/www.optival.com.tr\/fahrzeugtyp-zulassung\/"},"modified":"2025-01-21T20:57:05","modified_gmt":"2025-01-21T17:57:05","slug":"fahrzeugtyp-zulassung","status":"publish","type":"page","link":"https:\/\/www.optival.com.tr\/de\/fahrzeugtyp-zulassung\/","title":{"rendered":"Fahrzeugtyp-Zulassung"},"content":{"rendered":"\n<div class=\"wp-block-stackable-call-to-action alignfull stk-block-call-to-action stk-block stk-820ecf8 stk-block-background stk--has-background-overlay\" data-v=\"2\" data-block-id=\"820ecf8\"><style>.stk-820ecf8-inner-blocks{align-items:center !important;justify-content:space-evenly !important;row-gap:0px !important;}.stk-820ecf8 {background-color:linear-gradient(90deg, #006ba1 0%, #7bdcb5 100%) !important;background-image:url(https:\/\/www.optival.com.tr\/wp-content\/uploads\/2024\/08\/Arac-Emniyet-ve-Guvenligi.jpg) !important;background-attachment:fixed !important;min-height:362px !important;align-items:flex-end !important;padding-top:69px !important;padding-right:69px !important;padding-bottom:69px !important;padding-left:69px !important;margin-bottom:30px !important;display:flex !important;}.stk-820ecf8:before{opacity:0.9 !important;background-image:linear-gradient(90deg, #006ba1 0%, #7bdcb5 100%) !important;}.stk-820ecf8 .stk-block-call-to-action__content{min-height:339px !important;}<\/style><div class=\"stk-block-call-to-action__content stk-content-align stk-820ecf8-column alignwide stk-container stk-820ecf8-container stk--no-background stk--no-padding\"><div class=\"has-text-align-center stk--column-flex stk-block-content stk-inner-blocks stk-820ecf8-inner-blocks\">\n<div class=\"wp-block-stackable-text stk-block-text stk-block stk-6af3aab\" data-block-id=\"6af3aab\"><p class=\"stk-block-text__text\"><\/p><\/div>\n\n\n\n<div class=\"wp-block-stackable-heading stk-block-heading stk-block-heading--v2 stk-block stk-4fcdf62\" id=\"arac-tip-onayi-hizmetlerimiz\" data-block-id=\"4fcdf62\"><style>.stk-4fcdf62 .stk-block-heading__text{font-size:48px !important;color:#FFFFFF !important;font-weight:600 !important;font-family:\"Lato\", Sans-serif !important;}@media screen and (max-width:999px){.stk-4fcdf62 .stk-block-heading__text{font-size:48px !important;}}<\/style><h1 class=\"stk-block-heading__text has-text-color has-white-color\">DIENSTLEISTUNGEN F\u00dcR DIE FAHRZEUG-TYPGENEHMIGUNG<\/h1><\/div>\n\n\n\n<div class=\"wp-block-stackable-text stk-block-text stk-block stk-eb0fe6c\" data-block-id=\"eb0fe6c\"><style>.stk-eb0fe6c .stk-block-text__text{text-shadow:none !important;color:#FFFFFF !important;}<\/style><p class=\"stk-block-text__text has-text-color has-white-color\">Informieren Sie sich \u00fcber unsere Dienstleistungen im Bereich der Fahrzeugtypgenehmigung f\u00fcr die Herstellung von Fahrzeugen gem\u00e4\u00df den nationalen und internationalen Vorschriften.  <\/p><\/div>\n\n\n\n<div class=\"wp-block-stackable-button-group stk-block-button-group stk-block stk-7e0f853\" data-block-id=\"7e0f853\"><style>.stk-7e0f853 .stk-button-group{flex-direction:row !important;}@media screen and (max-width:999px){.stk-7e0f853 .stk-button-group{flex-direction:row !important;}}@media screen and (max-width:689px){.stk-7e0f853 .stk-button-group{flex-direction:row !important;}}<\/style><div class=\"stk-row stk-inner-blocks stk-block-content stk-button-group\">\n<div class=\"wp-block-stackable-button stk-block-button stk-block stk-a2437ad\" data-block-id=\"a2437ad\"><style>.stk-a2437ad:hover{opacity:0.8 !important;}.stk-a2437ad .stk-button{padding-right:24px !important;padding-left:24px !important;background:var(--theme-palette-color-2, #009bdd) !important;border-top-left-radius:50px !important;border-top-right-radius:50px !important;border-bottom-right-radius:50px !important;border-bottom-left-radius:50px !important;}.stk-a2437ad .stk-button__inner-text{color:#ffffff !important;}<\/style><a class=\"stk-link stk-button stk--hover-effect-darken\" href=\"\"><span class=\"has-text-color has-black-color stk-button__inner-text\">Anfrage f\u00fcr Informationen und Angebote<\/span><\/a><\/div>\n<\/div><\/div>\n<\/div><\/div><\/div>\n\n<div class=\"wp-block-stackable-columns alignwide stk-block-columns stk-block stk-07e801f\" data-block-id=\"07e801f\"><style>.stk-07e801f {margin-bottom:57px !important;}<\/style><div class=\"stk-row stk-inner-blocks stk-block-content stk-content-align stk-07e801f-column alignwide\">\n<div class=\"wp-block-stackable-column stk-block-column stk-column stk-block stk-dba085f\" data-v=\"4\" data-block-id=\"dba085f\"><div class=\"stk-column-wrapper stk-block-column__content stk-container stk-dba085f-container stk--no-background stk--no-padding\"><div class=\"stk-block-content stk-inner-blocks stk-dba085f-inner-blocks\">\n<div class=\"wp-block-stackable-heading stk-block-heading stk-block-heading--v2 stk-block stk-ae0773e\" id=\"kategori-bazli-arac-tip-onayi-hizmetlerimiz\" data-block-id=\"ae0773e\"><style>.stk-ae0773e .stk-block-heading__text{font-weight:bold !important;font-family:\"Lato\", Sans-serif !important;}<\/style><h2 class=\"stk-block-heading__text has-text-align-left\">Kategoriebasierte Dienste f\u00fcr die Fahrzeugtypgenehmigung<\/h2><\/div>\n\n\n\n<div class=\"wp-block-stackable-columns stk-block-columns stk-block stk-f081da4\" data-block-id=\"f081da4\"><div class=\"stk-row stk-inner-blocks stk-block-content stk-content-align stk-f081da4-column\">\n<div class=\"wp-block-stackable-column stk-block-column stk-column stk-block stk-d382145\" data-v=\"4\" data-block-id=\"d382145\"><style>.stk-d382145-container{box-shadow:7px 5px 30px 0px #139cd687 !important;min-height:400px !important;display:flex !important;}.stk-d382145-inner-blocks{justify-content:center !important;}<\/style><div class=\"stk-column-wrapper stk-block-column__content stk-container stk-d382145-container stk-hover-parent\"><div class=\"has-text-align-center stk-block-content stk-inner-blocks stk-d382145-inner-blocks\">\n<div class=\"wp-block-stackable-number-box stk-block-number-box stk--has-shape stk-block stk-b926f80\" data-block-id=\"b926f80\"><style>.stk-b926f80 .stk-block-number-box__text{height:120px !important;width:120px !important;background-color:#313131 !important;font-family:\"Lato\", Sans-serif !important;}.stk-b926f80 .stk-block-number-box__text:before{background-color:#313131 !important;}.stk-b926f80 {box-shadow:none !important;}<\/style><div class=\"stk-block-number-box__text\" role=\"presentation\">01<\/div><\/div>\n\n\n\n<div class=\"wp-block-stackable-heading stk-block-heading stk-block-heading--v2 stk-block stk-637390b\" id=\"m-kategorisi\" data-block-id=\"637390b\"><style>.stk-637390b .stk-block-heading__text{font-size:40px !important;font-weight:bold !important;font-family:\"Lato\", Sans-serif !important;}@media screen and (max-width:999px){.stk-637390b .stk-block-heading__text{font-size:40px !important;}}<\/style><h2 class=\"stk-block-heading__text\">Kategorie M<\/h2><\/div>\n\n\n\n<div class=\"wp-block-stackable-text stk-block-text stk-block stk-fbb4fca\" data-block-id=\"fbb4fca\"><p class=\"stk-block-text__text\">Wenden Sie sich an uns, um unsere L\u00f6sungen f\u00fcr die Typgenehmigungspr\u00fcfung und Zertifizierung von Autos der Kategorie M1, Wohnwagen sowie Bussen der Kategorien M2 und M3 zu erhalten.  <\/p><\/div>\n<\/div><\/div><\/div>\n\n\n\n<div class=\"wp-block-stackable-column stk-block-column stk-column stk-block stk-c48d60d\" data-v=\"4\" data-block-id=\"c48d60d\"><style>.stk-c48d60d-container{box-shadow:0px 5px 30px 0px #1347d685 !important;display:flex !important;}.stk-c48d60d-inner-blocks{justify-content:center !important;}<\/style><div class=\"stk-column-wrapper stk-block-column__content stk-container stk-c48d60d-container stk-hover-parent\"><div class=\"has-text-align-center stk-block-content stk-inner-blocks stk-c48d60d-inner-blocks\">\n<div class=\"wp-block-stackable-number-box stk-block-number-box stk--has-shape stk-block stk-2a12318\" data-block-id=\"2a12318\"><style>.stk-2a12318 .stk-block-number-box__text{height:120px !important;width:120px !important;background-color:#313131 !important;font-family:\"Lato\", Sans-serif !important;}.stk-2a12318 .stk-block-number-box__text:before{background-color:#313131 !important;}.stk-2a12318 {box-shadow:none !important;}<\/style><div class=\"stk-block-number-box__text\" role=\"presentation\">02<\/div><\/div>\n\n\n\n<div class=\"wp-block-stackable-heading stk-block-heading stk-block-heading--v2 stk-block stk-a0d0bcd\" id=\"n-kategorisi\" data-block-id=\"a0d0bcd\"><style>.stk-a0d0bcd .stk-block-heading__text{font-size:40px !important;font-weight:bold !important;font-family:\"Lato\", Sans-serif !important;}@media screen and (max-width:999px){.stk-a0d0bcd .stk-block-heading__text{font-size:40px !important;}}<\/style><h2 class=\"stk-block-heading__text\">Kategorie N<\/h2><\/div>\n\n\n\n<div class=\"wp-block-stackable-text stk-block-text stk-block stk-270eb03\" data-block-id=\"270eb03\"><p class=\"stk-block-text__text\">Wenden Sie sich an uns, wenn Sie ein komplettes Fahrzeug-Typgenehmigungszertifikat f\u00fcr Transporter der Kategorie N1, Lastwagen der Kategorien N2 und N3 und ein Typgenehmigungszertifikat f\u00fcr die Herstellung von mehrstufigen Aufbauten ben\u00f6tigen.<\/p><\/div>\n<\/div><\/div><\/div>\n\n\n\n<div class=\"wp-block-stackable-column stk-block-column stk-column stk-block stk-6d9a2c5\" data-v=\"4\" data-block-id=\"6d9a2c5\"><style>.stk-6d9a2c5-container{box-shadow:0px 2px 20px 0px #2513d68a !important;display:flex !important;}.stk-6d9a2c5-inner-blocks{justify-content:center !important;}<\/style><div class=\"stk-column-wrapper stk-block-column__content stk-container stk-6d9a2c5-container stk-hover-parent\"><div class=\"has-text-align-center stk-block-content stk-inner-blocks stk-6d9a2c5-inner-blocks\">\n<div class=\"wp-block-stackable-number-box stk-block-number-box stk--has-shape stk-block stk-146b84a\" data-block-id=\"146b84a\"><style>.stk-146b84a .stk-block-number-box__text{height:120px !important;width:120px !important;background-color:#313131 !important;font-family:\"Lato\", Sans-serif !important;}.stk-146b84a .stk-block-number-box__text:before{background-color:#313131 !important;}<\/style><div class=\"stk-block-number-box__text\" role=\"presentation\">03<\/div><\/div>\n\n\n\n<div class=\"wp-block-stackable-heading stk-block-heading stk-block-heading--v2 stk-block stk-d1e2815\" id=\"o-kategorisi\" data-block-id=\"d1e2815\"><style>.stk-d1e2815 .stk-block-heading__text{font-size:40px !important;font-weight:bold !important;font-family:\"Lato\", Sans-serif !important;}@media screen and (max-width:999px){.stk-d1e2815 .stk-block-heading__text{font-size:40px !important;}}<\/style><h2 class=\"stk-block-heading__text\">O Kategorie<\/h2><\/div>\n\n\n\n<div class=\"wp-block-stackable-text stk-block-text stk-block stk-0f52562\" data-block-id=\"0f52562\"><p class=\"stk-block-text__text\">Zulassungszertifikat f\u00fcr leichte Anh\u00e4nger der Kategorien O1, O2, Wohnwagen, Tiny House und Anh\u00e4nger der Kategorien O3, O4  <\/p><\/div>\n<\/div><\/div><\/div>\n<\/div><\/div>\n\n\n\n<div class=\"wp-block-stackable-columns stk-block-columns stk-block stk-4915ecc\" data-block-id=\"4915ecc\"><div class=\"stk-row stk-inner-blocks stk-block-content stk-content-align stk-4915ecc-column\">\n<div class=\"wp-block-stackable-column stk-block-column stk-column stk-block stk-16af2e9\" data-v=\"4\" data-block-id=\"16af2e9\"><style>.stk-16af2e9-container{box-shadow:0px 2px 20px 0px #c90a0a59 !important;min-height:400px !important;display:flex !important;}.stk-16af2e9-inner-blocks{justify-content:center !important;}<\/style><div class=\"stk-column-wrapper stk-block-column__content stk-container stk-16af2e9-container stk-hover-parent\"><div class=\"has-text-align-center stk-block-content stk-inner-blocks stk-16af2e9-inner-blocks\">\n<div class=\"wp-block-stackable-number-box stk-block-number-box stk--has-shape stk-block stk-e82aced\" data-block-id=\"e82aced\"><style>.stk-e82aced .stk-block-number-box__text{height:120px !important;width:120px !important;background-color:#313131 !important;font-family:\"Lato\", Sans-serif !important;}.stk-e82aced .stk-block-number-box__text:before{background-color:#313131 !important;}<\/style><div class=\"stk-block-number-box__text\" role=\"presentation\">04<\/div><\/div>\n\n\n\n<div class=\"wp-block-stackable-heading stk-block-heading stk-block-heading--v2 stk-block stk-3cf1297\" id=\"t-kategorisi\" data-block-id=\"3cf1297\"><style>.stk-3cf1297 .stk-block-heading__text{font-size:40px !important;font-weight:bold !important;font-family:\"Lato\", Sans-serif !important;}@media screen and (max-width:999px){.stk-3cf1297 .stk-block-heading__text{font-size:40px !important;}}<\/style><h2 class=\"stk-block-heading__text\">T Kategorie<\/h2><\/div>\n\n\n\n<div class=\"wp-block-stackable-text stk-block-text stk-block stk-8309fd2\" data-block-id=\"8309fd2\"><p class=\"stk-block-text__text\">Lernen Sie unsere L\u00f6sungen f\u00fcr die Pr\u00fcf- und Zertifizierungsprozesse kennen, die f\u00fcr die Bauartgenehmigung von Traktoren der Kategorie T erforderlich sind.<\/p><\/div>\n<\/div><\/div><\/div>\n\n\n\n<div class=\"wp-block-stackable-column stk-block-column stk-column stk-block stk-fe7ab97\" data-v=\"4\" data-block-id=\"fe7ab97\"><style>.stk-fe7ab97-container{box-shadow:0px 2px 20px 0px #c9970a59 !important;display:flex !important;}.stk-fe7ab97-inner-blocks{justify-content:center !important;}<\/style><div class=\"stk-column-wrapper stk-block-column__content stk-container stk-fe7ab97-container stk-hover-parent\"><div class=\"has-text-align-center stk-block-content stk-inner-blocks stk-fe7ab97-inner-blocks\">\n<div class=\"wp-block-stackable-number-box stk-block-number-box stk--has-shape stk-block stk-feb5aaa\" data-block-id=\"feb5aaa\"><style>.stk-feb5aaa .stk-block-number-box__text{height:120px !important;width:120px !important;background-color:#313131 !important;font-family:\"Lato\", Sans-serif !important;}.stk-feb5aaa .stk-block-number-box__text:before{background-color:#313131 !important;}<\/style><div class=\"stk-block-number-box__text\" role=\"presentation\">05<\/div><\/div>\n\n\n\n<div class=\"wp-block-stackable-heading stk-block-heading stk-block-heading--v2 stk-block stk-47c5a25\" id=\"r-ve-s-kategorisi\" data-block-id=\"47c5a25\"><style>.stk-47c5a25 .stk-block-heading__text{font-size:40px !important;font-weight:bold !important;font-family:\"Lato\", Sans-serif !important;}@media screen and (max-width:999px){.stk-47c5a25 .stk-block-heading__text{font-size:40px !important;}}<\/style><h2 class=\"stk-block-heading__text\">R und S Kategorie<\/h2><\/div>\n\n\n\n<div class=\"wp-block-stackable-text stk-block-text stk-block stk-c5e3fc8\" data-block-id=\"c5e3fc8\"><p class=\"stk-block-text__text\">Sichern Sie Ihre Produktion mit unseren Pr\u00fcf- und Zertifizierungsl\u00f6sungen im Rahmen von Typengenehmigungsverfahren f\u00fcr landwirtschaftliche Anh\u00e4nger und landwirtschaftliche Arbeitsger\u00e4te.<\/p><\/div>\n<\/div><\/div><\/div>\n\n\n\n<div class=\"wp-block-stackable-column stk-block-column stk-column stk-block stk-a15c3c9\" data-v=\"4\" data-block-id=\"a15c3c9\"><style>.stk-a15c3c9-container{box-shadow:0px 2px 20px 0px #c9360a59 !important;display:flex !important;}.stk-a15c3c9-inner-blocks{justify-content:center !important;}<\/style><div class=\"stk-column-wrapper stk-block-column__content stk-container stk-a15c3c9-container stk-hover-parent\"><div class=\"has-text-align-center stk-block-content stk-inner-blocks stk-a15c3c9-inner-blocks\">\n<div class=\"wp-block-stackable-number-box stk-block-number-box stk--has-shape stk-block stk-f0eeb65\" data-block-id=\"f0eeb65\"><style>.stk-f0eeb65 .stk-block-number-box__text{height:120px !important;width:120px !important;background-color:#313131 !important;font-family:\"Lato\", Sans-serif !important;}.stk-f0eeb65 .stk-block-number-box__text:before{background-color:#313131 !important;}<\/style><div class=\"stk-block-number-box__text\" role=\"presentation\">06<\/div><\/div>\n\n\n\n<div class=\"wp-block-stackable-heading stk-block-heading stk-block-heading--v2 stk-block stk-397082c\" id=\"l-kategorisi\" data-block-id=\"397082c\"><style>.stk-397082c .stk-block-heading__text{font-size:40px !important;font-weight:bold !important;font-family:\"Lato\", Sans-serif !important;}@media screen and (max-width:999px){.stk-397082c .stk-block-heading__text{font-size:40px !important;}}<\/style><h2 class=\"stk-block-heading__text\">Kategorie L<\/h2><\/div>\n\n\n\n<div class=\"wp-block-stackable-text stk-block-text stk-block stk-5c4e465\" data-block-id=\"5c4e465\"><p class=\"stk-block-text__text\">Die Optival-Experten f\u00fcr Homologationsverfahren f\u00fcr Motorr\u00e4der und Mopeds der Kategorie L stehen Ihnen bei Ihren Pr\u00fcf- und Zertifizierungsverfahren zur Seite!<\/p><\/div>\n<\/div><\/div><\/div>\n<\/div><\/div>\n<\/div><\/div><\/div>\n<\/div><\/div>\n\n<div class=\"wp-block-stackable-call-to-action alignfull stk-block-call-to-action stk-block stk-ae2089b stk-block-background stk--has-background-overlay\" data-v=\"2\" data-block-id=\"ae2089b\"><style>.stk-ae2089b {background-color:linear-gradient(to top, #e6e9f0 0%, #eef1f5 100%) !important;min-height:500px !important;align-items:center !important;display:flex !important;}.stk-ae2089b:before{background-image:linear-gradient(to top, #e6e9f0 0%, #eef1f5 100%) !important;}<\/style><div class=\"stk-block-call-to-action__content stk-content-align stk-ae2089b-column alignwide stk-container stk-ae2089b-container stk--no-background stk--no-padding\"><div class=\"has-text-align-left stk-block-content stk-inner-blocks stk-ae2089b-inner-blocks\">\n<div class=\"wp-block-stackable-heading stk-block-heading stk-block-heading--v2 stk-block stk-5230fff\" id=\"ulusal-ve-avrupa-birligi-tip-onay-belgesi\" data-block-id=\"5230fff\"><style>.stk-5230fff .stk-block-heading__text{font-weight:bold !important;font-family:\"Lato\", Sans-serif !important;}<\/style><h2 class=\"stk-block-heading__text\">Nationales und EU-Typenzertifikat<\/h2><\/div>\n\n\n\n<div class=\"wp-block-stackable-text stk-block-text stk-block stk-da7b3cb\" data-block-id=\"da7b3cb\"><p class=\"stk-block-text__text\">Wir bieten Dienstleistungen als akkreditierter technischer Dienst in den Prozessen AITM Serial Modification, National Type Approval und AITM Individual Vehicle Approval in Ihren Produktionen f\u00fcr den heimischen Markt.<\/p><\/div>\n\n\n\n<div class=\"wp-block-stackable-text stk-block-text stk-block stk-90c6bf3\" data-block-id=\"90c6bf3\"><p class=\"stk-block-text__text\">Mit unseren L\u00f6sungen f\u00fcr EU-Typgenehmigungszertifikate agieren wir als L\u00f6sungspartner mit unseren fachkundigen Mitarbeitern sowohl f\u00fcr Ihre nationalen als auch f\u00fcr Ihre Exportziele!<\/p><\/div>\n\n\n\n<div class=\"wp-block-stackable-button-group stk-block-button-group stk-block stk-00e102b\" data-block-id=\"00e102b\"><style>.stk-00e102b .stk-button-group{flex-direction:row !important;}@media screen and (max-width:999px){.stk-00e102b .stk-button-group{flex-direction:row !important;}}@media screen and (max-width:689px){.stk-00e102b .stk-button-group{flex-direction:row !important;}}<\/style><div class=\"stk-row stk-inner-blocks stk-block-content stk-button-group\">\n<div class=\"wp-block-stackable-button stk-block-button stk-block stk-b2e2d66\" data-block-id=\"b2e2d66\"><style>.stk-b2e2d66 .stk-button{padding-right:32px !important;padding-left:32px !important;background:var(--theme-palette-color-4, #23414e) !important;border-top-left-radius:50px !important;border-top-right-radius:50px !important;border-bottom-right-radius:50px !important;border-bottom-left-radius:50px !important;}.stk-b2e2d66 .stk-button__inner-text{font-size:18px !important;font-family:\"Lato\", Sans-serif !important;}@media screen and (max-width:999px){.stk-b2e2d66 .stk-button__inner-text{font-size:18px !important;}}<\/style><a class=\"stk-link stk-button stk--hover-effect-darken\" href=\"https:\/\/www.optival.com.tr\/de\/kontaktieren-sie-uns\/\"><span class=\"stk-button__inner-text\">Kontaktieren Sie uns f\u00fcr das Typengenehmigungszertifikat<\/span><\/a><\/div>\n\n\n\n<div class=\"wp-block-stackable-button stk-block-button is-style-ghost stk-block stk-dc6e70d\" data-block-id=\"dc6e70d\"><style>.stk-dc6e70d .stk-button{padding-right:32px !important;padding-left:32px !important;background:transparent !important;border-top-left-radius:50px !important;border-top-right-radius:50px !important;border-bottom-right-radius:50px !important;border-bottom-left-radius:50px !important;}.stk-dc6e70d .stk-button:hover:after{background:transparent !important;opacity:1 !important;}:where(.stk-hover-parent:hover,  .stk-hover-parent.stk--is-hovered) .stk-dc6e70d .stk-button:after{background:transparent !important;opacity:1 !important;}.stk-dc6e70d .stk-button:before{border-style:solid !important;border-color:var(--theme-palette-color-4, #23414e) !important;}.stk-dc6e70d .stk-button .stk--inner-svg svg:last-child, .stk-dc6e70d .stk-button .stk--inner-svg svg:last-child :is(g, path, rect, polygon, ellipse){fill:var(--theme-palette-color-4, #23414e) !important;}.stk-dc6e70d .stk-button__inner-text{font-size:18px !important;color:var(--theme-palette-color-4, #23414e) !important;font-family:\"Lato\", Sans-serif !important;}@media screen and (max-width:999px){.stk-dc6e70d .stk-button__inner-text{font-size:18px !important;}}<\/style><a class=\"stk-link stk-button stk--hover-effect-darken\" href=\"https:\/\/tr.linkedin.com\/company\/optival-testing-certification\" target=\"_blank\" rel=\"noopener\"><span class=\"has-text-color stk-button__inner-text\">Optival auf LinkedIn<\/span><\/a><\/div>\n<\/div><\/div>\n<\/div><\/div><\/div>\n","protected":false},"excerpt":{"rendered":"<p>Sehen Sie sich unsere L\u00f6sungen f\u00fcr die Pr\u00fcfung und Zertifizierung von Fahrzeugtypen der Kategorien M, N, O, T, R, S und L an.<\/p>\n","protected":false},"author":1,"featured_media":648,"parent":0,"menu_order":0,"comment_status":"closed","ping_status":"closed","template":"","meta":{"_gspb_post_css":"","_uag_custom_page_level_css":"","footnotes":""},"class_list":["post-1045","page","type-page","status-publish","has-post-thumbnail","hentry"],"blocksy_meta":{"vertical_spacing_source":"custom","content_area_spacing":"bottom","disable_featured_image":"yes","has_hero_section":"disabled","styles_descriptor":{"styles":{"desktop":"","tablet":"","mobile":""},"google_fonts":[],"version":6}},"uagb_featured_image_src":{"full":["https:\/\/www.optival.com.tr\/wp-content\/uploads\/2024\/05\/Arac-Tip-Onayi.jpg",1920,1080,false],"thumbnail":["https:\/\/www.optival.com.tr\/wp-content\/uploads\/2024\/05\/Arac-Tip-Onayi-150x150.jpg",150,150,true],"medium":["https:\/\/www.optival.com.tr\/wp-content\/uploads\/2024\/05\/Arac-Tip-Onayi-300x169.jpg",300,169,true],"medium_large":["https:\/\/www.optival.com.tr\/wp-content\/uploads\/2024\/05\/Arac-Tip-Onayi-768x432.jpg",768,432,true],"large":["https:\/\/www.optival.com.tr\/wp-content\/uploads\/2024\/05\/Arac-Tip-Onayi-1024x576.jpg",1024,576,true],"1536x1536":["https:\/\/www.optival.com.tr\/wp-content\/uploads\/2024\/05\/Arac-Tip-Onayi-1536x864.jpg",1536,864,true],"2048x2048":["https:\/\/www.optival.com.tr\/wp-content\/uploads\/2024\/05\/Arac-Tip-Onayi.jpg",1920,1080,false]},"uagb_author_info":{"display_name":"optival_8yofdn","author_link":"https:\/\/www.optival.com.tr\/de\/author\/optival_8yofdn\/"},"uagb_comment_info":0,"uagb_excerpt":"Sehen Sie sich unsere L\u00f6sungen f\u00fcr die Pr\u00fcfung und Zertifizierung von Fahrzeugtypen der Kategorien M, N, O, T, R, S und L an.","_links":{"self":[{"href":"https:\/\/www.optival.com.tr\/de\/wp-json\/wp\/v2\/pages\/1045","targetHints":{"allow":["GET"]}}],"collection":[{"href":"https:\/\/www.optival.com.tr\/de\/wp-json\/wp\/v2\/pages"}],"about":[{"href":"https:\/\/www.optival.com.tr\/de\/wp-json\/wp\/v2\/types\/page"}],"author":[{"embeddable":true,"href":"https:\/\/www.optival.com.tr\/de\/wp-json\/wp\/v2\/users\/1"}],"replies":[{"embeddable":true,"href":"https:\/\/www.optival.com.tr\/de\/wp-json\/wp\/v2\/comments?post=1045"}],"version-history":[{"count":2,"href":"https:\/\/www.optival.com.tr\/de\/wp-json\/wp\/v2\/pages\/1045\/revisions"}],"predecessor-version":[{"id":1050,"href":"https:\/\/www.optival.com.tr\/de\/wp-json\/wp\/v2\/pages\/1045\/revisions\/1050"}],"wp:featuredmedia":[{"embeddable":true,"href":"https:\/\/www.optival.com.tr\/de\/wp-json\/wp\/v2\/media\/648"}],"wp:attachment":[{"href":"https:\/\/www.optival.com.tr\/de\/wp-json\/wp\/v2\/media?parent=1045"}],"curies":[{"name":"wp","href":"https:\/\/api.w.org\/{rel}","templated":true}]}}