{"id":1053,"date":"2024-05-23T23:05:33","date_gmt":"2024-05-23T20:05:33","guid":{"rendered":"https:\/\/www.optival.com.tr\/kvkk-erlauterungstext\/"},"modified":"2025-01-21T20:57:05","modified_gmt":"2025-01-21T17:57:05","slug":"kvkk-erlauterungstext","status":"publish","type":"page","link":"https:\/\/www.optival.com.tr\/de\/kvkk-erlauterungstext\/","title":{"rendered":"KVKK Erl\u00e4uterungstext"},"content":{"rendered":"\n<h2 class=\"wp-block-heading\"><strong>Klarstellungstext zum Schutz personenbezogener Daten<\/strong><\/h2>\n\n<p><strong>1. die Identit\u00e4t des f\u00fcr die Datenverarbeitung Verantwortlichen<\/strong><\/p>\n\n<p>Als OPT\u0130VAL BELGELEND\u0130RME H\u0130ZMETLER\u0130 ANON\u0130M \u015e\u0130RKET\u0130 legen wir gro\u00dfen Wert auf die Sicherheit Ihrer pers\u00f6nlichen Daten. Mit diesem Text m\u00f6chten wir Sie dar\u00fcber informieren, wie Ihre personenbezogenen Daten im Rahmen des Gesetzes Nr. 6698 zum Schutz personenbezogener Daten (KVKK) verarbeitet werden. <\/p>\n\n<h4 class=\"wp-block-heading\"><strong>2. zwecke der Verarbeitung personenbezogener Daten<\/strong><\/h4>\n\n<p>Ihre pers\u00f6nlichen Daten k\u00f6nnen f\u00fcr die folgenden Zwecke verarbeitet werden:<\/p>\n\n<ul class=\"wp-block-list\">\n<li>Bereitstellung und Verbesserung unserer Dienstleistungen,<\/li>\n\n\n\n<li>Steigerung der Kundenzufriedenheit,<\/li>\n\n\n\n<li>Erf\u00fcllung der gesetzlichen Verpflichtungen,<\/li>\n\n\n\n<li>Durchf\u00fchrung von Marketing- und Analyset\u00e4tigkeiten.<\/li>\n\n\n\n<li>Entgegennahme und Verwaltung von Bewerbungen<\/li>\n<\/ul>\n\n<h4 class=\"wp-block-heading\"><strong>3. verarbeitete personenbezogene Daten<\/strong><\/h4>\n\n<p>Ihre pers\u00f6nlichen Daten werden wie folgt erfasst und verarbeitet:<\/p>\n\n<p>&#8211; Angaben zur Identifizierung (Vorname, Nachname),<\/p>\n\n<p>&#8211; Grundlegende Unternehmensinformationen (Titel, Adresse, Kontaktdaten, T\u00e4tigkeitsbereich usw.)<\/p>\n\n<p>&#8211; Kontaktinformationen (Telefonnummer, E-Mail-Adresse, Anschrift usw.),<\/p>\n\n<p>&#8211; Sonstiges (beruflicher Werdegang, Bildungsinformationen usw.).<\/p>\n\n<p><strong>4. die \u00dcbermittlung von personenbezogenen Daten<\/strong><\/p>\n\n<p>Ihre pers\u00f6nlichen Daten k\u00f6nnen an gesetzlich autorisierte \u00f6ffentliche Einrichtungen und Organisationen, unsere Gesch\u00e4ftspartner, Lieferanten und Dienstleister \u00fcbermittelt werden, jedoch nur f\u00fcr die angegebenen Zwecke.<\/p>\n\n<p><strong>5 Methode und Rechtsgrundlagen f\u00fcr die Erhebung von personenbezogenen Daten<\/strong><\/p>\n\n<p>Ihre pers\u00f6nlichen Daten k\u00f6nnen elektronisch oder physisch erfasst werden. Die Verarbeitung dieser Daten erfolgt auf der Grundlage der in Artikel 5 und 6 des KVKK genannten Rechtsgrundlagen.   <\/p>\n\n<p><strong>6. die Rechte der betroffenen Personen<\/strong><\/p>\n\n<p>Gem\u00e4\u00df Artikel 11 der BVG-Richtlinie haben Sie als betroffene Person die folgenden Rechte <\/p>\n\n<p>&#8211; Um zu erfahren, ob Ihre pers\u00f6nlichen Daten verarbeitet werden,<\/p>\n\n<p>&#8211; Fordern Sie Informationen an, wenn Ihre pers\u00f6nlichen Daten verarbeitet wurden,<\/p>\n\n<p>&#8211; Um zu erfahren, zu welchem Zweck Ihre pers\u00f6nlichen Daten verarbeitet werden und ob sie in \u00dcbereinstimmung mit diesen Zwecken verwendet werden,<\/p>\n\n<p>&#8211; die Dritten zu kennen, an die Ihre pers\u00f6nlichen Daten im In- oder Ausland \u00fcbermittelt werden,<\/p>\n\n<p>&#8211; die Berichtigung Ihrer pers\u00f6nlichen Daten im Falle einer unvollst\u00e4ndigen oder falschen Verarbeitung zu verlangen,<\/p>\n\n<p>&#8211; Um die L\u00f6schung oder Vernichtung Ihrer pers\u00f6nlichen Daten im Rahmen von Artikel 7 des KVKK zu beantragen, <\/p>\n\n<p>&#8211; Um eine Benachrichtigung \u00fcber die Berichtigung, L\u00f6schung oder Vernichtung Ihrer pers\u00f6nlichen Daten an Dritte zu beantragen, an die Ihre pers\u00f6nlichen Daten weitergegeben wurden,<\/p>\n\n<p>&#8211; Einspruch gegen ein Ergebnis zu Ihren Ungunsten erheben, indem Sie die verarbeiteten Daten ausschlie\u00dflich durch automatisierte Systeme analysieren lassen,<\/p>\n\n<p>&#8211; Schadensersatz zu verlangen, wenn Sie aufgrund einer unrechtm\u00e4\u00dfigen Verarbeitung Ihrer pers\u00f6nlichen Daten einen Schaden erleiden.<\/p>\n\n<p><strong>7. kommunikation<\/strong><\/p>\n\n<p>F\u00fcr alle Fragen und W\u00fcnsche in Bezug auf Ihre pers\u00f6nlichen Daten k\u00f6nnen Sie uns \u00fcber die unten stehenden Kontaktinformationen kontaktieren:<\/p>\n\n<p>&#8211; Adresse: EVLIIA \u00c7ELEBI MAH. K\u00dcME SK. NR:2 C\/15 TUZLA<\/p>\n\n<p>&#8211; Telefon: +90 850 755 6784<\/p>\n\n<p>&#8211; E-Mail: info@optival.com.tr  <\/p>\n\n<p>Sie k\u00f6nnen auch <a href=\"https:\/\/www.optival.com.tr\/de\/kontaktieren-sie-uns\/\" data-type=\"page\" data-id=\"64\">das Kontaktformular<\/a> verwenden.<\/p>\n","protected":false},"excerpt":{"rendered":"<p>Als OPT\u0130VAL BELGELEND\u0130RME H\u0130ZMETLER\u0130 ANON\u0130M \u015e\u0130RKET\u0130 legen wir gro\u00dfen Wert auf die Sicherheit Ihrer pers\u00f6nlichen Daten. Mit diesem Text m\u00f6chten wir Sie dar\u00fcber informieren, wie Ihre personenbezogenen Daten im Rahmen des Gesetzes Nr. 6698 zum Schutz personenbezogener Daten (KVKK) verarbeitet werden. <\/p>\n","protected":false},"author":1,"featured_media":678,"parent":0,"menu_order":0,"comment_status":"closed","ping_status":"closed","template":"","meta":{"_gspb_post_css":"","_uag_custom_page_level_css":"","footnotes":""},"class_list":["post-1053","page","type-page","status-publish","has-post-thumbnail","hentry"],"blocksy_meta":{"has_hero_section":"enabled","hero_section":"type-2","hero_elements":[{"id":"custom_title","enabled":false,"heading_tag":"h1","title":"Home","__id":"rHuxL8ugbVexvtsj3SdWu"},{"id":"custom_description","enabled":false,"description_visibility":{"desktop":true,"tablet":true,"mobile":false},"__id":"48bTd8qHxEvLsn92R3SoK"},{"id":"custom_meta","enabled":false,"meta_elements":[{"id":"author","enabled":true,"label":"By","has_author_avatar":"yes","avatar_size":25},{"id":"post_date","enabled":true,"label":"On","date_format_source":"default","date_format":"M j, Y"},{"id":"updated_date","enabled":false,"label":"On","date_format_source":"default","date_format":"M j, Y"},{"id":"categories","enabled":false,"label":"In","style":"simple"},{"id":"comments","enabled":true}],"page_meta_elements":{"joined":true,"articles_count":true,"comments":true},"__id":"7jualzE_gO6ii--7vtYyV"},{"id":"breadcrumbs","enabled":false,"__id":"5yuxU5e6Q7ohyerKt4Qgz"}],"styles_descriptor":{"styles":{"desktop":"[data-prefix=\"single_page\"] .entry-header .page-title {--theme-font-size:30px;} [data-prefix=\"single_page\"] .entry-header .entry-meta {--theme-font-weight:600;--theme-text-transform:uppercase;--theme-font-size:12px;--theme-line-height:1.3;} [data-prefix=\"single_page\"] .hero-section[data-type=\"type-2\"] {--min-height:800px;background-color:var(--theme-palette-color-6);background-image:none;--container-padding:50px 0px;}","tablet":"","mobile":""},"google_fonts":[],"version":6},"hero_height":{"desktop":"800px","tablet":"800px","mobile":"800px"}},"uagb_featured_image_src":{"full":["https:\/\/www.optival.com.tr\/wp-content\/uploads\/2024\/05\/KVKK.webp",1920,1080,false],"thumbnail":["https:\/\/www.optival.com.tr\/wp-content\/uploads\/2024\/05\/KVKK-150x150.webp",150,150,true],"medium":["https:\/\/www.optival.com.tr\/wp-content\/uploads\/2024\/05\/KVKK-300x169.webp",300,169,true],"medium_large":["https:\/\/www.optival.com.tr\/wp-content\/uploads\/2024\/05\/KVKK-768x432.webp",768,432,true],"large":["https:\/\/www.optival.com.tr\/wp-content\/uploads\/2024\/05\/KVKK-1024x576.webp",1024,576,true],"1536x1536":["https:\/\/www.optival.com.tr\/wp-content\/uploads\/2024\/05\/KVKK-1536x864.webp",1536,864,true],"2048x2048":["https:\/\/www.optival.com.tr\/wp-content\/uploads\/2024\/05\/KVKK.webp",1920,1080,false]},"uagb_author_info":{"display_name":"optival_8yofdn","author_link":"https:\/\/www.optival.com.tr\/de\/author\/optival_8yofdn\/"},"uagb_comment_info":0,"uagb_excerpt":"Als OPT\u0130VAL BELGELEND\u0130RME H\u0130ZMETLER\u0130 ANON\u0130M \u015e\u0130RKET\u0130 legen wir gro\u00dfen Wert auf die Sicherheit Ihrer pers\u00f6nlichen Daten. Mit diesem Text m\u00f6chten wir Sie dar\u00fcber informieren, wie Ihre personenbezogenen Daten im Rahmen des Gesetzes Nr. 6698 zum Schutz personenbezogener Daten (KVKK) verarbeitet werden.","_links":{"self":[{"href":"https:\/\/www.optival.com.tr\/de\/wp-json\/wp\/v2\/pages\/1053","targetHints":{"allow":["GET"]}}],"collection":[{"href":"https:\/\/www.optival.com.tr\/de\/wp-json\/wp\/v2\/pages"}],"about":[{"href":"https:\/\/www.optival.com.tr\/de\/wp-json\/wp\/v2\/types\/page"}],"author":[{"embeddable":true,"href":"https:\/\/www.optival.com.tr\/de\/wp-json\/wp\/v2\/users\/1"}],"replies":[{"embeddable":true,"href":"https:\/\/www.optival.com.tr\/de\/wp-json\/wp\/v2\/comments?post=1053"}],"version-history":[{"count":2,"href":"https:\/\/www.optival.com.tr\/de\/wp-json\/wp\/v2\/pages\/1053\/revisions"}],"predecessor-version":[{"id":1056,"href":"https:\/\/www.optival.com.tr\/de\/wp-json\/wp\/v2\/pages\/1053\/revisions\/1056"}],"wp:featuredmedia":[{"embeddable":true,"href":"https:\/\/www.optival.com.tr\/de\/wp-json\/wp\/v2\/media\/678"}],"wp:attachment":[{"href":"https:\/\/www.optival.com.tr\/de\/wp-json\/wp\/v2\/media?parent=1053"}],"curies":[{"name":"wp","href":"https:\/\/api.w.org\/{rel}","templated":true}]}}