{"id":780,"date":"2024-05-23T23:02:44","date_gmt":"2024-05-23T20:02:44","guid":{"rendered":"https:\/\/www.optival.com.tr\/erklarung-zur-unabhangigkeit-unparteilichkeit-und-verschwiegenheit-der-geschaftsleitung\/"},"modified":"2026-01-06T18:08:57","modified_gmt":"2026-01-06T15:08:57","slug":"erklarung-zur-unabhangigkeit-unparteilichkeit-und-verschwiegenheit-der-geschaftsleitung","status":"publish","type":"page","link":"https:\/\/www.optival.com.tr\/de\/erklarung-zur-unabhangigkeit-unparteilichkeit-und-verschwiegenheit-der-geschaftsleitung\/","title":{"rendered":"Erkl\u00e4rung zur Unabh\u00e4ngigkeit, Unparteilichkeit und Verschwiegenheit der Gesch\u00e4ftsleitung"},"content":{"rendered":"\n<div data-wp-interactive=\"core\/file\" class=\"wp-block-file\"><object data-wp-bind--hidden=\"!state.hasPdfPreview\" hidden class=\"wp-block-file__embed\" data=\"https:\/\/www.optival.com.tr\/wp-content\/uploads\/2024\/10\/Optival-Bagimsizlik-Tarafsizlik-Operasyonel-Butunluk-ve-Gizlilik-Beyan.pdf\" type=\"application\/pdf\" style=\"width:100%;height:1500px\" aria-label=\"Einbettung von Optival Ba\u011f\u0131ms\u0131zl\u0131k, Tarafs\u0131zl\u0131k, Operasyonel B\u00fct\u00fcnl\u00fck ve Gizlilik Beyan....\"><\/object><a id=\"wp-block-file--media-5df964be-86b0-42c1-ba76-7b909847dfef\" href=\"https:\/\/www.optival.com.tr\/wp-content\/uploads\/2024\/10\/Optival-Bagimsizlik-Tarafsizlik-Operasyonel-Butunluk-ve-Gizlilik-Beyan.pdf\">Optival Erkl\u00e4rung zu Unabh\u00e4ngigkeit, Unparteilichkeit, operativer Integrit\u00e4t und Vertraulichkeit<\/a><a href=\"https:\/\/www.optival.com.tr\/wp-content\/uploads\/2024\/10\/Optival-Bagimsizlik-Tarafsizlik-Operasyonel-Butunluk-ve-Gizlilik-Beyan.pdf\" class=\"wp-block-file__button wp-element-button\" download=\"\" aria-describedby=\"wp-block-file--media-5df964be-86b0-42c1-ba76-7b909847dfef\">Herunterladen<\/a><\/div>\n\n<div data-wp-interactive=\"core\/file\" class=\"wp-block-file\"><object data-wp-bind--hidden=\"!state.hasPdfPreview\" hidden class=\"wp-block-file__embed\" data=\"https:\/\/www.optival.com.tr\/wp-content\/uploads\/2026\/01\/Optival-Bagimsizlik-Tarafsizlik-Operasyonel-Butunluk-ve-Gizlilik-Beyani_rev03.pdf\" type=\"application\/pdf\" style=\"width:100%;height:1480px\" aria-label=\"Einbettung von Optival Bag\u0306\u0131ms\u0131zl\u0131k, Tarafs\u0131zl\u0131k, Operasyonel Bu\u0308tu\u0308nlu\u0308k ve Gizlilik Beyan\u0131_rev03.\"><\/object><a id=\"wp-block-file--media-0c257f52-e396-4b00-9c03-d766895880c9\" href=\"https:\/\/www.optival.com.tr\/wp-content\/uploads\/2026\/01\/Optival-Bagimsizlik-Tarafsizlik-Operasyonel-Butunluk-ve-Gizlilik-Beyani_rev03.pdf\">Optival-Erkl\u00e4rung zu Unabh\u00e4ngigkeit, Unparteilichkeit, operativer Integrit\u00e4t und Vertraulichkeit_rev03<\/a><a href=\"https:\/\/www.optival.com.tr\/wp-content\/uploads\/2026\/01\/Optival-Bagimsizlik-Tarafsizlik-Operasyonel-Butunluk-ve-Gizlilik-Beyani_rev03.pdf\" class=\"wp-block-file__button wp-element-button\" download=\"\" aria-describedby=\"wp-block-file--media-0c257f52-e396-4b00-9c03-d766895880c9\">Herunterladen<\/a><\/div>\n","protected":false},"excerpt":{"rendered":"","protected":false},"author":1,"featured_media":680,"parent":0,"menu_order":0,"comment_status":"closed","ping_status":"closed","template":"","meta":{"_gspb_post_css":"","_uag_custom_page_level_css":"","footnotes":""},"class_list":["post-780","page","type-page","status-publish","has-post-thumbnail","hentry"],"blocksy_meta":{"has_hero_section":"enabled","hero_section":"type-2","hero_elements":[{"id":"custom_title","enabled":false,"heading_tag":"h1","title":"Home","__id":"vjeUK0IGpCxE_KxMuDi5o"},{"id":"custom_description","enabled":false,"description_visibility":{"desktop":true,"tablet":true,"mobile":false},"__id":"78PuDzWpgvCL9Dn0GMEXe"},{"id":"custom_meta","enabled":false,"meta_elements":[{"id":"author","enabled":true,"label":"By","has_author_avatar":"yes","avatar_size":25},{"id":"post_date","enabled":true,"label":"On","date_format_source":"default","date_format":"M j, Y"},{"id":"updated_date","enabled":false,"label":"On","date_format_source":"default","date_format":"M j, Y"},{"id":"categories","enabled":false,"label":"In","style":"simple"},{"id":"comments","enabled":true}],"page_meta_elements":{"joined":true,"articles_count":true,"comments":true},"__id":"v3jh1HzkAWFm6u50wDEUt"},{"id":"breadcrumbs","enabled":false,"__id":"Z8mKlSJL2fM3Qivi0uYXs"}],"styles_descriptor":{"styles":{"desktop":"[data-prefix=\"single_page\"] .entry-header .page-title {--theme-font-size:30px;} [data-prefix=\"single_page\"] .entry-header .entry-meta {--theme-font-weight:600;--theme-text-transform:uppercase;--theme-font-size:12px;--theme-line-height:1.3;} [data-prefix=\"single_page\"] .hero-section[data-type=\"type-2\"] {--min-height:800px;background-color:var(--theme-palette-color-6);background-image:none;--container-padding:50px 0px;}","tablet":"","mobile":""},"google_fonts":[],"version":6},"hero_height":{"desktop":"800px","tablet":"800px","mobile":"800px"}},"uagb_featured_image_src":{"full":["https:\/\/www.optival.com.tr\/wp-content\/uploads\/2024\/05\/Ust-Yonetim-Beyani.webp",1920,1080,false],"thumbnail":["https:\/\/www.optival.com.tr\/wp-content\/uploads\/2024\/05\/Ust-Yonetim-Beyani-150x150.webp",150,150,true],"medium":["https:\/\/www.optival.com.tr\/wp-content\/uploads\/2024\/05\/Ust-Yonetim-Beyani-300x169.webp",300,169,true],"medium_large":["https:\/\/www.optival.com.tr\/wp-content\/uploads\/2024\/05\/Ust-Yonetim-Beyani-768x432.webp",768,432,true],"large":["https:\/\/www.optival.com.tr\/wp-content\/uploads\/2024\/05\/Ust-Yonetim-Beyani-1024x576.webp",1024,576,true],"1536x1536":["https:\/\/www.optival.com.tr\/wp-content\/uploads\/2024\/05\/Ust-Yonetim-Beyani-1536x864.webp",1536,864,true],"2048x2048":["https:\/\/www.optival.com.tr\/wp-content\/uploads\/2024\/05\/Ust-Yonetim-Beyani.webp",1920,1080,false]},"uagb_author_info":{"display_name":"optival_8yofdn","author_link":"https:\/\/www.optival.com.tr\/de\/author\/optival_8yofdn\/"},"uagb_comment_info":0,"uagb_excerpt":null,"_links":{"self":[{"href":"https:\/\/www.optival.com.tr\/de\/wp-json\/wp\/v2\/pages\/780","targetHints":{"allow":["GET"]}}],"collection":[{"href":"https:\/\/www.optival.com.tr\/de\/wp-json\/wp\/v2\/pages"}],"about":[{"href":"https:\/\/www.optival.com.tr\/de\/wp-json\/wp\/v2\/types\/page"}],"author":[{"embeddable":true,"href":"https:\/\/www.optival.com.tr\/de\/wp-json\/wp\/v2\/users\/1"}],"replies":[{"embeddable":true,"href":"https:\/\/www.optival.com.tr\/de\/wp-json\/wp\/v2\/comments?post=780"}],"version-history":[{"count":3,"href":"https:\/\/www.optival.com.tr\/de\/wp-json\/wp\/v2\/pages\/780\/revisions"}],"predecessor-version":[{"id":1842,"href":"https:\/\/www.optival.com.tr\/de\/wp-json\/wp\/v2\/pages\/780\/revisions\/1842"}],"wp:featuredmedia":[{"embeddable":true,"href":"https:\/\/www.optival.com.tr\/de\/wp-json\/wp\/v2\/media\/680"}],"wp:attachment":[{"href":"https:\/\/www.optival.com.tr\/de\/wp-json\/wp\/v2\/media?parent=780"}],"curies":[{"name":"wp","href":"https:\/\/api.w.org\/{rel}","templated":true}]}}