{"id":792,"date":"2024-05-23T23:04:11","date_gmt":"2024-05-23T20:04:11","guid":{"rendered":"https:\/\/www.optival.com.tr\/unsere-vision\/"},"modified":"2025-01-21T20:53:44","modified_gmt":"2025-01-21T17:53:44","slug":"unsere-vision","status":"publish","type":"page","link":"https:\/\/www.optival.com.tr\/de\/unsere-vision\/","title":{"rendered":"Unsere Vision"},"content":{"rendered":"\n<div class=\"wp-block-stackable-hero alignfull stk-block-hero stk-has-bottom-separator stk-block stk-08a909b stk-block-background stk--has-background-overlay\" data-v=\"2\" data-block-id=\"08a909b\"><style>.stk-08a909b{background-color:#000000 !important;background-image:url(https:\/\/www.optival.com.tr\/wp-content\/uploads\/2024\/05\/Vizyon.webp) !important;min-height:900px !important;align-items:center !important;display:flex !important}.stk-08a909b:before{background-color:#000000 !important;opacity:0 !important}.stk-08a909b .stk-block-hero__content{min-height:500px !important;align-items:center !important;display:flex !important}<\/style><div class=\"stk-block-hero__content stk-content-align stk-08a909b-column alignwide stk-container stk-08a909b-container stk--no-background stk--no-padding\"><div class=\"stk-block-content stk-inner-blocks has-text-align-center stk-08a909b-inner-blocks\"><\/div><\/div><div class=\"stk-separator stk-separator__bottom\"><div class=\"stk-separator__wrapper\"><svg xmlns=\"http:\/\/www.w3.org\/2000\/svg\" viewBox=\"0 0 1600 200\" class=\"stk-separator__layer-1\" preserveAspectRatio=\"none\" aria-hidden=\"true\"><path class=\"slant-2_svg__st1\" d=\"M1610 39.2V209H-10V39.2l810 118.9 810-118.9z\"><\/path><\/svg><\/div><\/div><\/div>\n\n<p><strong>Unsere Vision<\/strong> ist es, einen positiven Beitrag zum Qualit\u00e4ts- und Sicherheitsempfinden der Gesellschaft in den Regionen, in denen wir t\u00e4tig sind, zu leisten, indem wir als f\u00fchrende Organisation in den Sektoren, in denen wir t\u00e4tig sind, die Standards des Sektors setzen.<\/p>\n","protected":false},"excerpt":{"rendered":"<p>Unsere Vision ist es, einen positiven Beitrag zum Qualit\u00e4ts- und Sicherheitsempfinden der Gesellschaft in den Regionen, in denen wir t\u00e4tig sind, zu leisten, indem wir als f\u00fchrende Organisation in den Sektoren, in denen wir t\u00e4tig sind, die Standards des Sektors setzen.<\/p>\n","protected":false},"author":1,"featured_media":0,"parent":0,"menu_order":0,"comment_status":"closed","ping_status":"closed","template":"","meta":{"_gspb_post_css":"","_uag_custom_page_level_css":"","footnotes":""},"class_list":["post-792","page","type-page","status-publish","hentry"],"blocksy_meta":{"disable_featured_image":"yes","vertical_spacing_source":"custom","content_area_spacing":"bottom","content_style_source":"custom","has_hero_section":"disabled","styles_descriptor":{"styles":{"desktop":"[data-prefix=\"single_page\"] [class*=\"ct-container\"] > article[class*=\"post\"] {--has-boxed:var(--false);--has-wide:var(--true);}","tablet":"","mobile":""},"google_fonts":[],"version":6}},"uagb_featured_image_src":{"full":false,"thumbnail":false,"medium":false,"medium_large":false,"large":false,"1536x1536":false,"2048x2048":false},"uagb_author_info":{"display_name":"optival_8yofdn","author_link":"https:\/\/www.optival.com.tr\/de\/author\/optival_8yofdn\/"},"uagb_comment_info":0,"uagb_excerpt":"Unsere Vision ist es, einen positiven Beitrag zum Qualit\u00e4ts- und Sicherheitsempfinden der Gesellschaft in den Regionen, in denen wir t\u00e4tig sind, zu leisten, indem wir als f\u00fchrende Organisation in den Sektoren, in denen wir t\u00e4tig sind, die Standards des Sektors setzen.","_links":{"self":[{"href":"https:\/\/www.optival.com.tr\/de\/wp-json\/wp\/v2\/pages\/792","targetHints":{"allow":["GET"]}}],"collection":[{"href":"https:\/\/www.optival.com.tr\/de\/wp-json\/wp\/v2\/pages"}],"about":[{"href":"https:\/\/www.optival.com.tr\/de\/wp-json\/wp\/v2\/types\/page"}],"author":[{"embeddable":true,"href":"https:\/\/www.optival.com.tr\/de\/wp-json\/wp\/v2\/users\/1"}],"replies":[{"embeddable":true,"href":"https:\/\/www.optival.com.tr\/de\/wp-json\/wp\/v2\/comments?post=792"}],"version-history":[{"count":2,"href":"https:\/\/www.optival.com.tr\/de\/wp-json\/wp\/v2\/pages\/792\/revisions"}],"predecessor-version":[{"id":796,"href":"https:\/\/www.optival.com.tr\/de\/wp-json\/wp\/v2\/pages\/792\/revisions\/796"}],"wp:attachment":[{"href":"https:\/\/www.optival.com.tr\/de\/wp-json\/wp\/v2\/media?parent=792"}],"curies":[{"name":"wp","href":"https:\/\/api.w.org\/{rel}","templated":true}]}}