{"id":930,"date":"2024-08-26T22:58:56","date_gmt":"2024-08-26T19:58:56","guid":{"rendered":"https:\/\/www.optival.com.tr\/sort-und-fahrzeugtests\/"},"modified":"2025-09-16T23:47:52","modified_gmt":"2025-09-16T20:47:52","slug":"sort-und-fahrzeugtests","status":"publish","type":"page","link":"https:\/\/www.optival.com.tr\/de\/sort-und-fahrzeugtests\/","title":{"rendered":"SORT und Fahrzeugtests"},"content":{"rendered":"\n<div class=\"wp-block-stackable-hero alignfull stk-block-hero stk-block stk-08a909b stk-block-background stk--has-background-overlay\" data-v=\"2\" data-block-id=\"08a909b\"><style>.stk-08a909b {background-color:#000000 !important;background-image:url(https:\/\/www.optival.com.tr\/wp-content\/uploads\/2024\/08\/SORT-ve-Arac-Testleri.jpg) !important;min-height:900px !important;align-items:center !important;display:flex !important;}.stk-08a909b:before{background-color:#000000 !important;opacity:0.7 !important;}.stk-08a909b .stk-block-hero__content{min-height:500px !important;align-items:center !important;display:flex !important;}<\/style><div class=\"stk-block-hero__content stk-content-align stk-08a909b-column alignwide stk-container stk-08a909b-container stk--no-background stk--no-padding\"><div class=\"stk-block-content stk-inner-blocks has-text-align-center stk-08a909b-inner-blocks\">\n<div class=\"wp-block-stackable-heading stk-block-heading stk-block-heading--v2 stk-block stk-c15fb3c\" id=\"strong-strong-sort-testleri-standart-yol-testi-hizmetleri-strong-strong\" data-block-id=\"c15fb3c\"><style>.stk-c15fb3c {margin-bottom:50px !important;}.stk-c15fb3c .stk-block-heading__text{font-size:48px !important;color:#FFFFFF !important;font-weight:300 !important;font-family:\"IBM Plex Sans\", Sans-serif !important;}@media screen and (max-width:999px){.stk-c15fb3c .stk-block-heading__text{font-size:48px !important;}}<\/style><h1 class=\"stk-block-heading__text has-text-color has-white-color\"><strong><strong>SORT-Tests &#8211; Standardisierte Tests f\u00fcr den Stra\u00dfenverkehr<\/strong><\/strong><\/h1><\/div>\n\n\n\n<div class=\"wp-block-stackable-text stk-block-text stk-block stk-cb47353\" data-block-id=\"cb47353\"><style>.stk-cb47353 .stk-block-text__text{color:#FFFFFF !important;}<\/style><p class=\"stk-block-text__text has-text-color has-white-color\">Die zuverl\u00e4ssige Messung des Kraftstoffverbrauchs und des Emissionsverhaltens von schweren Fahrzeugen und Bussen ist entscheidend f\u00fcr Entscheidungen, die auf genauen technischen Daten beruhen.<\/p><\/div>\n\n\n\n<div class=\"wp-block-stackable-button-group stk-block-button-group stk-block stk-89d9702\" data-block-id=\"89d9702\"><div class=\"stk-row stk-inner-blocks stk-block-content stk-button-group\">\n<div class=\"wp-block-stackable-button stk-block-button stk-block stk-1a15986\" data-block-id=\"1a15986\"><style>.stk-1a15986 .stk-button{padding-right:32px !important;padding-left:32px !important;background:var(--theme-palette-color-2, #009bdd) !important;}.stk-1a15986 .stk-button__inner-text{font-family:\"IBM Plex Sans\", Sans-serif !important;}<\/style><a class=\"stk-link stk-button stk--hover-effect-darken\" href=\"https:\/\/www.optival.com.tr\/de\/kontaktieren-sie-uns\/\"><span class=\"stk-button__inner-text\">Kontakt zu unseren Experten<\/span><\/a><\/div>\n<\/div><\/div>\n<\/div><\/div><\/div>\n\n<p>Die zuverl\u00e4ssige Messung des Kraftstoffverbrauchs und des Emissionsverhaltens von schweren Fahrzeugen und Bussen ist entscheidend f\u00fcr Entscheidungen, die auf genauen technischen Daten beruhen. Die zu diesem Zweck durchgef\u00fchrten <strong>SORT-Tests (Standardised On-Road Tests)<\/strong> liefern den Herstellern und autorisierten Institutionen standardisierte, zuverl\u00e4ssige und technisch verifizierte Messergebnisse. <\/p>\n\n<p><strong><strong>Zu welchem Zweck?<\/strong><\/strong><\/p>\n\n<p>Mit SORT-Tests:<\/p>\n\n<ul class=\"wp-block-list\">\n<li>Der Kraftstoffverbrauch wird unter realen Verkehrs- und Lastbedingungen gemessen,<\/li>\n\n\n\n<li>Die Reaktion verschiedener Motor-, Getriebe- und Antriebsstrangsysteme auf Fahrszenarien wird verglichen,<\/li>\n\n\n\n<li>Die Auswirkungen neuer Hardware- oder Software-Updates werden mit numerischen Daten bewertet,<\/li>\n\n\n\n<li>Die technische Infrastruktur wird f\u00fcr Entscheidungsmechanismen wie Homologation, Flotteneffizienz und Anbietervergleich bereitgestellt.<\/li>\n<\/ul>\n\n<p><strong>Angewandte Testarten<\/strong><\/p>\n\n<figure class=\"wp-block-table\"><table><thead><tr><th>Test Typ<\/th><th>Beschreibung<\/th><\/tr><\/thead><tbody><tr><td><strong>SORT 1<\/strong><\/td><td>Fahrbedingungen in der Stadt (niedrige Geschwindigkeit &#8211; h\u00e4ufiges Anhalten\/Anfahren)<\/td><\/tr><tr><td><strong>SORT 2<\/strong><\/td><td>St\u00e4dtische \/ l\u00e4ndliche Stra\u00dfenverh\u00e4ltnisse (mittlere Geschwindigkeit)<\/td><\/tr><tr><td><strong>SORT 3<\/strong><\/td><td>Fahrszenario auf der Autobahn (hohe Geschwindigkeit)<\/td><\/tr><\/tbody><\/table><\/figure>\n\n<p><strong>Optival&#8217;s Beitr\u00e4ge<\/strong><\/p>\n\n<ul class=\"wp-block-list\">\n<li>Planung von SORT-Tests, Entwurf von Fahrszenarien und Routenoptimierung<\/li>\n\n\n\n<li>Analyse nach dem Test, Visualisierung und technische Berichterstattung<\/li>\n\n\n\n<li>Spezialisierte L\u00f6sungen f\u00fcr besondere Anforderungen von Ausschreibungsauftr\u00e4gen (z. B. WLTP-Tests f\u00fcr schwere Fahrzeuge)<\/li>\n<\/ul>\n\n<p>Sie k\u00f6nnen Optival <a href=\"https:\/\/www.optival.com.tr\/de\/kontaktieren-sie-uns\/\" data-type=\"page\" data-id=\"64\">kontaktieren<\/a>, um einen speziellen SORT-Testplan und ein Angebot f\u00fcr Ihr Projekt zu erhalten.<\/p>\n","protected":false},"excerpt":{"rendered":"<p>SORT-Tests &#8211; Standardisierte Tests f\u00fcr den Stra\u00dfenverkehr Die zuverl\u00e4ssige Messung des Kraftstoffverbrauchs und des Emissionsverhaltens von schweren Fahrzeugen und Bussen ist entscheidend f\u00fcr Entscheidungen, die auf genauen technischen Daten beruhen. Kontakt zu unseren Experten Die zuverl\u00e4ssige Messung des Kraftstoffverbrauchs und des Emissionsverhaltens von schweren Fahrzeugen und Bussen ist entscheidend f\u00fcr Entscheidungen, die auf genauen technischen [&hellip;]<\/p>\n","protected":false},"author":1,"featured_media":0,"parent":0,"menu_order":0,"comment_status":"closed","ping_status":"closed","template":"","meta":{"_gspb_post_css":"","_uag_custom_page_level_css":"","footnotes":""},"class_list":["post-930","page","type-page","status-publish","hentry"],"blocksy_meta":{"has_hero_section":"disabled","vertical_spacing_source":"custom","content_area_spacing":"bottom","styles_descriptor":{"styles":{"desktop":"","tablet":"","mobile":""},"google_fonts":[],"version":6}},"uagb_featured_image_src":{"full":false,"thumbnail":false,"medium":false,"medium_large":false,"large":false,"1536x1536":false,"2048x2048":false},"uagb_author_info":{"display_name":"optival_8yofdn","author_link":"https:\/\/www.optival.com.tr\/de\/author\/optival_8yofdn\/"},"uagb_comment_info":0,"uagb_excerpt":"SORT-Tests &#8211; Standardisierte Tests f\u00fcr den Stra\u00dfenverkehr Die zuverl\u00e4ssige Messung des Kraftstoffverbrauchs und des Emissionsverhaltens von schweren Fahrzeugen und Bussen ist entscheidend f\u00fcr Entscheidungen, die auf genauen technischen Daten beruhen. Kontakt zu unseren Experten Die zuverl\u00e4ssige Messung des Kraftstoffverbrauchs und des Emissionsverhaltens von schweren Fahrzeugen und Bussen ist entscheidend f\u00fcr Entscheidungen, die auf genauen technischen&hellip;","_links":{"self":[{"href":"https:\/\/www.optival.com.tr\/de\/wp-json\/wp\/v2\/pages\/930","targetHints":{"allow":["GET"]}}],"collection":[{"href":"https:\/\/www.optival.com.tr\/de\/wp-json\/wp\/v2\/pages"}],"about":[{"href":"https:\/\/www.optival.com.tr\/de\/wp-json\/wp\/v2\/types\/page"}],"author":[{"embeddable":true,"href":"https:\/\/www.optival.com.tr\/de\/wp-json\/wp\/v2\/users\/1"}],"replies":[{"embeddable":true,"href":"https:\/\/www.optival.com.tr\/de\/wp-json\/wp\/v2\/comments?post=930"}],"version-history":[{"count":4,"href":"https:\/\/www.optival.com.tr\/de\/wp-json\/wp\/v2\/pages\/930\/revisions"}],"predecessor-version":[{"id":1471,"href":"https:\/\/www.optival.com.tr\/de\/wp-json\/wp\/v2\/pages\/930\/revisions\/1471"}],"wp:attachment":[{"href":"https:\/\/www.optival.com.tr\/de\/wp-json\/wp\/v2\/media?parent=930"}],"curies":[{"name":"wp","href":"https:\/\/api.w.org\/{rel}","templated":true}]}}