{"id":937,"date":"2024-08-26T22:18:43","date_gmt":"2024-08-26T19:18:43","guid":{"rendered":"https:\/\/www.optival.com.tr\/software-update\/"},"modified":"2025-09-15T22:48:21","modified_gmt":"2025-09-15T19:48:21","slug":"software-update","status":"publish","type":"page","link":"https:\/\/www.optival.com.tr\/de\/software-update\/","title":{"rendered":"Software Update"},"content":{"rendered":"\n<div class=\"wp-block-stackable-hero alignfull stk-block-hero stk-has-bottom-separator stk-block stk-08a909b stk-block-background stk--has-background-overlay\" data-v=\"2\" data-block-id=\"08a909b\"><style>.stk-08a909b {background-color:#000000 !important;background-image:url(https:\/\/www.optival.com.tr\/wp-content\/uploads\/2025\/09\/Yazilim-Guncelleme-ECE-R156.webp) !important;min-height:900px !important;align-items:center !important;margin-bottom:0px !important;display:flex !important;}.stk-08a909b:before{background-color:#000000 !important;opacity:0.8 !important;}.stk-08a909b .stk-block-hero__content{min-height:500px !important;align-items:center !important;display:flex !important;}<\/style><div class=\"stk-block-hero__content stk-content-align stk-08a909b-column alignwide stk-container stk-08a909b-container stk--no-background stk--no-padding\"><div class=\"stk-block-content stk-inner-blocks has-text-align-center stk-08a909b-inner-blocks\">\n<div class=\"wp-block-stackable-heading stk-block-heading stk-block-heading--v2 stk-block stk-c15fb3c\" id=\"strong-iso-24089-amp-ece-r-156-br-yazilim-guncelleme-strong\" data-block-id=\"c15fb3c\"><style>.stk-c15fb3c {margin-bottom:43px !important;}.stk-c15fb3c .stk-block-heading__text{font-size:51px !important;color:#FFFFFF !important;font-weight:300 !important;font-family:\"IBM Plex Sans\", Sans-serif !important;}@media screen and (max-width:999px){.stk-c15fb3c .stk-block-heading__text{font-size:50px !important;}}<\/style><h1 class=\"stk-block-heading__text has-text-color has-white-color\"><strong><br\/>ISO 24089 &amp; ECE R156 SOFTWARE UPDATE<\/strong><\/h1><\/div>\n\n\n\n<div class=\"wp-block-stackable-text stk-block-text stk-block stk-cb47353\" data-block-id=\"cb47353\"><style>.stk-cb47353 .stk-block-text__text{color:#FFFFFF !important;}<\/style><p class=\"stk-block-text__text has-text-color has-white-color\"><br\/>Die zunehmenden Cyber-Bedrohungen und die zunehmende Systemkomplexit\u00e4t in der Automobilindustrie haben dazu gef\u00fchrt, dass Software-Updates nicht nur im Hinblick auf die Funktionalit\u00e4t, sondern auch auf die Sicherheit und die Einhaltung gesetzlicher Vorschriften von entscheidender Bedeutung sind.<\/p><\/div>\n\n\n\n<div class=\"wp-block-stackable-button-group stk-block-button-group stk-block stk-89d9702\" data-block-id=\"89d9702\"><div class=\"stk-row stk-inner-blocks stk-block-content stk-button-group\">\n<div class=\"wp-block-stackable-button stk-block-button stk-block stk-1a15986\" data-block-id=\"1a15986\"><style>.stk-1a15986 .stk-button{padding-right:32px !important;padding-left:32px !important;background:var(--theme-palette-color-2, #009bdd) !important;}.stk-1a15986 .stk-button__inner-text{font-family:\"IBM Plex Sans\", Sans-serif !important;}<\/style><a class=\"stk-link stk-button stk--hover-effect-darken\" href=\"https:\/\/www.optival.com.tr\/de\/kontaktieren-sie-uns\/\"><span class=\"stk-button__inner-text\">Detaillierte Informationen und Angebotsanfrage<\/span><\/a><\/div>\n<\/div><\/div>\n<\/div><\/div><div class=\"stk-separator stk-separator__bottom\"><div class=\"stk-separator__wrapper\"><svg xmlns=\"http:\/\/www.w3.org\/2000\/svg\" viewBox=\"0 0 1600 200\" class=\"stk-separator__layer-1\" preserveAspectRatio=\"none\" aria-hidden=\"true\"><path class=\"slant-1_svg__st2\" d=\"M-10 210h1620V.5L-10 183.9z\"><\/path><\/svg><\/div><\/div><\/div>\n\n<p>Die in Fahrzeugen verwendeten Steuersysteme und elektronischen Komponenten haben eine dynamische Struktur, die sich mit der Software st\u00e4ndig weiterentwickelt. Die zunehmenden Cyber-Bedrohungen und die Komplexit\u00e4t der Systeme in der Automobilindustrie haben dazu gef\u00fchrt, dass Software-Updates nicht nur im Hinblick auf die Funktionalit\u00e4t, sondern auch auf die Sicherheit und die Einhaltung gesetzlicher Vorschriften ein kritisches Element darstellen. <\/p>\n\n<p>Die UNECE R156-Verordnung und die ISO 24089-Norm definieren, wie Software-Update-Prozesse vom Hersteller verwaltet werden sollten und wie diese Prozesse auf nachvollziehbare, sichere und \u00fcberpr\u00fcfbare Weise durchgef\u00fchrt werden sollten. In diesem Zusammenhang bietet Optival sichere L\u00f6sungen zur Verwaltung und \u00dcberpr\u00fcfung von Software-Updates f\u00fcr Fahrzeughersteller und Systemanbieter. <\/p>\n\n<h3 class=\"wp-block-heading\" id=\"regulasyonlara-uyum-unece-r156\"><strong>Einhaltung der gesetzlichen Vorschriften: UNECE R156<\/strong><\/h3>\n\n<p>UNECE R156 besagt, dass Software-Updates w\u00e4hrend des gesamten Lebenszyklus eines Fahrzeugs durchgef\u00fchrt werden:<\/p>\n\n<ul class=\"wp-block-list\">\n<li>Sicher,<\/li>\n\n\n\n<li>R\u00fcckverfolgbar,<\/li>\n\n\n\n<li>Autorisiert<\/li>\n\n\n\n<li>Dokumentierbar<\/li>\n<\/ul>\n\n<p>so durchgef\u00fchrt werden, dass sie obligatorisch ist. W\u00e4hrend des Typgenehmigungsverfahrens m\u00fcssen die Hersteller ein Software-Update-Management-System (SUMS) mit einer Konformit\u00e4tsbescheinigung (CoC) installiert haben. <\/p>\n\n<h3 class=\"wp-block-heading\" id=\"hizmet-kapsamimiz\"><strong>Unser Leistungsumfang<\/strong><\/h3>\n\n<p>Optival bietet professionelle Dienstleistungen in den folgenden Bereichen in Bezug auf Software-Updates:<\/p>\n\n<ul class=\"wp-block-list\">\n<li>Sensibilisierungsschulungen,<\/li>\n\n\n\n<li>Unterst\u00fctzung bei der SUMS-Installation,<\/li>\n\n\n\n<li>Unterst\u00fctzung der RXSWIN-Code-Identifikation,<\/li>\n\n\n\n<li>Audit des Softwareaktualisierungsprozesses (SU Audit) und Produktaudit (SU Assessment),<\/li>\n\n\n\n<li>Software-Update-Tests,<\/li>\n\n\n\n<li>Unterst\u00fctzung bei Typgenehmigungsverfahren.<\/li>\n<\/ul>\n\n<div class=\"wp-block-uagb-container uagb-block-qfblos6n alignfull uagb-is-root-container\"><div class=\"uagb-container-inner-blocks-wrap\">\n<div class=\"wp-block-uagb-info-box uagb-block-27d9tlue uagb-infobox__content-wrap  uagb-infobox-icon-above-title uagb-infobox-image-valign-top\"><div class=\"uagb-ifb-content\"><div class=\"uagb-ifb-icon-wrap\"><svg xmlns=\"https:\/\/www.w3.org\/2000\/svg\" viewbox=\"0 0 512 512\"><path d=\"M0 256C0 114.6 114.6 0 256 0C397.4 0 512 114.6 512 256C512 397.4 397.4 512 256 512C114.6 512 0 397.4 0 256zM371.8 211.8C382.7 200.9 382.7 183.1 371.8 172.2C360.9 161.3 343.1 161.3 332.2 172.2L224 280.4L179.8 236.2C168.9 225.3 151.1 225.3 140.2 236.2C129.3 247.1 129.3 264.9 140.2 275.8L204.2 339.8C215.1 350.7 232.9 350.7 243.8 339.8L371.8 211.8z\"><\/path><\/svg><\/div><div class=\"uagb-ifb-title-wrap\"><h3 class=\"uagb-ifb-title\">Warum Optival?<\/h3><\/div><p class=\"uagb-ifb-desc\">Optival wurde von einem Team von Experten f\u00fcr Produktentwicklung, Pr\u00fcfung und Zertifizierung in der Automobilindustrie gegr\u00fcndet und ist auch im Bereich der Pr\u00fcf- und Zertifizierungsdienstleistungen t\u00e4tig.  <br\/><\/p><\/div><\/div>\n\n\n\n<div class=\"wp-block-uagb-container uagb-block-liqci5pg\">\n<div class=\"wp-block-uagb-info-box uagb-block-koghw58x uagb-infobox__content-wrap  uagb-infobox-icon-above-title uagb-infobox-image-valign-top\"><div class=\"uagb-ifb-content\"><div class=\"uagb-ifb-icon-wrap\"><svg xmlns=\"https:\/\/www.w3.org\/2000\/svg\" viewbox=\"0 0 448 512\"><path d=\"M438.6 105.4C451.1 117.9 451.1 138.1 438.6 150.6L182.6 406.6C170.1 419.1 149.9 419.1 137.4 406.6L9.372 278.6C-3.124 266.1-3.124 245.9 9.372 233.4C21.87 220.9 42.13 220.9 54.63 233.4L159.1 338.7L393.4 105.4C405.9 92.88 426.1 92.88 438.6 105.4H438.6z\"><\/path><\/svg><\/div><div class=\"uagb-ifb-title-wrap\"><h3 class=\"uagb-ifb-title\">Technisches Fachwissen<\/h3><\/div><p class=\"uagb-ifb-desc\">Technisches Fachwissen und Projekterfahrung unter UNECE R156<\/p><div class=\"uagb-ifb-separator\"><\/div><\/div><\/div>\n\n\n\n<div class=\"wp-block-uagb-info-box uagb-block-2aqtb9he uagb-infobox__content-wrap  uagb-infobox-icon-above-title uagb-infobox-image-valign-top\"><div class=\"uagb-ifb-content\"><div class=\"uagb-ifb-icon-wrap\"><svg xmlns=\"https:\/\/www.w3.org\/2000\/svg\" viewbox=\"0 0 448 512\"><path d=\"M438.6 105.4C451.1 117.9 451.1 138.1 438.6 150.6L182.6 406.6C170.1 419.1 149.9 419.1 137.4 406.6L9.372 278.6C-3.124 266.1-3.124 245.9 9.372 233.4C21.87 220.9 42.13 220.9 54.63 233.4L159.1 338.7L393.4 105.4C405.9 92.88 426.1 92.88 438.6 105.4H438.6z\"><\/path><\/svg><\/div><div class=\"uagb-ifb-title-wrap\"><h3 class=\"uagb-ifb-title\">Integrierte Auswertung<\/h3><\/div><p class=\"uagb-ifb-desc\">Bewertung von Software-Updates in Verbindung mit funktionaler Sicherheit und Cybersicherheit<\/p><div class=\"uagb-ifb-separator\"><\/div><\/div><\/div>\n\n\n\n<div class=\"wp-block-uagb-info-box uagb-block-f9nvyirb uagb-infobox__content-wrap  uagb-infobox-icon-above-title uagb-infobox-image-valign-top\"><div class=\"uagb-ifb-content\"><div class=\"uagb-ifb-icon-wrap\"><svg xmlns=\"https:\/\/www.w3.org\/2000\/svg\" viewbox=\"0 0 448 512\"><path d=\"M438.6 105.4C451.1 117.9 451.1 138.1 438.6 150.6L182.6 406.6C170.1 419.1 149.9 419.1 137.4 406.6L9.372 278.6C-3.124 266.1-3.124 245.9 9.372 233.4C21.87 220.9 42.13 220.9 54.63 233.4L159.1 338.7L393.4 105.4C405.9 92.88 426.1 92.88 438.6 105.4H438.6z\"><\/path><\/svg><\/div><div class=\"uagb-ifb-title-wrap\"><h3 class=\"uagb-ifb-title\">Vollst\u00e4ndig Kompatibel<\/h3><\/div><p class=\"uagb-ifb-desc\">Regulatorische Arbeitsabl\u00e4ufe, Testergebnisse und Berichtsformate<\/p><div class=\"uagb-ifb-separator\"><\/div><\/div><\/div>\n\n\n\n<div class=\"wp-block-uagb-info-box uagb-block-52eba4a2 uagb-infobox__content-wrap  uagb-infobox-icon-above-title uagb-infobox-image-valign-top\"><div class=\"uagb-ifb-content\"><div class=\"uagb-ifb-icon-wrap\"><svg xmlns=\"https:\/\/www.w3.org\/2000\/svg\" viewbox=\"0 0 448 512\"><path d=\"M438.6 105.4C451.1 117.9 451.1 138.1 438.6 150.6L182.6 406.6C170.1 419.1 149.9 419.1 137.4 406.6L9.372 278.6C-3.124 266.1-3.124 245.9 9.372 233.4C21.87 220.9 42.13 220.9 54.63 233.4L159.1 338.7L393.4 105.4C405.9 92.88 426.1 92.88 438.6 105.4H438.6z\"><\/path><\/svg><\/div><div class=\"uagb-ifb-title-wrap\"><h3 class=\"uagb-ifb-title\">Schnell und planvoll<\/h3><\/div><p class=\"uagb-ifb-desc\">Schnelle Planung und Aktionen<\/p><div class=\"uagb-ifb-separator\"><\/div><\/div><\/div>\n<\/div>\n<\/div><\/div>\n","protected":false},"excerpt":{"rendered":"<p>ISO 24089 &amp; ECE R156 SOFTWARE UPDATE Die zunehmenden Cyber-Bedrohungen und die zunehmende Systemkomplexit\u00e4t in der Automobilindustrie haben dazu gef\u00fchrt, dass Software-Updates nicht nur im Hinblick auf die Funktionalit\u00e4t, sondern auch auf die Sicherheit und die Einhaltung gesetzlicher Vorschriften von entscheidender Bedeutung sind. Detaillierte Informationen und Angebotsanfrage Die in Fahrzeugen verwendeten Steuersysteme und elektronischen Komponenten [&hellip;]<\/p>\n","protected":false},"author":1,"featured_media":1435,"parent":0,"menu_order":0,"comment_status":"closed","ping_status":"closed","template":"","meta":{"_gspb_post_css":"","_uag_custom_page_level_css":"","footnotes":""},"class_list":["post-937","page","type-page","status-publish","has-post-thumbnail","hentry"],"blocksy_meta":{"vertical_spacing_source":"custom","content_area_spacing":"bottom","has_hero_section":"disabled","styles_descriptor":{"styles":{"desktop":"","tablet":"","mobile":""},"google_fonts":[],"version":6}},"uagb_featured_image_src":{"full":["https:\/\/www.optival.com.tr\/wp-content\/uploads\/2025\/09\/Yazilim-Guncelleme-ECE-R156.webp",1920,1080,false],"thumbnail":["https:\/\/www.optival.com.tr\/wp-content\/uploads\/2025\/09\/Yazilim-Guncelleme-ECE-R156-150x150.webp",150,150,true],"medium":["https:\/\/www.optival.com.tr\/wp-content\/uploads\/2025\/09\/Yazilim-Guncelleme-ECE-R156-300x169.webp",300,169,true],"medium_large":["https:\/\/www.optival.com.tr\/wp-content\/uploads\/2025\/09\/Yazilim-Guncelleme-ECE-R156-768x432.webp",768,432,true],"large":["https:\/\/www.optival.com.tr\/wp-content\/uploads\/2025\/09\/Yazilim-Guncelleme-ECE-R156-1024x576.webp",1024,576,true],"1536x1536":["https:\/\/www.optival.com.tr\/wp-content\/uploads\/2025\/09\/Yazilim-Guncelleme-ECE-R156-1536x864.webp",1536,864,true],"2048x2048":["https:\/\/www.optival.com.tr\/wp-content\/uploads\/2025\/09\/Yazilim-Guncelleme-ECE-R156.webp",1920,1080,false]},"uagb_author_info":{"display_name":"optival_8yofdn","author_link":"https:\/\/www.optival.com.tr\/de\/author\/optival_8yofdn\/"},"uagb_comment_info":0,"uagb_excerpt":"ISO 24089 &amp; ECE R156 SOFTWARE UPDATE Die zunehmenden Cyber-Bedrohungen und die zunehmende Systemkomplexit\u00e4t in der Automobilindustrie haben dazu gef\u00fchrt, dass Software-Updates nicht nur im Hinblick auf die Funktionalit\u00e4t, sondern auch auf die Sicherheit und die Einhaltung gesetzlicher Vorschriften von entscheidender Bedeutung sind. Detaillierte Informationen und Angebotsanfrage Die in Fahrzeugen verwendeten Steuersysteme und elektronischen Komponenten&hellip;","_links":{"self":[{"href":"https:\/\/www.optival.com.tr\/de\/wp-json\/wp\/v2\/pages\/937","targetHints":{"allow":["GET"]}}],"collection":[{"href":"https:\/\/www.optival.com.tr\/de\/wp-json\/wp\/v2\/pages"}],"about":[{"href":"https:\/\/www.optival.com.tr\/de\/wp-json\/wp\/v2\/types\/page"}],"author":[{"embeddable":true,"href":"https:\/\/www.optival.com.tr\/de\/wp-json\/wp\/v2\/users\/1"}],"replies":[{"embeddable":true,"href":"https:\/\/www.optival.com.tr\/de\/wp-json\/wp\/v2\/comments?post=937"}],"version-history":[{"count":6,"href":"https:\/\/www.optival.com.tr\/de\/wp-json\/wp\/v2\/pages\/937\/revisions"}],"predecessor-version":[{"id":1444,"href":"https:\/\/www.optival.com.tr\/de\/wp-json\/wp\/v2\/pages\/937\/revisions\/1444"}],"wp:featuredmedia":[{"embeddable":true,"href":"https:\/\/www.optival.com.tr\/de\/wp-json\/wp\/v2\/media\/1435"}],"wp:attachment":[{"href":"https:\/\/www.optival.com.tr\/de\/wp-json\/wp\/v2\/media?parent=937"}],"curies":[{"name":"wp","href":"https:\/\/api.w.org\/{rel}","templated":true}]}}