{"id":968,"date":"2024-05-23T23:11:50","date_gmt":"2024-05-23T20:11:50","guid":{"rendered":"https:\/\/www.optival.com.tr\/karriere\/"},"modified":"2025-01-21T20:56:12","modified_gmt":"2025-01-21T17:56:12","slug":"karriere","status":"publish","type":"page","link":"https:\/\/www.optival.com.tr\/de\/karriere\/","title":{"rendered":"Karriere"},"content":{"rendered":"\n<div class=\"wp-block-stackable-columns alignfull stk-block-columns stk-has-bottom-separator stk-block stk-051c937 stk-block-background stk--has-background-overlay\" data-block-id=\"051c937\"><style>.stk-051c937{background-color:#313131 !important;background-image:url(https:\/\/www.optival.com.tr\/wp-content\/uploads\/2024\/05\/Kariyer.jpg) !important;background-attachment:fixed !important;min-height:1000px !important;align-items:center !important;margin-bottom:79px !important;display:flex !important}.stk-051c937:before{background-color:#313131 !important;opacity:0.5 !important}.stk-051c937 > .stk-separator__bottom .stk-separator__wrapper{height:300px !important}<\/style><div class=\"stk-row stk-inner-blocks stk-block-content stk-content-align stk-051c937-column alignwide\">\n<div class=\"wp-block-stackable-column stk-block-column stk-column stk-block stk-7572464\" data-v=\"4\" data-block-id=\"7572464\"><div class=\"stk-column-wrapper stk-block-column__content stk-container stk-7572464-container stk--no-background stk--no-padding\"><div class=\"stk-block-content stk-inner-blocks stk-7572464-inner-blocks\">\n<div class=\"wp-block-stackable-image stk-block-image stk-block stk-7ed4d4c\" data-block-id=\"7ed4d4c\"><style>.stk-7ed4d4c .stk-img-wrapper{width:40% !important;height:272px !important}<\/style><figure><span class=\"stk-img-wrapper stk-image--shape-stretch\"><img decoding=\"async\" class=\"stk-img wp-image-242\" src=\"https:\/\/www.optival.com.tr\/wp-content\/uploads\/2024\/05\/optival-faviconwhite-1.png\" width=\"512\" height=\"512\" alt=\"Optival Test und Zertifizierung, Homologation, FUSA, Cyber-Sicherheitsl&#xF6;sungen\" title=\"\" srcset=\"https:\/\/www.optival.com.tr\/wp-content\/uploads\/2024\/05\/optival-faviconwhite-1.png 512w, https:\/\/www.optival.com.tr\/wp-content\/uploads\/2024\/05\/optival-faviconwhite-1-300x300.png 300w, https:\/\/www.optival.com.tr\/wp-content\/uploads\/2024\/05\/optival-faviconwhite-1-150x150.png 150w\" sizes=\"(max-width: 512px) 100vw, 512px\" \/><\/span><\/figure><\/div>\n<\/div><\/div><\/div>\n\n\n\n<div class=\"wp-block-stackable-column stk-block-column stk-column stk-block stk-6230f9b\" data-v=\"4\" data-block-id=\"6230f9b\"><div class=\"stk-column-wrapper stk-block-column__content stk-container stk-6230f9b-container stk--no-background stk--no-padding\"><div class=\"stk-block-content stk-inner-blocks stk-6230f9b-inner-blocks\">\n<div class=\"wp-block-stackable-heading stk-block-heading stk-block-heading--v2 stk-block stk-8afe8a8\" id=\"strong-tecrube-paylasimina-katil-strong\" data-block-id=\"8afe8a8\"><style>.stk-8afe8a8 .stk-block-heading__text{color:var(--theme-palette-color-8,#ffffff) !important;font-weight:300 !important;font-family:\"IBM Plex Sans\",Sans-serif !important}<\/style><h2 class=\"stk-block-heading__text has-text-color\"><strong>Nehmen Sie am Erfahrungsaustausch teil!<\/strong><\/h2><\/div>\n\n\n\n<div class=\"wp-block-stackable-text stk-block-text stk-block stk-0445964\" data-block-id=\"0445964\"><style>.stk-0445964{max-width:700px !important}.stk-0445964 .stk-block-text__text{color:#FFFFFF !important}<\/style><p class=\"stk-block-text__text has-text-color has-white-color\">Sie k\u00f6nnen Teil des Erfahrungsaustauschs werden, indem Sie sich den Experten von Optival anschlie\u00dfen. Sie k\u00f6nnen unsere Stellenanzeigen durchsehen und sich auf die f\u00fcr Sie passenden Stellen bewerben. Sie k\u00f6nnen uns auch mit einer allgemeinen Bewerbung kontaktieren.  <\/p><\/div>\n\n\n\n<div class=\"wp-block-stackable-button-group stk-block-button-group stk-block stk-9808a71\" data-block-id=\"9808a71\"><div class=\"stk-row stk-inner-blocks stk-block-content stk-button-group\">\n<div class=\"wp-block-stackable-button stk-block-button stk-block stk-d9d9db1\" data-block-id=\"d9d9db1\"><style>.stk-d9d9db1 .stk-button{background:var(--theme-palette-color-7,#FAFBFC) !important;border-top-left-radius:10px !important;border-top-right-radius:10px !important;border-bottom-right-radius:10px !important;border-bottom-left-radius:10px !important}.stk-d9d9db1 .stk-button:before{box-shadow:0px 0px 21px 3px #0000003d !important}.stk-d9d9db1 .stk-button__inner-text{color:var(--theme-palette-color-4,#23414e) !important}<\/style><a class=\"stk-link stk-button stk--hover-effect-darken\" href=\"https:\/\/www.linkedin.com\/company\/optival-testing-certification\/jobs\/\" target=\"_blank\" rel=\"noopener\"><span class=\"has-text-color stk-button__inner-text\">Stellenausschreibungen ansehen<\/span><\/a><\/div>\n<\/div><\/div>\n<\/div><\/div><\/div>\n<\/div><div class=\"stk-separator stk-separator__bottom\"><div class=\"stk-separator__wrapper\"><svg xmlns=\"http:\/\/www.w3.org\/2000\/svg\" viewBox=\"0 0 1600 200\" class=\"stk-separator__layer-1\" preserveAspectRatio=\"none\" aria-hidden=\"true\"><path d=\"M1610.5 24.1s-128.2 82.6-138.2 89.2c-17.1 11.3-37.2 15.5-87 18.1-49.7 2.6-753.6 40.7-783.9 42.3-30.3 1.5-81.1 1.3-121.1-8.2S-9.5 50-9.5 50v158.9h1620V24.1z\"><\/path><\/svg><\/div><\/div><\/div>\n\n<p><\/p>\n","protected":false},"excerpt":{"rendered":"<p>Nehmen Sie am Erfahrungsaustausch teil! Sie k\u00f6nnen Teil des Erfahrungsaustauschs werden, indem Sie sich den Experten von Optival anschlie\u00dfen. Sie k\u00f6nnen unsere Stellenanzeigen durchsehen und sich auf die f\u00fcr Sie passenden Stellen bewerben. Sie k\u00f6nnen uns auch mit einer allgemeinen Bewerbung kontaktieren. Stellenausschreibungen ansehen<\/p>\n","protected":false},"author":1,"featured_media":0,"parent":0,"menu_order":0,"comment_status":"closed","ping_status":"closed","template":"","meta":{"_gspb_post_css":"","_uag_custom_page_level_css":"","footnotes":""},"class_list":["post-968","page","type-page","status-publish","hentry"],"blocksy_meta":[],"uagb_featured_image_src":{"full":false,"thumbnail":false,"medium":false,"medium_large":false,"large":false,"1536x1536":false,"2048x2048":false},"uagb_author_info":{"display_name":"optival_8yofdn","author_link":"https:\/\/www.optival.com.tr\/de\/author\/optival_8yofdn\/"},"uagb_comment_info":0,"uagb_excerpt":"Nehmen Sie am Erfahrungsaustausch teil! Sie k\u00f6nnen Teil des Erfahrungsaustauschs werden, indem Sie sich den Experten von Optival anschlie\u00dfen. Sie k\u00f6nnen unsere Stellenanzeigen durchsehen und sich auf die f\u00fcr Sie passenden Stellen bewerben. Sie k\u00f6nnen uns auch mit einer allgemeinen Bewerbung kontaktieren. Stellenausschreibungen ansehen","_links":{"self":[{"href":"https:\/\/www.optival.com.tr\/de\/wp-json\/wp\/v2\/pages\/968","targetHints":{"allow":["GET"]}}],"collection":[{"href":"https:\/\/www.optival.com.tr\/de\/wp-json\/wp\/v2\/pages"}],"about":[{"href":"https:\/\/www.optival.com.tr\/de\/wp-json\/wp\/v2\/types\/page"}],"author":[{"embeddable":true,"href":"https:\/\/www.optival.com.tr\/de\/wp-json\/wp\/v2\/users\/1"}],"replies":[{"embeddable":true,"href":"https:\/\/www.optival.com.tr\/de\/wp-json\/wp\/v2\/comments?post=968"}],"version-history":[{"count":2,"href":"https:\/\/www.optival.com.tr\/de\/wp-json\/wp\/v2\/pages\/968\/revisions"}],"predecessor-version":[{"id":970,"href":"https:\/\/www.optival.com.tr\/de\/wp-json\/wp\/v2\/pages\/968\/revisions\/970"}],"wp:attachment":[{"href":"https:\/\/www.optival.com.tr\/de\/wp-json\/wp\/v2\/media?parent=968"}],"curies":[{"name":"wp","href":"https:\/\/api.w.org\/{rel}","templated":true}]}}