{"id":980,"date":"2024-05-23T23:10:46","date_gmt":"2024-05-23T20:10:46","guid":{"rendered":"https:\/\/www.optival.com.tr\/funktionale-sicherheit-fusa\/"},"modified":"2026-01-03T10:57:15","modified_gmt":"2026-01-03T07:57:15","slug":"funktionale-sicherheit-fusa","status":"publish","type":"page","link":"https:\/\/www.optival.com.tr\/de\/funktionale-sicherheit-fusa\/","title":{"rendered":"Funktionale Sicherheit &#8211; FUSA"},"content":{"rendered":"\n<div class=\"wp-block-stackable-hero alignfull stk-block-hero stk-has-bottom-separator stk-block stk-08a909b stk-block-background stk--has-background-overlay\" data-v=\"2\" data-block-id=\"08a909b\"><style>.stk-08a909b {background-color:#000000 !important;background-image:url(https:\/\/www.optival.com.tr\/wp-content\/uploads\/2026\/01\/Fonksiyonel-Emniyet-FUSA-ISO-26262.webp) !important;min-height:900px !important;align-items:center !important;display:flex !important;}.stk-08a909b:before{background-color:#000000 !important;opacity:0.8 !important;}.stk-08a909b .stk-block-hero__content{min-height:500px !important;align-items:center !important;display:flex !important;}<\/style><div class=\"stk-block-hero__content stk-content-align stk-08a909b-column alignwide stk-container stk-08a909b-container stk--no-background stk--no-padding\"><div class=\"stk-block-content stk-inner-blocks has-text-align-center stk-08a909b-inner-blocks\">\n<div class=\"wp-block-stackable-heading stk-block-heading stk-block-heading--v2 stk-block stk-c15fb3c\" id=\"fonksiyonel-emniyet\" data-block-id=\"c15fb3c\"><style>.stk-c15fb3c {margin-bottom:67px !important;}.stk-c15fb3c .stk-block-heading__text{font-size:64px !important;color:#FFFFFF !important;font-weight:300 !important;font-family:\"IBM Plex Sans\", Sans-serif !important;}@media screen and (max-width:999px){.stk-c15fb3c .stk-block-heading__text{font-size:50px !important;}}<\/style><h1 class=\"stk-block-heading__text has-text-color has-white-color\">Funktionale Sicherheit<\/h1><\/div>\n\n\n\n<div class=\"wp-block-stackable-text stk-block-text stk-block stk-cb47353\" data-block-id=\"cb47353\"><style>.stk-cb47353 .stk-block-text__text{color:#FFFFFF !important;}<\/style><p class=\"stk-block-text__text has-text-color has-white-color\">Moderne Fahrzeuge sind mit immer komplexeren elektronischen und Software-Systemen ausgestattet. Diese Komplexit\u00e4t macht es notwendig, die Sicherheit systematisch anzugehen. <\/p><\/div>\n\n\n\n<div class=\"wp-block-stackable-text stk-block-text stk-block stk-2fc5322\" data-block-id=\"2fc5322\"><style>.stk-2fc5322 .stk-block-text__text{color:#FFFFFF !important;}<\/style><p class=\"stk-block-text__text has-text-color has-white-color\">Sie k\u00f6nnen von uns Unterst\u00fctzung f\u00fcr ISO 26262 erhalten, eine der j\u00fcngsten Normen in diesem Bereich.<\/p><\/div>\n\n\n\n<div class=\"wp-block-stackable-button-group stk-block-button-group stk-block stk-89d9702\" data-block-id=\"89d9702\"><div class=\"stk-row stk-inner-blocks stk-block-content stk-button-group\">\n<div class=\"wp-block-stackable-button stk-block-button stk-block stk-1a15986\" data-block-id=\"1a15986\"><style>.stk-1a15986 .stk-button{padding-right:32px !important;padding-left:32px !important;background:var(--theme-palette-color-2, #009bdd) !important;}.stk-1a15986 .stk-button__inner-text{font-family:\"IBM Plex Sans\", Sans-serif !important;}<\/style><a class=\"stk-link stk-button stk--hover-effect-darken\" href=\"https:\/\/www.optival.com.tr\/de\/kontaktieren-sie-uns\/\"><span class=\"stk-button__inner-text\">Detaillierte Informationen und Angebotsanfrage<\/span><\/a><\/div>\n<\/div><\/div>\n<\/div><\/div><div class=\"stk-separator stk-separator__bottom\"><div class=\"stk-separator__wrapper\"><svg xmlns=\"http:\/\/www.w3.org\/2000\/svg\" viewBox=\"0 0 1600 200\" class=\"stk-separator__layer-1\" preserveAspectRatio=\"none\" aria-hidden=\"true\"><path class=\"slant-2_svg__st1\" d=\"M1610 39.2V209H-10V39.2l810 118.9 810-118.9z\"><\/path><\/svg><\/div><\/div><\/div>\n\n<div class=\"wp-block-stackable-feature-grid alignfull stk-block-feature-grid stk-block-columns stk-block stk-4728ed7 is-style-float\" data-block-id=\"4728ed7\"><div class=\"stk-row stk-inner-blocks has-text-align-center stk-block-content stk-content-align stk-4728ed7-column alignwide\">\n<div class=\"wp-block-stackable-column stk-block-column stk-column stk-block stk-2d9bed5\" data-v=\"4\" data-block-id=\"2d9bed5\"><style>.stk-2d9bed5-container{padding-left:80px !important;}<\/style><div class=\"stk-column-wrapper stk-block-column__content stk-container stk-2d9bed5-container stk--no-background stk--no-padding\"><div class=\"has-text-align-left stk-block-content stk-inner-blocks stk-2d9bed5-inner-blocks\">\n<div class=\"wp-block-stackable-icon-label stk-block-icon-label stk-block stk-9842193\" data-block-id=\"9842193\"><div class=\"stk-row stk-inner-blocks stk-block-content\">\n<div class=\"wp-block-stackable-icon stk-block-icon has-text-align-left stk-block stk-6f7a3ad\" data-block-id=\"6f7a3ad\"><span class=\"stk--svg-wrapper\"><div class=\"stk--inner-svg\"><svg style=\"height:0;width:0\"><defs><lineargradient id=\"linear-gradient-6f7a3ad\" x1=\"0\" x2=\"100%\" y1=\"0\" y2=\"0\"><stop offset=\"0%\" style=\"stop-opacity:1;stop-color:var(--linear-gradient-6-f-7-a-3-ad-color-1)\"><\/stop><stop offset=\"100%\" style=\"stop-opacity:1;stop-color:var(--linear-gradient-6-f-7-a-3-ad-color-2)\"><\/stop><\/lineargradient><\/defs><\/svg><svg xmlns=\"http:\/\/www.w3.org\/2000\/svg\" viewbox=\"0 0 576 512\" aria-hidden=\"true\" width=\"32\" height=\"32\"><path d=\"M7.8 207.7c-13.1-17.8-9.3-42.8 8.5-55.9L142.9 58.5C166.2 41.3 194.5 32 223.5 32H384 544c17.7 0 32 14.3 32 32v64c0 17.7-14.3 32-32 32H507.2l-44.9 36c-22.7 18.2-50.9 28-80 28H304 288 224c-17.7 0-32-14.3-32-32s14.3-32 32-32h64 16c8.8 0 16-7.2 16-16s-7.2-16-16-16H183.4L63.7 216.2c-17.8 13.1-42.8 9.3-55.9-8.5zM382.4 160l0 0 .9 0c-.3 0-.6 0-.9 0zM568.2 304.3c13.1 17.8 9.3 42.8-8.5 55.9L433.1 453.5c-23.4 17.2-51.6 26.5-80.7 26.5H192 32c-17.7 0-32-14.3-32-32V384c0-17.7 14.3-32 32-32H68.8l44.9-36c22.7-18.2 50.9-28 80-28H272h16 64c17.7 0 32 14.3 32 32s-14.3 32-32 32H288 272c-8.8 0-16 7.2-16 16s7.2 16 16 16H392.6l119.7-88.2c17.8-13.1 42.8-9.3 55.9 8.5zM193.6 352l0 0-.9 0c.3 0 .6 0 .9 0z\"><\/path><\/svg><\/div><\/span><\/div>\n\n\n\n<div class=\"wp-block-stackable-heading stk-block-heading stk-block-heading--v2 stk-block stk-e7d3fae\" id=\"fonksiyonel-emniyet\" data-block-id=\"e7d3fae\"><h2 class=\"stk-block-heading__text\">Funktionale Sicherheit<\/h2><\/div>\n<\/div><\/div>\n\n\n\n<p>Moderne Fahrzeuge sind mit immer komplexeren elektronischen und Software-Systemen ausgestattet. Diese Komplexit\u00e4t macht es zwingend erforderlich, dass die Sicherheit systematisch angegangen wird. <a href=\"https:\/\/www.iso.org\/standard\/68383.html\" data-type=\"link\" data-id=\"https:\/\/www.iso.org\/standard\/68383.html\" target=\"_blank\" rel=\"noopener\">Die Norm ISO 26262<\/a> bildet die Grundlage f\u00fcr die Sicherheitstechnik im Automobil. <\/p>\n\n\n\n<p>Optival bietet mit seinem technischen Personal, das auf die Einrichtung, Umsetzung und \u00dcberwachung von Prozessen der funktionalen Sicherheit, einschlie\u00dflich Entwicklungsprozessen, spezialisiert ist, folgende Dienstleistungen an:<\/p>\n\n\n\n<hr class=\"wp-block-separator has-alpha-channel-opacity\"\/>\n<\/div><\/div><\/div>\n<\/div><\/div>\n\n<div class=\"wp-block-stackable-posts alignwide stk-block-posts stk--has-container stk-block stk-a27324b is-style-list\" data-v=\"2\" data-block-id=\"a27324b\"><style>.stk-a27324b {--stk-columns:2 !important;}.stk-a27324b .stk-container-padding{width:100% !important;}.stk-a27324b-container{background-color:linear-gradient(-225deg,rgb(227,246,252) 0%,rgb(238,238,255) 99%) !important;border-top-left-radius:20px !important;border-top-right-radius:20px !important;border-bottom-right-radius:20px !important;border-bottom-left-radius:20px !important;overflow:hidden !important;box-shadow:0 5px 5px 0 #123f5209 !important;}.stk-a27324b-container:before{background-image:linear-gradient(-225deg,rgb(227,246,252) 0%,rgb(238,238,255) 99%) !important;}.stk-a27324b .stk-img-wrapper,  .stk-a27324b-container .stk-block-posts__image-link{flex-basis:0% !important;height:129px !important;}.stk-a27324b .stk-img-wrapper img,  .stk-a27324b-container .stk-block-posts__image-link{transform:scale(1.05) !important;border-radius:0px !important;object-position:56.00000000000001% 36% !important;}.stk-a27324b .stk-block-posts__title a{font-size:17px !important;}@media screen and (max-width:999px){.stk-a27324b .stk-block-posts__title a{font-size:17px !important;}}<\/style><div class=\"stk-inner-blocks stk-content-align stk-a27324b-column alignwide\"><div class=\"stk-block-posts__items\"><div class=\"stk-block-posts__item\"><div class=\"stk-container stk-a27324b-container stk-hover-parent stk--has-background-overlay\"><a href=\"https:\/\/www.optival.com.tr\/de\/audits-der-funktionalen-sicherheit-fs-audit-assessment-und-zertifizierung\/\" class=\"stk-block-posts__image-link\"><figure class=\"stk-img-wrapper stk-image--shape-stretch\"><img decoding=\"async\" width=\"1920\" height=\"1080\" src=\"https:\/\/www.optival.com.tr\/wp-content\/uploads\/2026\/01\/Fonksiyonel-Emniyet-Egitim-ve-Farkindalik-Programlari.webp\" class=\"attachment-full size-full wp-post-image\" alt=\"Schulungen und Sensibilisierungsprogramme zur funktionalen Sicherheit, FS-Audit, FS-Bewertung\" srcset=\"https:\/\/www.optival.com.tr\/wp-content\/uploads\/2026\/01\/Fonksiyonel-Emniyet-Egitim-ve-Farkindalik-Programlari.webp 1920w, https:\/\/www.optival.com.tr\/wp-content\/uploads\/2026\/01\/Fonksiyonel-Emniyet-Egitim-ve-Farkindalik-Programlari-300x169.webp 300w, https:\/\/www.optival.com.tr\/wp-content\/uploads\/2026\/01\/Fonksiyonel-Emniyet-Egitim-ve-Farkindalik-Programlari-1024x576.webp 1024w, https:\/\/www.optival.com.tr\/wp-content\/uploads\/2026\/01\/Fonksiyonel-Emniyet-Egitim-ve-Farkindalik-Programlari-768x432.webp 768w, https:\/\/www.optival.com.tr\/wp-content\/uploads\/2026\/01\/Fonksiyonel-Emniyet-Egitim-ve-Farkindalik-Programlari-1536x864.webp 1536w\" sizes=\"(max-width: 1920px) 100vw, 1920px\" title=\"\"><\/figure><\/a><article class=\"stk-container-padding\"><h2 class=\"stk-block-posts__title\"><a href=\"https:\/\/www.optival.com.tr\/de\/audits-der-funktionalen-sicherheit-fs-audit-assessment-und-zertifizierung\/\">Audits der funktionalen Sicherheit (FS Audit &amp; Assessment) und Zertifizierung<\/a><\/h2><\/article><\/div><\/div><div class=\"stk-block-posts__item\"><div class=\"stk-container stk-a27324b-container stk-hover-parent stk--has-background-overlay\"><a href=\"https:\/\/www.optival.com.tr\/de\/festlegung-und-umsetzung-der-test-und-validierungsstrategie\/\" class=\"stk-block-posts__image-link\"><figure class=\"stk-img-wrapper stk-image--shape-stretch\"><img decoding=\"async\" width=\"1920\" height=\"1080\" src=\"https:\/\/www.optival.com.tr\/wp-content\/uploads\/2026\/01\/Test-ve-Dogrulama-Stratejisinin-Belirlenmesi-ve-Uygulanmasi.webp\" class=\"attachment-full size-full wp-post-image\" alt=\"\" srcset=\"https:\/\/www.optival.com.tr\/wp-content\/uploads\/2026\/01\/Test-ve-Dogrulama-Stratejisinin-Belirlenmesi-ve-Uygulanmasi.webp 1920w, https:\/\/www.optival.com.tr\/wp-content\/uploads\/2026\/01\/Test-ve-Dogrulama-Stratejisinin-Belirlenmesi-ve-Uygulanmasi-300x169.webp 300w, https:\/\/www.optival.com.tr\/wp-content\/uploads\/2026\/01\/Test-ve-Dogrulama-Stratejisinin-Belirlenmesi-ve-Uygulanmasi-1024x576.webp 1024w, https:\/\/www.optival.com.tr\/wp-content\/uploads\/2026\/01\/Test-ve-Dogrulama-Stratejisinin-Belirlenmesi-ve-Uygulanmasi-768x432.webp 768w, https:\/\/www.optival.com.tr\/wp-content\/uploads\/2026\/01\/Test-ve-Dogrulama-Stratejisinin-Belirlenmesi-ve-Uygulanmasi-1536x864.webp 1536w\" sizes=\"(max-width: 1920px) 100vw, 1920px\" title=\"\"><\/figure><\/a><article class=\"stk-container-padding\"><h2 class=\"stk-block-posts__title\"><a href=\"https:\/\/www.optival.com.tr\/de\/festlegung-und-umsetzung-der-test-und-validierungsstrategie\/\">Festlegung und Umsetzung der Test- und Validierungsstrategie<\/a><\/h2><\/article><\/div><\/div><div class=\"stk-block-posts__item\"><div class=\"stk-container stk-a27324b-container stk-hover-parent stk--has-background-overlay\"><a href=\"https:\/\/www.optival.com.tr\/de\/hara-anwendungen-und-erstellung-eines-konzepts-fuer-funktionale-sicherheit\/\" class=\"stk-block-posts__image-link\"><figure class=\"stk-img-wrapper stk-image--shape-stretch\"><img decoding=\"async\" width=\"1920\" height=\"1080\" src=\"https:\/\/www.optival.com.tr\/wp-content\/uploads\/2026\/01\/HARA-Uygulamalari-ve-Fonksiyonel-Emniyet-Konseptinin-Olusturulmasi.webp\" class=\"attachment-full size-full wp-post-image\" alt=\"\" srcset=\"https:\/\/www.optival.com.tr\/wp-content\/uploads\/2026\/01\/HARA-Uygulamalari-ve-Fonksiyonel-Emniyet-Konseptinin-Olusturulmasi.webp 1920w, https:\/\/www.optival.com.tr\/wp-content\/uploads\/2026\/01\/HARA-Uygulamalari-ve-Fonksiyonel-Emniyet-Konseptinin-Olusturulmasi-300x169.webp 300w, https:\/\/www.optival.com.tr\/wp-content\/uploads\/2026\/01\/HARA-Uygulamalari-ve-Fonksiyonel-Emniyet-Konseptinin-Olusturulmasi-1024x576.webp 1024w, https:\/\/www.optival.com.tr\/wp-content\/uploads\/2026\/01\/HARA-Uygulamalari-ve-Fonksiyonel-Emniyet-Konseptinin-Olusturulmasi-768x432.webp 768w, https:\/\/www.optival.com.tr\/wp-content\/uploads\/2026\/01\/HARA-Uygulamalari-ve-Fonksiyonel-Emniyet-Konseptinin-Olusturulmasi-1536x864.webp 1536w\" sizes=\"(max-width: 1920px) 100vw, 1920px\" title=\"\"><\/figure><\/a><article class=\"stk-container-padding\"><h2 class=\"stk-block-posts__title\"><a href=\"https:\/\/www.optival.com.tr\/de\/hara-anwendungen-und-erstellung-eines-konzepts-fuer-funktionale-sicherheit\/\">HARA-Anwendungen und Erstellung eines Konzepts f\u00fcr funktionale Sicherheit<\/a><\/h2><\/article><\/div><\/div><div class=\"stk-block-posts__item\"><div class=\"stk-container stk-a27324b-container stk-hover-parent stk--has-background-overlay\"><a href=\"https:\/\/www.optival.com.tr\/de\/gap-analyse-und-installation-eines-funktionalen-sicherheitsmanagementsystems-fsm\/\" class=\"stk-block-posts__image-link\"><figure class=\"stk-img-wrapper stk-image--shape-stretch\"><img decoding=\"async\" width=\"1920\" height=\"1080\" src=\"https:\/\/www.optival.com.tr\/wp-content\/uploads\/2026\/01\/GAP-Analizi-ve-Fonksiyonel-Emniyet-Yonetim-Sistemi-FSM-Kurulumu.webp\" class=\"attachment-full size-full wp-post-image\" alt=\"\" srcset=\"https:\/\/www.optival.com.tr\/wp-content\/uploads\/2026\/01\/GAP-Analizi-ve-Fonksiyonel-Emniyet-Yonetim-Sistemi-FSM-Kurulumu.webp 1920w, https:\/\/www.optival.com.tr\/wp-content\/uploads\/2026\/01\/GAP-Analizi-ve-Fonksiyonel-Emniyet-Yonetim-Sistemi-FSM-Kurulumu-300x169.webp 300w, https:\/\/www.optival.com.tr\/wp-content\/uploads\/2026\/01\/GAP-Analizi-ve-Fonksiyonel-Emniyet-Yonetim-Sistemi-FSM-Kurulumu-1024x576.webp 1024w, https:\/\/www.optival.com.tr\/wp-content\/uploads\/2026\/01\/GAP-Analizi-ve-Fonksiyonel-Emniyet-Yonetim-Sistemi-FSM-Kurulumu-768x432.webp 768w, https:\/\/www.optival.com.tr\/wp-content\/uploads\/2026\/01\/GAP-Analizi-ve-Fonksiyonel-Emniyet-Yonetim-Sistemi-FSM-Kurulumu-1536x864.webp 1536w\" sizes=\"(max-width: 1920px) 100vw, 1920px\" title=\"\"><\/figure><\/a><article class=\"stk-container-padding\"><h2 class=\"stk-block-posts__title\"><a href=\"https:\/\/www.optival.com.tr\/de\/gap-analyse-und-installation-eines-funktionalen-sicherheitsmanagementsystems-fsm\/\">GAP-Analyse und Installation eines funktionalen Sicherheitsmanagementsystems (FSM)<\/a><\/h2><\/article><\/div><\/div><div class=\"stk-block-posts__item\"><div class=\"stk-container stk-a27324b-container stk-hover-parent stk--has-background-overlay\"><a href=\"https:\/\/www.optival.com.tr\/de\/schulungen-und-sensibilisierungsprogramme-zur-funktionalen-sicherheit\/\" class=\"stk-block-posts__image-link\"><figure class=\"stk-img-wrapper stk-image--shape-stretch\"><img decoding=\"async\" width=\"1920\" height=\"1080\" src=\"https:\/\/www.optival.com.tr\/wp-content\/uploads\/2026\/01\/Fonksiyonel-Emniyet-Egitim-ve-Farkindalik-Programlari.webp\" class=\"attachment-full size-full wp-post-image\" alt=\"Schulungen und Sensibilisierungsprogramme zur funktionalen Sicherheit, FS-Audit, FS-Bewertung\" srcset=\"https:\/\/www.optival.com.tr\/wp-content\/uploads\/2026\/01\/Fonksiyonel-Emniyet-Egitim-ve-Farkindalik-Programlari.webp 1920w, https:\/\/www.optival.com.tr\/wp-content\/uploads\/2026\/01\/Fonksiyonel-Emniyet-Egitim-ve-Farkindalik-Programlari-300x169.webp 300w, https:\/\/www.optival.com.tr\/wp-content\/uploads\/2026\/01\/Fonksiyonel-Emniyet-Egitim-ve-Farkindalik-Programlari-1024x576.webp 1024w, https:\/\/www.optival.com.tr\/wp-content\/uploads\/2026\/01\/Fonksiyonel-Emniyet-Egitim-ve-Farkindalik-Programlari-768x432.webp 768w, https:\/\/www.optival.com.tr\/wp-content\/uploads\/2026\/01\/Fonksiyonel-Emniyet-Egitim-ve-Farkindalik-Programlari-1536x864.webp 1536w\" sizes=\"(max-width: 1920px) 100vw, 1920px\" title=\"\"><\/figure><\/a><article class=\"stk-container-padding\"><h2 class=\"stk-block-posts__title\"><a href=\"https:\/\/www.optival.com.tr\/de\/schulungen-und-sensibilisierungsprogramme-zur-funktionalen-sicherheit\/\">Schulungen und Sensibilisierungsprogramme zur funktionalen Sicherheit<\/a><\/h2><\/article><\/div><\/div><div class=\"stk-block-posts__item\"><div class=\"stk-container stk-a27324b-container stk-hover-parent stk--has-background-overlay\"><a href=\"https:\/\/www.optival.com.tr\/de\/technische-cyber-sicherheitsschulung-29-30-mai\/\" class=\"stk-block-posts__image-link\"><figure class=\"stk-img-wrapper stk-image--shape-stretch\"><img decoding=\"async\" width=\"1280\" height=\"1810\" src=\"https:\/\/www.optival.com.tr\/wp-content\/uploads\/2025\/05\/Teknik-Siber-Guvenlik-Otomotiv-Siber-Guvenlik-Egitimi.webp\" class=\"attachment-full size-full wp-post-image\" alt=\"Teknik Siber Gu\u0308venlik E\u011fitimi, Otomotiv Siber Gu\u0308venlik Eg\u0306itimi\" srcset=\"https:\/\/www.optival.com.tr\/wp-content\/uploads\/2025\/05\/Teknik-Siber-Guvenlik-Otomotiv-Siber-Guvenlik-Egitimi.webp 1280w, https:\/\/www.optival.com.tr\/wp-content\/uploads\/2025\/05\/Teknik-Siber-Guvenlik-Otomotiv-Siber-Guvenlik-Egitimi-212x300.webp 212w, https:\/\/www.optival.com.tr\/wp-content\/uploads\/2025\/05\/Teknik-Siber-Guvenlik-Otomotiv-Siber-Guvenlik-Egitimi-724x1024.webp 724w, https:\/\/www.optival.com.tr\/wp-content\/uploads\/2025\/05\/Teknik-Siber-Guvenlik-Otomotiv-Siber-Guvenlik-Egitimi-768x1086.webp 768w, https:\/\/www.optival.com.tr\/wp-content\/uploads\/2025\/05\/Teknik-Siber-Guvenlik-Otomotiv-Siber-Guvenlik-Egitimi-1086x1536.webp 1086w\" sizes=\"(max-width: 1280px) 100vw, 1280px\" title=\"\"><\/figure><\/a><article class=\"stk-container-padding\"><h2 class=\"stk-block-posts__title\"><a href=\"https:\/\/www.optival.com.tr\/de\/technische-cyber-sicherheitsschulung-29-30-mai\/\">Technische Cyber-Sicherheitsschulung &#8211; 29-30 Mai<\/a><\/h2><\/article><\/div><\/div><\/div><div class=\"stk-inner-blocks\"><\/div><\/div><\/div>\n\n<div class=\"wp-block-uagb-container uagb-block-qfblos6n alignfull uagb-is-root-container\"><div class=\"uagb-container-inner-blocks-wrap\">\n<div class=\"wp-block-uagb-info-box uagb-block-27d9tlue uagb-infobox__content-wrap  uagb-infobox-icon-above-title uagb-infobox-image-valign-top\"><div class=\"uagb-ifb-content\"><div class=\"uagb-ifb-icon-wrap\"><svg xmlns=\"https:\/\/www.w3.org\/2000\/svg\" viewbox=\"0 0 512 512\"><path d=\"M0 256C0 114.6 114.6 0 256 0C397.4 0 512 114.6 512 256C512 397.4 397.4 512 256 512C114.6 512 0 397.4 0 256zM371.8 211.8C382.7 200.9 382.7 183.1 371.8 172.2C360.9 161.3 343.1 161.3 332.2 172.2L224 280.4L179.8 236.2C168.9 225.3 151.1 225.3 140.2 236.2C129.3 247.1 129.3 264.9 140.2 275.8L204.2 339.8C215.1 350.7 232.9 350.7 243.8 339.8L371.8 211.8z\"><\/path><\/svg><\/div><div class=\"uagb-ifb-title-wrap\"><h3 class=\"uagb-ifb-title\">Warum Optival?<\/h3><\/div><p class=\"uagb-ifb-desc\">Optival wurde von einem Team von Experten f\u00fcr Produktentwicklung, Pr\u00fcfung und Zertifizierung in der Automobilindustrie gegr\u00fcndet und ist auch im Bereich der Pr\u00fcf- und Zertifizierungsdienstleistungen t\u00e4tig.  <br\/><\/p><\/div><\/div>\n\n\n\n<div class=\"wp-block-uagb-container uagb-block-liqci5pg\">\n<div class=\"wp-block-uagb-info-box uagb-block-koghw58x uagb-infobox__content-wrap  uagb-infobox-icon-above-title uagb-infobox-image-valign-top\"><div class=\"uagb-ifb-content\"><div class=\"uagb-ifb-icon-wrap\"><svg xmlns=\"https:\/\/www.w3.org\/2000\/svg\" viewbox=\"0 0 448 512\"><path d=\"M438.6 105.4C451.1 117.9 451.1 138.1 438.6 150.6L182.6 406.6C170.1 419.1 149.9 419.1 137.4 406.6L9.372 278.6C-3.124 266.1-3.124 245.9 9.372 233.4C21.87 220.9 42.13 220.9 54.63 233.4L159.1 338.7L393.4 105.4C405.9 92.88 426.1 92.88 438.6 105.4H438.6z\"><\/path><\/svg><\/div><div class=\"uagb-ifb-title-wrap\"><h3 class=\"uagb-ifb-title\">Akkreditierte Testkapazit\u00e4ten<\/h3><\/div><p class=\"uagb-ifb-desc\">Testm\u00f6glichkeiten <strong>, die<\/strong> nach internationalen Vorschriften <strong>akkreditiert<\/strong> sind.<\/p><div class=\"uagb-ifb-separator\"><\/div><\/div><\/div>\n\n\n\n<div class=\"wp-block-uagb-info-box uagb-block-2aqtb9he uagb-infobox__content-wrap  uagb-infobox-icon-above-title uagb-infobox-image-valign-top\"><div class=\"uagb-ifb-content\"><div class=\"uagb-ifb-icon-wrap\"><svg xmlns=\"https:\/\/www.w3.org\/2000\/svg\" viewbox=\"0 0 448 512\"><path d=\"M438.6 105.4C451.1 117.9 451.1 138.1 438.6 150.6L182.6 406.6C170.1 419.1 149.9 419.1 137.4 406.6L9.372 278.6C-3.124 266.1-3.124 245.9 9.372 233.4C21.87 220.9 42.13 220.9 54.63 233.4L159.1 338.7L393.4 105.4C405.9 92.88 426.1 92.88 438.6 105.4H438.6z\"><\/path><\/svg><\/div><div class=\"uagb-ifb-title-wrap\"><h3 class=\"uagb-ifb-title\">Praktische Anwendung<\/h3><\/div><p class=\"uagb-ifb-desc\">Erfahrene <strong>Anwendungspraxis<\/strong> f\u00fcr Hersteller von Nutzfahrzeugen, Bussen und speziell ausger\u00fcsteten Fahrzeugen<\/p><div class=\"uagb-ifb-separator\"><\/div><\/div><\/div>\n\n\n\n<div class=\"wp-block-uagb-info-box uagb-block-f9nvyirb uagb-infobox__content-wrap  uagb-infobox-icon-above-title uagb-infobox-image-valign-top\"><div class=\"uagb-ifb-content\"><div class=\"uagb-ifb-icon-wrap\"><svg xmlns=\"https:\/\/www.w3.org\/2000\/svg\" viewbox=\"0 0 448 512\"><path d=\"M438.6 105.4C451.1 117.9 451.1 138.1 438.6 150.6L182.6 406.6C170.1 419.1 149.9 419.1 137.4 406.6L9.372 278.6C-3.124 266.1-3.124 245.9 9.372 233.4C21.87 220.9 42.13 220.9 54.63 233.4L159.1 338.7L393.4 105.4C405.9 92.88 426.1 92.88 438.6 105.4H438.6z\"><\/path><\/svg><\/div><div class=\"uagb-ifb-title-wrap\"><h3 class=\"uagb-ifb-title\">Unterst\u00fctzung bei der Typgenehmigung<\/h3><\/div><p class=\"uagb-ifb-desc\"><strong>Unterst\u00fctzung bei der Typenzulassung<\/strong> <strong>nach UN ECE-Regelungen und EU-Regelungen<\/strong>, falls erforderlich<\/p><div class=\"uagb-ifb-separator\"><\/div><\/div><\/div>\n\n\n\n<div class=\"wp-block-uagb-info-box uagb-block-52eba4a2 uagb-infobox__content-wrap  uagb-infobox-icon-above-title uagb-infobox-image-valign-top\"><div class=\"uagb-ifb-content\"><div class=\"uagb-ifb-icon-wrap\"><svg xmlns=\"https:\/\/www.w3.org\/2000\/svg\" viewbox=\"0 0 448 512\"><path d=\"M438.6 105.4C451.1 117.9 451.1 138.1 438.6 150.6L182.6 406.6C170.1 419.1 149.9 419.1 137.4 406.6L9.372 278.6C-3.124 266.1-3.124 245.9 9.372 233.4C21.87 220.9 42.13 220.9 54.63 233.4L159.1 338.7L393.4 105.4C405.9 92.88 426.1 92.88 438.6 105.4H438.6z\"><\/path><\/svg><\/div><div class=\"uagb-ifb-title-wrap\"><h3 class=\"uagb-ifb-title\">Schnell und planvoll<\/h3><\/div><p class=\"uagb-ifb-desc\">Schnelle Testplanung und Ergebnisbenachrichtigung<\/p><div class=\"uagb-ifb-separator\"><\/div><\/div><\/div>\n<\/div>\n<\/div><\/div>\n","protected":false},"excerpt":{"rendered":"<p>Funktionale Sicherheit Moderne Fahrzeuge sind mit immer komplexeren elektronischen und Software-Systemen ausgestattet. Diese Komplexit\u00e4t macht es notwendig, die Sicherheit systematisch anzugehen. Sie k\u00f6nnen von uns Unterst\u00fctzung f\u00fcr ISO 26262 erhalten, eine der j\u00fcngsten Normen in diesem Bereich. Detaillierte Informationen und Angebotsanfrage Funktionale Sicherheit Moderne Fahrzeuge sind mit immer komplexeren elektronischen und Software-Systemen ausgestattet. Diese Komplexit\u00e4t [&hellip;]<\/p>\n","protected":false},"author":1,"featured_media":1695,"parent":0,"menu_order":0,"comment_status":"closed","ping_status":"closed","template":"","meta":{"_gspb_post_css":"","_uag_custom_page_level_css":"","footnotes":""},"class_list":["post-980","page","type-page","status-publish","has-post-thumbnail","hentry"],"blocksy_meta":{"vertical_spacing_source":"custom","content_area_spacing":"bottom","has_hero_section":"disabled","styles_descriptor":{"styles":{"desktop":"","tablet":"","mobile":""},"google_fonts":[],"version":6}},"uagb_featured_image_src":{"full":["https:\/\/www.optival.com.tr\/wp-content\/uploads\/2026\/01\/Fonksiyonel-Emniyet-FUSA-ISO-26262.webp",1920,1080,false],"thumbnail":["https:\/\/www.optival.com.tr\/wp-content\/uploads\/2026\/01\/Fonksiyonel-Emniyet-FUSA-ISO-26262-150x150.webp",150,150,true],"medium":["https:\/\/www.optival.com.tr\/wp-content\/uploads\/2026\/01\/Fonksiyonel-Emniyet-FUSA-ISO-26262-300x169.webp",300,169,true],"medium_large":["https:\/\/www.optival.com.tr\/wp-content\/uploads\/2026\/01\/Fonksiyonel-Emniyet-FUSA-ISO-26262-768x432.webp",768,432,true],"large":["https:\/\/www.optival.com.tr\/wp-content\/uploads\/2026\/01\/Fonksiyonel-Emniyet-FUSA-ISO-26262-1024x576.webp",1024,576,true],"1536x1536":["https:\/\/www.optival.com.tr\/wp-content\/uploads\/2026\/01\/Fonksiyonel-Emniyet-FUSA-ISO-26262-1536x864.webp",1536,864,true],"2048x2048":["https:\/\/www.optival.com.tr\/wp-content\/uploads\/2026\/01\/Fonksiyonel-Emniyet-FUSA-ISO-26262.webp",1920,1080,false]},"uagb_author_info":{"display_name":"optival_8yofdn","author_link":"https:\/\/www.optival.com.tr\/de\/author\/optival_8yofdn\/"},"uagb_comment_info":0,"uagb_excerpt":"Funktionale Sicherheit Moderne Fahrzeuge sind mit immer komplexeren elektronischen und Software-Systemen ausgestattet. Diese Komplexit\u00e4t macht es notwendig, die Sicherheit systematisch anzugehen. Sie k\u00f6nnen von uns Unterst\u00fctzung f\u00fcr ISO 26262 erhalten, eine der j\u00fcngsten Normen in diesem Bereich. Detaillierte Informationen und Angebotsanfrage Funktionale Sicherheit Moderne Fahrzeuge sind mit immer komplexeren elektronischen und Software-Systemen ausgestattet. Diese Komplexit\u00e4t&hellip;","_links":{"self":[{"href":"https:\/\/www.optival.com.tr\/de\/wp-json\/wp\/v2\/pages\/980","targetHints":{"allow":["GET"]}}],"collection":[{"href":"https:\/\/www.optival.com.tr\/de\/wp-json\/wp\/v2\/pages"}],"about":[{"href":"https:\/\/www.optival.com.tr\/de\/wp-json\/wp\/v2\/types\/page"}],"author":[{"embeddable":true,"href":"https:\/\/www.optival.com.tr\/de\/wp-json\/wp\/v2\/users\/1"}],"replies":[{"embeddable":true,"href":"https:\/\/www.optival.com.tr\/de\/wp-json\/wp\/v2\/comments?post=980"}],"version-history":[{"count":10,"href":"https:\/\/www.optival.com.tr\/de\/wp-json\/wp\/v2\/pages\/980\/revisions"}],"predecessor-version":[{"id":1837,"href":"https:\/\/www.optival.com.tr\/de\/wp-json\/wp\/v2\/pages\/980\/revisions\/1837"}],"wp:featuredmedia":[{"embeddable":true,"href":"https:\/\/www.optival.com.tr\/de\/wp-json\/wp\/v2\/media\/1695"}],"wp:attachment":[{"href":"https:\/\/www.optival.com.tr\/de\/wp-json\/wp\/v2\/media?parent=980"}],"curies":[{"name":"wp","href":"https:\/\/api.w.org\/{rel}","templated":true}]}}