{"id":1505,"date":"2024-05-23T23:04:11","date_gmt":"2024-05-23T20:04:11","guid":{"rendered":"https:\/\/www.optival.com.tr\/vizionk\/"},"modified":"2025-12-12T11:05:46","modified_gmt":"2025-12-12T08:05:46","slug":"vizionk","status":"publish","type":"page","link":"https:\/\/www.optival.com.tr\/hu\/vizionk\/","title":{"rendered":"V\u00edzi\u00f3nk"},"content":{"rendered":"\n<div class=\"wp-block-stackable-hero alignfull stk-block-hero stk-has-bottom-separator stk-block stk-08a909b stk-block-background stk--has-background-overlay\" data-v=\"2\" data-block-id=\"08a909b\"><style>.stk-08a909b{background-color:#000000 !important;background-image:url(https:\/\/www.optival.com.tr\/wp-content\/uploads\/2024\/05\/Vizyon.webp) !important;min-height:900px !important;align-items:center !important;display:flex !important}.stk-08a909b:before{background-color:#000000 !important;opacity:0 !important}.stk-08a909b .stk-block-hero__content{min-height:500px !important;align-items:center !important;display:flex !important}<\/style><div class=\"stk-block-hero__content stk-content-align stk-08a909b-column alignwide stk-container stk-08a909b-container stk--no-background stk--no-padding\"><div class=\"stk-block-content stk-inner-blocks has-text-align-center stk-08a909b-inner-blocks\"><\/div><\/div><div class=\"stk-separator stk-separator__bottom\"><div class=\"stk-separator__wrapper\"><svg xmlns=\"http:\/\/www.w3.org\/2000\/svg\" viewBox=\"0 0 1600 200\" class=\"stk-separator__layer-1\" preserveAspectRatio=\"none\" aria-hidden=\"true\"><path class=\"slant-2_svg__st1\" d=\"M1610 39.2V209H-10V39.2l810 118.9 810-118.9z\"><\/path><\/svg><\/div><\/div><\/div>\n\n<p><strong>V\u00edzi\u00f3nk<\/strong> az, hogy pozit\u00edvan j\u00e1ruljunk hozz\u00e1 a t\u00e1rsadalom min\u0151s\u00e9g- \u00e9s biztons\u00e1g\u00e9rzet\u00e9hez az \u00e1ltalunk kiszolg\u00e1lt r\u00e9gi\u00f3kban, az\u00e1ltal, hogy az \u00e1gazatban vezet\u0151 szervezetk\u00e9nt meghat\u00e1rozzuk az \u00e1gazat norm\u00e1it azokban az \u00e1gazatokban, amelyekben tev\u00e9kenyked\u00fcnk.<\/p>\n","protected":false},"excerpt":{"rendered":"<p>V\u00edzi\u00f3nk az, hogy pozit\u00edvan j\u00e1ruljunk hozz\u00e1 a t\u00e1rsadalom min\u0151s\u00e9g- \u00e9s biztons\u00e1g\u00e9rzet\u00e9hez az \u00e1ltalunk kiszolg\u00e1lt r\u00e9gi\u00f3kban, az\u00e1ltal, hogy az \u00e1gazatban vezet\u0151 szervezetk\u00e9nt meghat\u00e1rozzuk az \u00e1gazat norm\u00e1it azokban az \u00e1gazatokban, amelyekben tev\u00e9kenyked\u00fcnk.<\/p>\n","protected":false},"author":1,"featured_media":0,"parent":0,"menu_order":0,"comment_status":"closed","ping_status":"closed","template":"","meta":{"_gspb_post_css":"","_uag_custom_page_level_css":"","footnotes":""},"class_list":["post-1505","page","type-page","status-publish","hentry"],"blocksy_meta":{"disable_featured_image":"yes","vertical_spacing_source":"custom","content_area_spacing":"bottom","content_style_source":"custom","has_hero_section":"disabled","styles_descriptor":{"styles":{"desktop":"[data-prefix=\"single_page\"] [class*=\"ct-container\"] > article[class*=\"post\"] {--has-boxed:var(--false);--has-wide:var(--true);}","tablet":"","mobile":""},"google_fonts":[],"version":6}},"uagb_featured_image_src":{"full":false,"thumbnail":false,"medium":false,"medium_large":false,"large":false,"1536x1536":false,"2048x2048":false},"uagb_author_info":{"display_name":"optival_8yofdn","author_link":"https:\/\/www.optival.com.tr\/hu\/author\/optival_8yofdn\/"},"uagb_comment_info":0,"uagb_excerpt":"V\u00edzi\u00f3nk az, hogy pozit\u00edvan j\u00e1ruljunk hozz\u00e1 a t\u00e1rsadalom min\u0151s\u00e9g- \u00e9s biztons\u00e1g\u00e9rzet\u00e9hez az \u00e1ltalunk kiszolg\u00e1lt r\u00e9gi\u00f3kban, az\u00e1ltal, hogy az \u00e1gazatban vezet\u0151 szervezetk\u00e9nt meghat\u00e1rozzuk az \u00e1gazat norm\u00e1it azokban az \u00e1gazatokban, amelyekben tev\u00e9kenyked\u00fcnk.","_links":{"self":[{"href":"https:\/\/www.optival.com.tr\/hu\/wp-json\/wp\/v2\/pages\/1505","targetHints":{"allow":["GET"]}}],"collection":[{"href":"https:\/\/www.optival.com.tr\/hu\/wp-json\/wp\/v2\/pages"}],"about":[{"href":"https:\/\/www.optival.com.tr\/hu\/wp-json\/wp\/v2\/types\/page"}],"author":[{"embeddable":true,"href":"https:\/\/www.optival.com.tr\/hu\/wp-json\/wp\/v2\/users\/1"}],"replies":[{"embeddable":true,"href":"https:\/\/www.optival.com.tr\/hu\/wp-json\/wp\/v2\/comments?post=1505"}],"version-history":[{"count":1,"href":"https:\/\/www.optival.com.tr\/hu\/wp-json\/wp\/v2\/pages\/1505\/revisions"}],"predecessor-version":[{"id":1508,"href":"https:\/\/www.optival.com.tr\/hu\/wp-json\/wp\/v2\/pages\/1505\/revisions\/1508"}],"wp:attachment":[{"href":"https:\/\/www.optival.com.tr\/hu\/wp-json\/wp\/v2\/media?parent=1505"}],"curies":[{"name":"wp","href":"https:\/\/api.w.org\/{rel}","templated":true}]}}