{"id":1570,"date":"2024-08-26T22:18:43","date_gmt":"2024-08-26T19:18:43","guid":{"rendered":"https:\/\/www.optival.com.tr\/szoftverfrissites\/"},"modified":"2025-12-12T11:34:04","modified_gmt":"2025-12-12T08:34:04","slug":"szoftverfrissites","status":"publish","type":"page","link":"https:\/\/www.optival.com.tr\/hu\/szoftverfrissites\/","title":{"rendered":"Szoftverfriss\u00edt\u00e9s"},"content":{"rendered":"\n<div class=\"wp-block-stackable-hero alignfull stk-block-hero stk-has-bottom-separator stk-block stk-08a909b stk-block-background stk--has-background-overlay\" data-v=\"2\" data-block-id=\"08a909b\"><style>.stk-08a909b {background-color:#000000 !important;background-image:url(https:\/\/www.optival.com.tr\/wp-content\/uploads\/2025\/09\/Yazilim-Guncelleme-ECE-R156.webp) !important;min-height:900px !important;align-items:center !important;margin-bottom:0px !important;display:flex !important;}.stk-08a909b:before{background-color:#000000 !important;opacity:0.8 !important;}.stk-08a909b .stk-block-hero__content{min-height:500px !important;align-items:center !important;display:flex !important;}<\/style><div class=\"stk-block-hero__content stk-content-align stk-08a909b-column alignwide stk-container stk-08a909b-container stk--no-background stk--no-padding\"><div class=\"stk-block-content stk-inner-blocks has-text-align-center stk-08a909b-inner-blocks\">\n<div class=\"wp-block-stackable-heading stk-block-heading stk-block-heading--v2 stk-block stk-c15fb3c\" id=\"strong-iso-24089-amp-ece-r-156-br-yazilim-guncelleme-strong\" data-block-id=\"c15fb3c\"><style>.stk-c15fb3c {margin-bottom:43px !important;}.stk-c15fb3c .stk-block-heading__text{font-size:51px !important;color:#FFFFFF !important;font-weight:300 !important;font-family:\"IBM Plex Sans\", Sans-serif !important;}@media screen and (max-width:999px){.stk-c15fb3c .stk-block-heading__text{font-size:50px !important;}}<\/style><h1 class=\"stk-block-heading__text has-text-color has-white-color\"><strong>ISO 24089 &amp; ECE R156<br\/>SZOFTVERFRISS\u00cdT\u00c9S<\/strong><\/h1><\/div>\n\n\n\n<div class=\"wp-block-stackable-text stk-block-text stk-block stk-cb47353\" data-block-id=\"cb47353\"><style>.stk-cb47353 .stk-block-text__text{color:#FFFFFF !important;}<\/style><p class=\"stk-block-text__text has-text-color has-white-color\"><br\/>Az aut\u00f3iparban a n\u00f6vekv\u0151 kiberfenyeget\u00e9sek \u00e9s a rendszerek \u00f6sszetetts\u00e9ge miatt a szoftverfriss\u00edt\u00e9sek nemcsak a funkcionalit\u00e1s, hanem a biztons\u00e1g \u00e9s a jogszab\u00e1lyi megfelel\u00e9s szempontj\u00e1b\u00f3l is kritikus elemm\u00e9 v\u00e1ltak.<\/p><\/div>\n\n\n\n<div class=\"wp-block-stackable-button-group stk-block-button-group stk-block stk-89d9702\" data-block-id=\"89d9702\"><div class=\"stk-row stk-inner-blocks stk-block-content stk-button-group\">\n<div class=\"wp-block-stackable-button stk-block-button stk-block stk-1a15986\" data-block-id=\"1a15986\"><style>.stk-1a15986 .stk-button{padding-right:32px !important;padding-left:32px !important;background:var(--theme-palette-color-2, #009bdd) !important;}.stk-1a15986 .stk-button__inner-text{font-family:\"IBM Plex Sans\", Sans-serif !important;}<\/style><a class=\"stk-link stk-button stk--hover-effect-darken\" href=\"https:\/\/www.optival.com.tr\/hu\/kapcsolatfelvetel\/\"><span class=\"stk-button__inner-text\">R\u00e9szletes inform\u00e1ci\u00f3k \u00e9s aj\u00e1nlatk\u00e9r\u00e9s<\/span><\/a><\/div>\n<\/div><\/div>\n<\/div><\/div><div class=\"stk-separator stk-separator__bottom\"><div class=\"stk-separator__wrapper\"><svg xmlns=\"http:\/\/www.w3.org\/2000\/svg\" viewBox=\"0 0 1600 200\" class=\"stk-separator__layer-1\" preserveAspectRatio=\"none\" aria-hidden=\"true\"><path class=\"slant-1_svg__st2\" d=\"M-10 210h1620V.5L-10 183.9z\"><\/path><\/svg><\/div><\/div><\/div>\n\n<p>A j\u00e1rm\u0171vekben haszn\u00e1lt vez\u00e9rl\u0151rendszerek \u00e9s elektronikus alkatr\u00e9szek dinamikus fel\u00e9p\u00edt\u00e9s\u0171ek, \u00e9s a szoftverrel egy\u00fctt folyamatosan fejl\u0151dnek. Az aut\u00f3iparban a n\u00f6vekv\u0151 kiberfenyeget\u00e9sek \u00e9s a rendszerek \u00f6sszetetts\u00e9ge miatt a szoftverfriss\u00edt\u00e9sek nemcsak a funkcionalit\u00e1s, hanem a biztons\u00e1g \u00e9s a jogszab\u00e1lyi megfelel\u00e9s szempontj\u00e1b\u00f3l is kritikus elemm\u00e9 v\u00e1ltak. <\/p>\n\n<p>Az UNECE R156 rendelet \u00e9s az ISO 24089 szabv\u00e1ny meghat\u00e1rozza, hogy a gy\u00e1rt\u00f3nak hogyan kell ir\u00e1ny\u00edtania a szoftverfriss\u00edt\u00e9si folyamatokat, \u00e9s hogyan kell ezeket a folyamatokat nyomon k\u00f6vethet\u0151, biztons\u00e1gos \u00e9s ellen\u0151rizhet\u0151 m\u00f3don v\u00e9grehajtani. Ebben az \u00f6sszef\u00fcgg\u00e9sben az Optival biztons\u00e1gos szoftverfriss\u00edt\u00e9s-kezel\u00e9si \u00e9s ellen\u0151rz\u00e9si megold\u00e1sokat k\u00edn\u00e1l a j\u00e1rm\u0171gy\u00e1rt\u00f3k \u00e9s a rendszerszolg\u00e1ltat\u00f3k sz\u00e1m\u00e1ra. <\/p>\n\n<h3 class=\"wp-block-heading\" id=\"regulasyonlara-uyum-unece-r156\"><strong>Szab\u00e1lyoz\u00e1si megfelel\u00e9s: UNECE R156<\/strong><\/h3>\n\n<p>Az UNECE R156 kimondja, hogy a j\u00e1rm\u0171 teljes \u00e9letciklusa sor\u00e1n szoftverfriss\u00edt\u00e9seket kell v\u00e9gezni:<\/p>\n\n<ul class=\"wp-block-list\">\n<li>Biztons\u00e1gos,<\/li>\n\n\n\n<li>Nyomon k\u00f6vethet\u0151,<\/li>\n\n\n\n<li>Enged\u00e9lyezett<\/li>\n\n\n\n<li>Dokument\u00e1lhat\u00f3<\/li>\n<\/ul>\n\n<p>\u00fagy kell v\u00e9grehajtani, hogy az k\u00f6telez\u0151 legyen. A t\u00edpusj\u00f3v\u00e1hagy\u00e1si elj\u00e1r\u00e1s sor\u00e1n a gy\u00e1rt\u00f3knak a megfelel\u0151s\u00e9gi tan\u00fas\u00edtv\u00e1nnyal (CoC) ell\u00e1tott szoftverfriss\u00edt\u00e9s-kezel\u0151 rendszert (SUMS) kell telep\u00edteni\u00fck. <\/p>\n\n<h3 class=\"wp-block-heading\" id=\"hizmet-kapsamimiz\"><strong>Szolg\u00e1ltat\u00e1saink k\u00f6re<\/strong><\/h3>\n\n<p>Az Optival a k\u00f6vetkez\u0151 ter\u00fcleteken k\u00edn\u00e1l szakmai szolg\u00e1ltat\u00e1sokat a szoftverfriss\u00edt\u00e9sekkel kapcsolatban:<\/p>\n\n<ul class=\"wp-block-list\">\n<li>Tudatoss\u00e1gn\u00f6vel\u0151 k\u00e9pz\u00e9sek,<\/li>\n\n\n\n<li>SUMS telep\u00edt\u00e9si t\u00e1mogat\u00e1s,<\/li>\n\n\n\n<li>RXSWIN k\u00f3dazonos\u00edt\u00e1s t\u00e1mogat\u00e1sa,<\/li>\n\n\n\n<li>Szoftverfriss\u00edt\u00e9si folyamat audit\u00e1l\u00e1sa (SU Audit) \u00e9s term\u00e9kaudit (SU Assessment),<\/li>\n\n\n\n<li>Szoftverfriss\u00edt\u00e9si tesztek,<\/li>\n\n\n\n<li>A t\u00edpusj\u00f3v\u00e1hagy\u00e1si folyamatok t\u00e1mogat\u00e1sa.<\/li>\n<\/ul>\n\n<div class=\"wp-block-uagb-container uagb-block-qfblos6n alignfull uagb-is-root-container\"><div class=\"uagb-container-inner-blocks-wrap\">\n<div class=\"wp-block-uagb-info-box uagb-block-27d9tlue uagb-infobox__content-wrap  uagb-infobox-icon-above-title uagb-infobox-image-valign-top\"><div class=\"uagb-ifb-content\"><div class=\"uagb-ifb-icon-wrap\"><svg xmlns=\"https:\/\/www.w3.org\/2000\/svg\" viewbox=\"0 0 512 512\"><path d=\"M0 256C0 114.6 114.6 0 256 0C397.4 0 512 114.6 512 256C512 397.4 397.4 512 256 512C114.6 512 0 397.4 0 256zM371.8 211.8C382.7 200.9 382.7 183.1 371.8 172.2C360.9 161.3 343.1 161.3 332.2 172.2L224 280.4L179.8 236.2C168.9 225.3 151.1 225.3 140.2 236.2C129.3 247.1 129.3 264.9 140.2 275.8L204.2 339.8C215.1 350.7 232.9 350.7 243.8 339.8L371.8 211.8z\"><\/path><\/svg><\/div><div class=\"uagb-ifb-title-wrap\"><h3 class=\"uagb-ifb-title\">Mi\u00e9rt az Optival?<\/h3><\/div><p class=\"uagb-ifb-desc\">Az Optival, amelyet az aut\u00f3iparban a term\u00e9kfejleszt\u00e9s, a tesztel\u00e9s \u00e9s a tan\u00fas\u00edt\u00e1s szak\u00e9rt\u0151ib\u0151l \u00e1ll\u00f3 csapat alap\u00edtott, a tesztel\u00e9si \u00e9s tan\u00fas\u00edt\u00e1si szolg\u00e1ltat\u00e1sok ter\u00fclet\u00e9n is tev\u00e9kenykedik.  <br\/><\/p><\/div><\/div>\n\n\n\n<div class=\"wp-block-uagb-container uagb-block-liqci5pg\">\n<div class=\"wp-block-uagb-info-box uagb-block-koghw58x uagb-infobox__content-wrap  uagb-infobox-icon-above-title uagb-infobox-image-valign-top\"><div class=\"uagb-ifb-content\"><div class=\"uagb-ifb-icon-wrap\"><svg xmlns=\"https:\/\/www.w3.org\/2000\/svg\" viewbox=\"0 0 448 512\"><path d=\"M438.6 105.4C451.1 117.9 451.1 138.1 438.6 150.6L182.6 406.6C170.1 419.1 149.9 419.1 137.4 406.6L9.372 278.6C-3.124 266.1-3.124 245.9 9.372 233.4C21.87 220.9 42.13 220.9 54.63 233.4L159.1 338.7L393.4 105.4C405.9 92.88 426.1 92.88 438.6 105.4H438.6z\"><\/path><\/svg><\/div><div class=\"uagb-ifb-title-wrap\"><h3 class=\"uagb-ifb-title\">M\u0171szaki szak\u00e9rtelem<\/h3><\/div><p class=\"uagb-ifb-desc\">Technikai szak\u00e9rtelem \u00e9s projekttapasztalat az UNECE R156 keret\u00e9ben<\/p><div class=\"uagb-ifb-separator\"><\/div><\/div><\/div>\n\n\n\n<div class=\"wp-block-uagb-info-box uagb-block-2aqtb9he uagb-infobox__content-wrap  uagb-infobox-icon-above-title uagb-infobox-image-valign-top\"><div class=\"uagb-ifb-content\"><div class=\"uagb-ifb-icon-wrap\"><svg xmlns=\"https:\/\/www.w3.org\/2000\/svg\" viewbox=\"0 0 448 512\"><path d=\"M438.6 105.4C451.1 117.9 451.1 138.1 438.6 150.6L182.6 406.6C170.1 419.1 149.9 419.1 137.4 406.6L9.372 278.6C-3.124 266.1-3.124 245.9 9.372 233.4C21.87 220.9 42.13 220.9 54.63 233.4L159.1 338.7L393.4 105.4C405.9 92.88 426.1 92.88 438.6 105.4H438.6z\"><\/path><\/svg><\/div><div class=\"uagb-ifb-title-wrap\"><h3 class=\"uagb-ifb-title\">Integr\u00e1lt \u00e9rt\u00e9kel\u00e9s<\/h3><\/div><p class=\"uagb-ifb-desc\">A szoftverfriss\u00edt\u00e9sek \u00e9rt\u00e9kel\u00e9se a funkcion\u00e1lis biztons\u00e1ggal \u00e9s a kiberbiztons\u00e1ggal val\u00f3 integr\u00e1ci\u00f3ban<\/p><div class=\"uagb-ifb-separator\"><\/div><\/div><\/div>\n\n\n\n<div class=\"wp-block-uagb-info-box uagb-block-f9nvyirb uagb-infobox__content-wrap  uagb-infobox-icon-above-title uagb-infobox-image-valign-top\"><div class=\"uagb-ifb-content\"><div class=\"uagb-ifb-icon-wrap\"><svg xmlns=\"https:\/\/www.w3.org\/2000\/svg\" viewbox=\"0 0 448 512\"><path d=\"M438.6 105.4C451.1 117.9 451.1 138.1 438.6 150.6L182.6 406.6C170.1 419.1 149.9 419.1 137.4 406.6L9.372 278.6C-3.124 266.1-3.124 245.9 9.372 233.4C21.87 220.9 42.13 220.9 54.63 233.4L159.1 338.7L393.4 105.4C405.9 92.88 426.1 92.88 438.6 105.4H438.6z\"><\/path><\/svg><\/div><div class=\"uagb-ifb-title-wrap\"><h3 class=\"uagb-ifb-title\">Teljesen kompatibilis<\/h3><\/div><p class=\"uagb-ifb-desc\">Szab\u00e1lyoz\u00e1si munkafolyamatok, vizsg\u00e1lati eredm\u00e9nyek \u00e9s jelent\u00e9st\u00e9teli form\u00e1tumok<\/p><div class=\"uagb-ifb-separator\"><\/div><\/div><\/div>\n\n\n\n<div class=\"wp-block-uagb-info-box uagb-block-52eba4a2 uagb-infobox__content-wrap  uagb-infobox-icon-above-title uagb-infobox-image-valign-top\"><div class=\"uagb-ifb-content\"><div class=\"uagb-ifb-icon-wrap\"><svg xmlns=\"https:\/\/www.w3.org\/2000\/svg\" viewbox=\"0 0 448 512\"><path d=\"M438.6 105.4C451.1 117.9 451.1 138.1 438.6 150.6L182.6 406.6C170.1 419.1 149.9 419.1 137.4 406.6L9.372 278.6C-3.124 266.1-3.124 245.9 9.372 233.4C21.87 220.9 42.13 220.9 54.63 233.4L159.1 338.7L393.4 105.4C405.9 92.88 426.1 92.88 438.6 105.4H438.6z\"><\/path><\/svg><\/div><div class=\"uagb-ifb-title-wrap\"><h3 class=\"uagb-ifb-title\">Gyors \u00e9s tervezett<\/h3><\/div><p class=\"uagb-ifb-desc\">Gyors tervez\u00e9s \u00e9s int\u00e9zked\u00e9sek<\/p><div class=\"uagb-ifb-separator\"><\/div><\/div><\/div>\n<\/div>\n<\/div><\/div>\n","protected":false},"excerpt":{"rendered":"<p>ISO 24089 &amp; ECE R156SZOFTVERFRISS\u00cdT\u00c9S Az aut\u00f3iparban a n\u00f6vekv\u0151 kiberfenyeget\u00e9sek \u00e9s a rendszerek \u00f6sszetetts\u00e9ge miatt a szoftverfriss\u00edt\u00e9sek nemcsak a funkcionalit\u00e1s, hanem a biztons\u00e1g \u00e9s a jogszab\u00e1lyi megfelel\u00e9s szempontj\u00e1b\u00f3l is kritikus elemm\u00e9 v\u00e1ltak. R\u00e9szletes inform\u00e1ci\u00f3k \u00e9s aj\u00e1nlatk\u00e9r\u00e9s A j\u00e1rm\u0171vekben haszn\u00e1lt vez\u00e9rl\u0151rendszerek \u00e9s elektronikus alkatr\u00e9szek dinamikus fel\u00e9p\u00edt\u00e9s\u0171ek, \u00e9s a szoftverrel egy\u00fctt folyamatosan fejl\u0151dnek. Az aut\u00f3iparban a n\u00f6vekv\u0151 [&hellip;]<\/p>\n","protected":false},"author":1,"featured_media":1573,"parent":0,"menu_order":0,"comment_status":"closed","ping_status":"closed","template":"","meta":{"_gspb_post_css":"","_uag_custom_page_level_css":"","footnotes":""},"class_list":["post-1570","page","type-page","status-publish","has-post-thumbnail","hentry"],"blocksy_meta":{"vertical_spacing_source":"custom","content_area_spacing":"bottom","has_hero_section":"disabled","styles_descriptor":{"styles":{"desktop":"","tablet":"","mobile":""},"google_fonts":[],"version":6}},"uagb_featured_image_src":{"full":["https:\/\/www.optival.com.tr\/wp-content\/uploads\/2025\/09\/Yazilim-Guncelleme-ECE-R156.webp",1920,1080,false],"thumbnail":["https:\/\/www.optival.com.tr\/wp-content\/uploads\/2025\/09\/Yazilim-Guncelleme-ECE-R156-150x150.webp",150,150,true],"medium":["https:\/\/www.optival.com.tr\/wp-content\/uploads\/2025\/09\/Yazilim-Guncelleme-ECE-R156-300x169.webp",300,169,true],"medium_large":["https:\/\/www.optival.com.tr\/wp-content\/uploads\/2025\/09\/Yazilim-Guncelleme-ECE-R156-768x432.webp",768,432,true],"large":["https:\/\/www.optival.com.tr\/wp-content\/uploads\/2025\/09\/Yazilim-Guncelleme-ECE-R156-1024x576.webp",1024,576,true],"1536x1536":["https:\/\/www.optival.com.tr\/wp-content\/uploads\/2025\/09\/Yazilim-Guncelleme-ECE-R156-1536x864.webp",1536,864,true],"2048x2048":["https:\/\/www.optival.com.tr\/wp-content\/uploads\/2025\/09\/Yazilim-Guncelleme-ECE-R156.webp",1920,1080,false]},"uagb_author_info":{"display_name":"optival_8yofdn","author_link":"https:\/\/www.optival.com.tr\/hu\/author\/optival_8yofdn\/"},"uagb_comment_info":0,"uagb_excerpt":"ISO 24089 &amp; ECE R156SZOFTVERFRISS\u00cdT\u00c9S Az aut\u00f3iparban a n\u00f6vekv\u0151 kiberfenyeget\u00e9sek \u00e9s a rendszerek \u00f6sszetetts\u00e9ge miatt a szoftverfriss\u00edt\u00e9sek nemcsak a funkcionalit\u00e1s, hanem a biztons\u00e1g \u00e9s a jogszab\u00e1lyi megfelel\u00e9s szempontj\u00e1b\u00f3l is kritikus elemm\u00e9 v\u00e1ltak. R\u00e9szletes inform\u00e1ci\u00f3k \u00e9s aj\u00e1nlatk\u00e9r\u00e9s A j\u00e1rm\u0171vekben haszn\u00e1lt vez\u00e9rl\u0151rendszerek \u00e9s elektronikus alkatr\u00e9szek dinamikus fel\u00e9p\u00edt\u00e9s\u0171ek, \u00e9s a szoftverrel egy\u00fctt folyamatosan fejl\u0151dnek. Az aut\u00f3iparban a n\u00f6vekv\u0151&hellip;","_links":{"self":[{"href":"https:\/\/www.optival.com.tr\/hu\/wp-json\/wp\/v2\/pages\/1570","targetHints":{"allow":["GET"]}}],"collection":[{"href":"https:\/\/www.optival.com.tr\/hu\/wp-json\/wp\/v2\/pages"}],"about":[{"href":"https:\/\/www.optival.com.tr\/hu\/wp-json\/wp\/v2\/types\/page"}],"author":[{"embeddable":true,"href":"https:\/\/www.optival.com.tr\/hu\/wp-json\/wp\/v2\/users\/1"}],"replies":[{"embeddable":true,"href":"https:\/\/www.optival.com.tr\/hu\/wp-json\/wp\/v2\/comments?post=1570"}],"version-history":[{"count":1,"href":"https:\/\/www.optival.com.tr\/hu\/wp-json\/wp\/v2\/pages\/1570\/revisions"}],"predecessor-version":[{"id":1575,"href":"https:\/\/www.optival.com.tr\/hu\/wp-json\/wp\/v2\/pages\/1570\/revisions\/1575"}],"wp:featuredmedia":[{"embeddable":true,"href":"https:\/\/www.optival.com.tr\/hu\/wp-json\/wp\/v2\/media\/1573"}],"wp:attachment":[{"href":"https:\/\/www.optival.com.tr\/hu\/wp-json\/wp\/v2\/media?parent=1570"}],"curies":[{"name":"wp","href":"https:\/\/api.w.org\/{rel}","templated":true}]}}