{"id":1581,"date":"2024-09-06T21:55:24","date_gmt":"2024-09-06T18:55:24","guid":{"rendered":"https:\/\/www.optival.com.tr\/laboratorium\/elektromagneses-osszeferhetoseg-emc\/"},"modified":"2025-12-12T11:34:04","modified_gmt":"2025-12-12T08:34:04","slug":"elektromagneses-osszeferhetoseg-emc","status":"publish","type":"page","link":"https:\/\/www.optival.com.tr\/hu\/laboratorium\/elektromagneses-osszeferhetoseg-emc\/","title":{"rendered":"Elektrom\u00e1gneses \u00f6sszef\u00e9rhet\u0151s\u00e9g (EMC)"},"content":{"rendered":"\n<div class=\"wp-block-stackable-hero alignfull stk-block-hero stk-has-bottom-separator stk-block stk-08a909b stk-block-background stk--has-background-overlay\" data-v=\"2\" data-block-id=\"08a909b\"><style>.stk-08a909b {background-color:#000000 !important;background-image:url(https:\/\/www.optival.com.tr\/wp-content\/uploads\/2024\/09\/Elektromanyetik-uyumluluk-EMC-Tip-Onayi-ECE-R10.jpg) !important;min-height:900px !important;align-items:center !important;display:flex !important;}.stk-08a909b:before{background-color:#000000 !important;opacity:0.7 !important;}.stk-08a909b .stk-block-hero__content{min-height:500px !important;align-items:center !important;display:flex !important;}<\/style><div class=\"stk-block-hero__content stk-content-align stk-08a909b-column alignwide stk-container stk-08a909b-container stk--no-background stk--no-padding\"><div class=\"stk-block-content stk-inner-blocks has-text-align-center stk-08a909b-inner-blocks\">\n<div class=\"wp-block-stackable-heading stk-block-heading stk-block-heading--v2 stk-block stk-c15fb3c\" id=\"elektromanyetik-uyumluluk-emc\" data-block-id=\"c15fb3c\"><style>.stk-c15fb3c {margin-bottom:67px !important;}.stk-c15fb3c .stk-block-heading__text{font-size:64px !important;color:#FFFFFF !important;font-weight:300 !important;font-family:\"IBM Plex Sans\", Sans-serif !important;}@media screen and (max-width:999px){.stk-c15fb3c .stk-block-heading__text{font-size:50px !important;}}<\/style><h1 class=\"stk-block-heading__text has-text-color has-white-color\">Elektrom\u00e1gneses \u00f6sszef\u00e9rhet\u0151s\u00e9g (EMC)<\/h1><\/div>\n\n\n\n<div class=\"wp-block-stackable-text stk-block-text stk-block stk-cb47353\" data-block-id=\"cb47353\"><style>.stk-cb47353 .stk-block-text__text{color:#FFFFFF !important;}<\/style><p class=\"stk-block-text__text has-text-color has-white-color\">Az Optival rendelkezik az <strong>\u00f6sszes alkalmazand\u00f3 aut\u00f3ipari EMC-vizsg\u00e1lat<\/strong> elv\u00e9gz\u00e9s\u00e9hez sz\u00fcks\u00e9ges laborat\u00f3riumi h\u00e1l\u00f3zattal \u00e9s szak\u00e9rtelemmel <strong>, k\u00fcl\u00f6n\u00f6sen a<\/strong> k\u00f6z\u00fati j\u00e1rm\u0171vekre \u00e9s alkatr\u00e9szekre vonatkoz\u00f3 <strong>ECE R10 el\u0151\u00edr\u00e1s szerint<\/strong>.<\/p><\/div>\n\n\n\n<div class=\"wp-block-stackable-button-group stk-block-button-group stk-block stk-89d9702\" data-block-id=\"89d9702\"><div class=\"stk-row stk-inner-blocks stk-block-content stk-button-group\">\n<div class=\"wp-block-stackable-button stk-block-button stk-block stk-1a15986\" data-block-id=\"1a15986\"><style>.stk-1a15986 .stk-button{padding-right:32px !important;padding-left:32px !important;background:var(--theme-palette-color-2, #009bdd) !important;}.stk-1a15986 .stk-button__inner-text{font-family:\"IBM Plex Sans\", Sans-serif !important;}<\/style><a class=\"stk-link stk-button stk--hover-effect-darken\" href=\"https:\/\/www.optival.com.tr\/hu\/kapcsolatfelvetel\/\"><span class=\"stk-button__inner-text\">R\u00e9szletes inform\u00e1ci\u00f3k \u00e9s aj\u00e1nlatk\u00e9r\u00e9s<\/span><\/a><\/div>\n<\/div><\/div>\n<\/div><\/div><div class=\"stk-separator stk-separator__bottom\"><div class=\"stk-separator__wrapper\"><svg xmlns=\"http:\/\/www.w3.org\/2000\/svg\" viewBox=\"0 0 1600 200\" class=\"stk-separator__layer-1\" preserveAspectRatio=\"none\" aria-hidden=\"true\"><path class=\"slant-2_svg__st1\" d=\"M1610 39.2V209H-10V39.2l810 118.9 810-118.9z\"><\/path><\/svg><\/div><\/div><\/div>\n\n<div class=\"wp-block-stackable-columns alignwide stk-block-columns stk-block stk-40a0174\" data-block-id=\"40a0174\"><style>.stk-40a0174 {margin-bottom:0px !important;}<\/style><div class=\"stk-row stk-inner-blocks stk-block-content stk-content-align stk-40a0174-column alignwide\">\n<div class=\"wp-block-stackable-column stk-block-column stk-column stk-block stk-2737abf\" data-v=\"4\" data-block-id=\"2737abf\"><div class=\"stk-column-wrapper stk-block-column__content stk-container stk-2737abf-container stk--no-background stk--no-padding\"><div class=\"stk-block-content stk-inner-blocks stk-2737abf-inner-blocks\">\n<p>A modern j\u00e1rm\u0171vek nagysz\u00e1m\u00fa elektronikus vez\u00e9rl\u0151egys\u00e9ggel (ECU), kommunik\u00e1ci\u00f3s h\u00e1l\u00f3zattal \u00e9s \u00e9rz\u00e9kel\u0151rendszerrel rendelkeznek. A biztons\u00e1gos vezet\u00e9s \u00e9s a jogszab\u00e1lyoknak val\u00f3 megfelel\u00e9s szempontj\u00e1b\u00f3l kritikus fontoss\u00e1g\u00fa, hogy ezek a <strong>rendszerek elektrom\u00e1gneses harm\u00f3ni\u00e1ban m\u0171k\u00f6djenek<\/strong> egym\u00e1ssal \u00e9s <strong>immunisak legyenek<\/strong> a k\u00f6rnyezeti elektrom\u00e1gneses hat\u00e1sokkal szemben. <\/p>\n\n\n\n<p>Az Optival rendelkezik az <strong>\u00f6sszes alkalmazand\u00f3 aut\u00f3ipari EMC-vizsg\u00e1lat<\/strong> elv\u00e9gz\u00e9s\u00e9hez sz\u00fcks\u00e9ges laborat\u00f3riumi h\u00e1l\u00f3zattal \u00e9s szak\u00e9rtelemmel <strong>, k\u00fcl\u00f6n\u00f6sen a<\/strong> k\u00f6z\u00fati j\u00e1rm\u0171vekre \u00e9s alkatr\u00e9szekre vonatkoz\u00f3 <strong>ECE R10 el\u0151\u00edr\u00e1s szerint<\/strong>.<\/p>\n\n\n\n<p><strong>EMC-vizsg\u00e1lati szolg\u00e1ltat\u00e1sainkat<\/strong> ig\u00e9nybe veheti, hogy rendszere elektrom\u00e1gneses szempontb\u00f3l biztons\u00e1gos \u00e9s teljes m\u00e9rt\u00e9kben megfelel\u0151 legyen.<\/p>\n\n\n\n<p>Vegye fel vel\u00fcnk a kapcsolatot mintaalap\u00fa \u00e1raj\u00e1nlat\u00e9rt vagy el\u0151zetes \u00e9rt\u00e9kel\u00e9s\u00e9rt.<\/p>\n<\/div><\/div><\/div>\n\n\n\n<div class=\"wp-block-stackable-column stk-block-column stk-column stk-block stk-80e789c\" data-v=\"4\" data-block-id=\"80e789c\"><div class=\"stk-column-wrapper stk-block-column__content stk-container stk-80e789c-container stk--no-background stk--no-padding\"><div class=\"stk-block-content stk-inner-blocks stk-80e789c-inner-blocks\">\n<div class=\"wp-block-stackable-image stk-block-image stk-block stk-6f3ff6b\" data-block-id=\"6f3ff6b\"><style>.stk-6f3ff6b .stk-img-wrapper:hover img{object-position:42% 62% !important;}.stk-6f3ff6b .stk-img-wrapper::before{background-image:linear-gradient(135deg,rgba(3,3,130,0.51) 0%,rgba(40,118,252,0.45) 100%) !important;--stk-gradient-overlay:0.1 !important;}<\/style><figure><span class=\"stk-img-wrapper stk-image--shape-stretch stk-img--gradient-overlay\"><img decoding=\"async\" class=\"stk-img wp-image-1365\" src=\"https:\/\/www.optival.com.tr\/wp-content\/uploads\/2025\/07\/Elektromanyetik-Uyumluluk-EMC-R10-Laboratuvar-Tip-Onay.webp\" width=\"1920\" height=\"1080\" alt=\"Elektrom&#xE1;gneses &#xF6;sszef&#xE9;rhet&#x151;s&#xE9;g - EMC - R10 laborat&#xF3;rium - t&#xED;pusj&#xF3;v&#xE1;hagy&#xE1;s\" title=\"\" srcset=\"https:\/\/www.optival.com.tr\/wp-content\/uploads\/2025\/07\/Elektromanyetik-Uyumluluk-EMC-R10-Laboratuvar-Tip-Onay.webp 1920w, https:\/\/www.optival.com.tr\/wp-content\/uploads\/2025\/07\/Elektromanyetik-Uyumluluk-EMC-R10-Laboratuvar-Tip-Onay-300x169.webp 300w, https:\/\/www.optival.com.tr\/wp-content\/uploads\/2025\/07\/Elektromanyetik-Uyumluluk-EMC-R10-Laboratuvar-Tip-Onay-1024x576.webp 1024w, https:\/\/www.optival.com.tr\/wp-content\/uploads\/2025\/07\/Elektromanyetik-Uyumluluk-EMC-R10-Laboratuvar-Tip-Onay-768x432.webp 768w, https:\/\/www.optival.com.tr\/wp-content\/uploads\/2025\/07\/Elektromanyetik-Uyumluluk-EMC-R10-Laboratuvar-Tip-Onay-1536x864.webp 1536w\" sizes=\"(max-width: 1920px) 100vw, 1920px\" \/><\/span><\/figure><\/div>\n<\/div><\/div><\/div>\n<\/div><\/div>\n\n<div class=\"wp-block-stackable-feature-grid alignwide stk-block-feature-grid stk-block-columns stk-block stk-4728ed7 stk-block-background is-style-float stk--has-background-overlay\" data-block-id=\"4728ed7\"><style>.stk-4728ed7 {background-color:linear-gradient(328deg,#fdfbfb 0%,#ebedee 100%) !important;margin-bottom:0px !important;}.stk-4728ed7:before{background-image:linear-gradient(328deg,#fdfbfb 0%,#ebedee 100%) !important;}<\/style><div class=\"stk-row stk-inner-blocks has-text-align-center stk-block-content stk-content-align stk-4728ed7-column alignwide\">\n<div class=\"wp-block-stackable-column stk-block-column stk-column stk-block stk-21a17fe\" data-v=\"4\" data-block-id=\"21a17fe\"><style>.stk-21a17fe-container{padding-left:80px !important;}<\/style><div class=\"stk-column-wrapper stk-block-column__content stk-container stk-21a17fe-container stk--no-background stk--no-padding\"><div class=\"has-text-align-left stk-block-content stk-inner-blocks stk-21a17fe-inner-blocks\">\n<div class=\"wp-block-stackable-icon-label stk-block-icon-label stk-block stk-8130a6e\" data-block-id=\"8130a6e\"><div class=\"stk-row stk-inner-blocks stk-block-content\">\n<div class=\"wp-block-stackable-icon stk-block-icon has-text-align-left stk-block stk-b54e2fe\" data-block-id=\"b54e2fe\"><span class=\"stk--svg-wrapper\"><div class=\"stk--inner-svg\"><svg style=\"height:0;width:0\"><defs><lineargradient id=\"linear-gradient-b54e2fe\" x1=\"0\" x2=\"100%\" y1=\"0\" y2=\"0\"><stop offset=\"0%\" style=\"stop-opacity:1;stop-color:var(--linear-gradient-b-54-e-2-fe-color-1)\"><\/stop><stop offset=\"100%\" style=\"stop-opacity:1;stop-color:var(--linear-gradient-b-54-e-2-fe-color-2)\"><\/stop><\/lineargradient><\/defs><\/svg><svg xmlns=\"http:\/\/www.w3.org\/2000\/svg\" viewbox=\"0 0 512 512\" aria-hidden=\"true\" width=\"32\" height=\"32\"><path d=\"M32 32C14.3 32 0 46.3 0 64S14.3 96 32 96V384c0 53 43 96 96 96c28.6 0 54.2-12.5 71.8-32.3c.1-14.2 5.6-28.3 16.4-39.1c.2-.2 .1-.6-.2-.6c-30.9 0-56-25.1-56-56s25.1-56 56-56c.3 0 .4-.4 .2-.6c-21.9-21.9-21.9-57.3 0-79.2c2.4-2.4 5-4.6 7.8-6.5V96c17.7 0 32-14.3 32-32s-14.3-32-32-32H160 96 32zM96 192V96h64v96H96zM216 376c28.8 0 43.2 34.8 22.9 55.2c-9.4 9.4-9.4 24.6 0 33.9s24.6 9.4 33.9 0c20.4-20.4 55.2-5.9 55.2 22.9c0 13.3 10.7 24 24 24s24-10.7 24-24c0-28.8 34.8-43.2 55.2-22.9c9.4 9.4 24.6 9.4 33.9 0s9.4-24.6 0-33.9C444.8 410.8 459.2 376 488 376c13.3 0 24-10.7 24-24s-10.7-24-24-24c-28.8 0-43.2-34.8-22.9-55.2c9.4-9.4 9.4-24.6 0-33.9s-24.6-9.4-33.9 0C410.8 259.2 376 244.8 376 216c0-13.3-10.7-24-24-24s-24 10.7-24 24c0 28.8-34.8 43.2-55.2 22.9c-9.4-9.4-24.6-9.4-33.9 0s-9.4 24.6 0 33.9c20.4 20.4 5.9 55.2-22.9 55.2c-13.3 0-24 10.7-24 24s10.7 24 24 24zm104-88a32 32 0 1 1 0 64 32 32 0 1 1 0-64zm40 96a24 24 0 1 1 48 0 24 24 0 1 1 -48 0z\"><\/path><\/svg><\/div><\/span><\/div>\n\n\n\n<div class=\"wp-block-stackable-heading stk-block-heading stk-block-heading--v2 stk-block stk-c108bb8\" id=\"test-hizmetleri\" data-block-id=\"c108bb8\"><h3 class=\"stk-block-heading__text\">Tesztel\u00e9si szolg\u00e1ltat\u00e1sok<\/h3><\/div>\n<\/div><\/div>\n\n\n\n<p>&#8211; Ny\u00edlt terepi vizsg\u00e1latok j\u00e1rm\u0171vek eset\u00e9ben<\/p>\n\n\n\n<p>&#8211; Kompatibilit\u00e1si tesztek az alkatr\u00e9szekre,<\/p>\n\n\n\n<p>&#8211; Megfelel\u00e9s az aktu\u00e1lis szintre vonatkoz\u00f3 szab\u00e1lyoz\u00e1soknak<\/p>\n\n\n\n<p>&#8211; Vegye fel vel\u00fcnk a kapcsolatot most a vizsg\u00e1lati elj\u00e1r\u00e1sokkal kapcsolatos r\u00e9szletes inform\u00e1ci\u00f3k\u00e9rt.<\/p>\n<\/div><\/div><\/div>\n\n\n\n<div class=\"wp-block-stackable-column stk-block-column stk-column stk-block stk-2d9bed5\" data-v=\"4\" data-block-id=\"2d9bed5\"><style>.stk-2d9bed5-container{padding-left:80px !important;}<\/style><div class=\"stk-column-wrapper stk-block-column__content stk-container stk-2d9bed5-container stk--no-background stk--no-padding\"><div class=\"has-text-align-left stk-block-content stk-inner-blocks stk-2d9bed5-inner-blocks\">\n<div class=\"wp-block-stackable-icon-label stk-block-icon-label stk-block stk-9842193\" data-block-id=\"9842193\"><div class=\"stk-row stk-inner-blocks stk-block-content\">\n<div class=\"wp-block-stackable-icon stk-block-icon has-text-align-left stk-block stk-6f7a3ad\" data-block-id=\"6f7a3ad\"><span class=\"stk--svg-wrapper\"><div class=\"stk--inner-svg\"><svg style=\"height:0;width:0\"><defs><lineargradient id=\"linear-gradient-6f7a3ad\" x1=\"0\" x2=\"100%\" y1=\"0\" y2=\"0\"><stop offset=\"0%\" style=\"stop-opacity:1;stop-color:var(--linear-gradient-6-f-7-a-3-ad-color-1)\"><\/stop><stop offset=\"100%\" style=\"stop-opacity:1;stop-color:var(--linear-gradient-6-f-7-a-3-ad-color-2)\"><\/stop><\/lineargradient><\/defs><\/svg><svg xmlns=\"http:\/\/www.w3.org\/2000\/svg\" viewbox=\"0 0 512 512\" aria-hidden=\"true\" width=\"32\" height=\"32\"><path d=\"M211 7.3C205 1 196-1.4 187.6 .8s-14.9 8.9-17.1 17.3L154.7 80.6l-62-17.5c-8.4-2.4-17.4 0-23.5 6.1s-8.5 15.1-6.1 23.5l17.5 62L18.1 170.6c-8.4 2.1-15 8.7-17.3 17.1S1 205 7.3 211l46.2 45L7.3 301C1 307-1.4 316 .8 324.4s8.9 14.9 17.3 17.1l62.5 15.8-17.5 62c-2.4 8.4 0 17.4 6.1 23.5s15.1 8.5 23.5 6.1l62-17.5 15.8 62.5c2.1 8.4 8.7 15 17.1 17.3s17.3-.2 23.4-6.4l45-46.2 45 46.2c6.1 6.2 15 8.7 23.4 6.4s14.9-8.9 17.1-17.3l15.8-62.5 62 17.5c8.4 2.4 17.4 0 23.5-6.1s8.5-15.1 6.1-23.5l-17.5-62 62.5-15.8c8.4-2.1 15-8.7 17.3-17.1s-.2-17.4-6.4-23.4l-46.2-45 46.2-45c6.2-6.1 8.7-15 6.4-23.4s-8.9-14.9-17.3-17.1l-62.5-15.8 17.5-62c2.4-8.4 0-17.4-6.1-23.5s-15.1-8.5-23.5-6.1l-62 17.5L341.4 18.1c-2.1-8.4-8.7-15-17.1-17.3S307 1 301 7.3L256 53.5 211 7.3z\"><\/path><\/svg><\/div><\/span><\/div>\n\n\n\n<div class=\"wp-block-stackable-heading stk-block-heading stk-block-heading--v2 stk-block stk-e7d3fae\" id=\"tip-onayi\" data-block-id=\"e7d3fae\"><h2 class=\"stk-block-heading__text\">T\u00edpusj\u00f3v\u00e1hagy\u00e1s<\/h2><\/div>\n<\/div><\/div>\n\n\n\n<p>&#8211; Nemzetk\u00f6zi UN ECE R10 rendszer\u0171 t\u00edpusj\u00f3v\u00e1hagy\u00e1s j\u00e1rm\u0171vek sz\u00e1m\u00e1ra,<\/p>\n\n\n\n<p>&#8211; Forduljon most a nemzetk\u00f6zi ECE R10 rendszer t\u00edpusj\u00f3v\u00e1hagy\u00e1sa miatt az alkatr\u00e9szekhez.<\/p>\n<\/div><\/div><\/div>\n<\/div><\/div>\n\n<div class=\"wp-block-uagb-container uagb-block-qfblos6n alignfull uagb-is-root-container\"><div class=\"uagb-container-inner-blocks-wrap\">\n<div class=\"wp-block-uagb-info-box uagb-block-27d9tlue uagb-infobox__content-wrap  uagb-infobox-icon-above-title uagb-infobox-image-valign-top\"><div class=\"uagb-ifb-content\"><div class=\"uagb-ifb-icon-wrap\"><svg xmlns=\"https:\/\/www.w3.org\/2000\/svg\" viewbox=\"0 0 512 512\"><path d=\"M0 256C0 114.6 114.6 0 256 0C397.4 0 512 114.6 512 256C512 397.4 397.4 512 256 512C114.6 512 0 397.4 0 256zM371.8 211.8C382.7 200.9 382.7 183.1 371.8 172.2C360.9 161.3 343.1 161.3 332.2 172.2L224 280.4L179.8 236.2C168.9 225.3 151.1 225.3 140.2 236.2C129.3 247.1 129.3 264.9 140.2 275.8L204.2 339.8C215.1 350.7 232.9 350.7 243.8 339.8L371.8 211.8z\"><\/path><\/svg><\/div><div class=\"uagb-ifb-title-wrap\"><h3 class=\"uagb-ifb-title\">Mi\u00e9rt az Optival?<\/h3><\/div><p class=\"uagb-ifb-desc\">Az Optival egy olyan laborat\u00f3rium, amely rendelkezik a k\u00f6z\u00fati j\u00e1rm\u0171vek \u00e9s alkatr\u00e9szek valamennyi \u00e9rv\u00e9nyes aut\u00f3ipari EMC-vizsg\u00e1lat\u00e1nak elv\u00e9gz\u00e9s\u00e9hez sz\u00fcks\u00e9ges felszerel\u00e9ssel \u00e9s szak\u00e9rtelemmel, k\u00fcl\u00f6n\u00f6sen az ECE R10 el\u0151\u00edr\u00e1s szerint.<\/p><\/div><\/div>\n\n\n\n<div class=\"wp-block-uagb-container uagb-block-liqci5pg\">\n<div class=\"wp-block-uagb-info-box uagb-block-koghw58x uagb-infobox__content-wrap  uagb-infobox-icon-above-title uagb-infobox-image-valign-top\"><div class=\"uagb-ifb-content\"><div class=\"uagb-ifb-icon-wrap\"><svg xmlns=\"https:\/\/www.w3.org\/2000\/svg\" viewbox=\"0 0 448 512\"><path d=\"M438.6 105.4C451.1 117.9 451.1 138.1 438.6 150.6L182.6 406.6C170.1 419.1 149.9 419.1 137.4 406.6L9.372 278.6C-3.124 266.1-3.124 245.9 9.372 233.4C21.87 220.9 42.13 220.9 54.63 233.4L159.1 338.7L393.4 105.4C405.9 92.88 426.1 92.88 438.6 105.4H438.6z\"><\/path><\/svg><\/div><div class=\"uagb-ifb-title-wrap\"><h3 class=\"uagb-ifb-title\">Laborat\u00f3rium \u00e9s m\u0171szaki szolg\u00e1lat<\/h3><\/div><p class=\"uagb-ifb-desc\"><strong>EMC-vizsg\u00e1latok +<\/strong> folyamatir\u00e1ny\u00edt\u00e1s a k\u00f6zvetlen t\u00edpusj\u00f3v\u00e1hagy\u00e1snak megfelel\u0151en, <strong>m\u0171szaki szolg\u00e1lati enged\u00e9llyel<\/strong> egy\u00fctt<\/p><div class=\"uagb-ifb-separator\"><\/div><\/div><\/div>\n\n\n\n<div class=\"wp-block-uagb-info-box uagb-block-2aqtb9he uagb-infobox__content-wrap  uagb-infobox-icon-above-title uagb-infobox-image-valign-top\"><div class=\"uagb-ifb-content\"><div class=\"uagb-ifb-icon-wrap\"><svg xmlns=\"https:\/\/www.w3.org\/2000\/svg\" viewbox=\"0 0 448 512\"><path d=\"M438.6 105.4C451.1 117.9 451.1 138.1 438.6 150.6L182.6 406.6C170.1 419.1 149.9 419.1 137.4 406.6L9.372 278.6C-3.124 266.1-3.124 245.9 9.372 233.4C21.87 220.9 42.13 220.9 54.63 233.4L159.1 338.7L393.4 105.4C405.9 92.88 426.1 92.88 438.6 105.4H438.6z\"><\/path><\/svg><\/div><div class=\"uagb-ifb-title-wrap\"><h3 class=\"uagb-ifb-title\">Interdiszciplin\u00e1ris szak\u00e9rtelem<\/h3><\/div><p class=\"uagb-ifb-desc\">Interdiszciplin\u00e1ris szak\u00e9rtelem az aut\u00f3elektronika, a szab\u00e1lyoz\u00e1stechnika \u00e9s a tesztalkalmaz\u00e1sok ter\u00e9n<\/p><div class=\"uagb-ifb-separator\"><\/div><\/div><\/div>\n\n\n\n<div class=\"wp-block-uagb-info-box uagb-block-f9nvyirb uagb-infobox__content-wrap  uagb-infobox-icon-above-title uagb-infobox-image-valign-top\"><div class=\"uagb-ifb-content\"><div class=\"uagb-ifb-icon-wrap\"><svg xmlns=\"https:\/\/www.w3.org\/2000\/svg\" viewbox=\"0 0 448 512\"><path d=\"M438.6 105.4C451.1 117.9 451.1 138.1 438.6 150.6L182.6 406.6C170.1 419.1 149.9 419.1 137.4 406.6L9.372 278.6C-3.124 266.1-3.124 245.9 9.372 233.4C21.87 220.9 42.13 220.9 54.63 233.4L159.1 338.7L393.4 105.4C405.9 92.88 426.1 92.88 438.6 105.4H438.6z\"><\/path><\/svg><\/div><div class=\"uagb-ifb-title-wrap\"><h3 class=\"uagb-ifb-title\">Optimaliz\u00e1l\u00e1si t\u00e1mogat\u00e1s<\/h3><\/div><p class=\"uagb-ifb-desc\">Sz\u00fcks\u00e9g eset\u00e9n tesztel\u00e9s el\u0151tti m\u00e9rn\u00f6ki \u00e9s term\u00e9koptimaliz\u00e1l\u00e1si t\u00e1mogat\u00e1s<\/p><div class=\"uagb-ifb-separator\"><\/div><\/div><\/div>\n<\/div>\n<\/div><\/div>\n","protected":false},"excerpt":{"rendered":"<p>Elektrom\u00e1gneses \u00f6sszef\u00e9rhet\u0151s\u00e9g (EMC) Az Optival rendelkezik az \u00f6sszes alkalmazand\u00f3 aut\u00f3ipari EMC-vizsg\u00e1lat elv\u00e9gz\u00e9s\u00e9hez sz\u00fcks\u00e9ges laborat\u00f3riumi h\u00e1l\u00f3zattal \u00e9s szak\u00e9rtelemmel , k\u00fcl\u00f6n\u00f6sen a k\u00f6z\u00fati j\u00e1rm\u0171vekre \u00e9s alkatr\u00e9szekre vonatkoz\u00f3 ECE R10 el\u0151\u00edr\u00e1s szerint. R\u00e9szletes inform\u00e1ci\u00f3k \u00e9s aj\u00e1nlatk\u00e9r\u00e9s A modern j\u00e1rm\u0171vek nagysz\u00e1m\u00fa elektronikus vez\u00e9rl\u0151egys\u00e9ggel (ECU), kommunik\u00e1ci\u00f3s h\u00e1l\u00f3zattal \u00e9s \u00e9rz\u00e9kel\u0151rendszerrel rendelkeznek. A biztons\u00e1gos vezet\u00e9s \u00e9s a jogszab\u00e1lyoknak val\u00f3 megfelel\u00e9s szempontj\u00e1b\u00f3l kritikus [&hellip;]<\/p>\n","protected":false},"author":1,"featured_media":1582,"parent":1520,"menu_order":0,"comment_status":"closed","ping_status":"closed","template":"","meta":{"_gspb_post_css":"","_uag_custom_page_level_css":"","footnotes":""},"class_list":["post-1581","page","type-page","status-publish","has-post-thumbnail","hentry"],"blocksy_meta":[],"uagb_featured_image_src":{"full":["https:\/\/www.optival.com.tr\/wp-content\/uploads\/2024\/09\/Elektromanyetik-uyumluluk-EMC-Tip-Onayi-ECE-R10.jpg",1920,1080,false],"thumbnail":["https:\/\/www.optival.com.tr\/wp-content\/uploads\/2024\/09\/Elektromanyetik-uyumluluk-EMC-Tip-Onayi-ECE-R10-150x150.jpg",150,150,true],"medium":["https:\/\/www.optival.com.tr\/wp-content\/uploads\/2024\/09\/Elektromanyetik-uyumluluk-EMC-Tip-Onayi-ECE-R10-300x169.jpg",300,169,true],"medium_large":["https:\/\/www.optival.com.tr\/wp-content\/uploads\/2024\/09\/Elektromanyetik-uyumluluk-EMC-Tip-Onayi-ECE-R10-768x432.jpg",768,432,true],"large":["https:\/\/www.optival.com.tr\/wp-content\/uploads\/2024\/09\/Elektromanyetik-uyumluluk-EMC-Tip-Onayi-ECE-R10-1024x576.jpg",1024,576,true],"1536x1536":["https:\/\/www.optival.com.tr\/wp-content\/uploads\/2024\/09\/Elektromanyetik-uyumluluk-EMC-Tip-Onayi-ECE-R10-1536x864.jpg",1536,864,true],"2048x2048":["https:\/\/www.optival.com.tr\/wp-content\/uploads\/2024\/09\/Elektromanyetik-uyumluluk-EMC-Tip-Onayi-ECE-R10.jpg",1920,1080,false]},"uagb_author_info":{"display_name":"optival_8yofdn","author_link":"https:\/\/www.optival.com.tr\/hu\/author\/optival_8yofdn\/"},"uagb_comment_info":0,"uagb_excerpt":"Elektrom\u00e1gneses \u00f6sszef\u00e9rhet\u0151s\u00e9g (EMC) Az Optival rendelkezik az \u00f6sszes alkalmazand\u00f3 aut\u00f3ipari EMC-vizsg\u00e1lat elv\u00e9gz\u00e9s\u00e9hez sz\u00fcks\u00e9ges laborat\u00f3riumi h\u00e1l\u00f3zattal \u00e9s szak\u00e9rtelemmel , k\u00fcl\u00f6n\u00f6sen a k\u00f6z\u00fati j\u00e1rm\u0171vekre \u00e9s alkatr\u00e9szekre vonatkoz\u00f3 ECE R10 el\u0151\u00edr\u00e1s szerint. R\u00e9szletes inform\u00e1ci\u00f3k \u00e9s aj\u00e1nlatk\u00e9r\u00e9s A modern j\u00e1rm\u0171vek nagysz\u00e1m\u00fa elektronikus vez\u00e9rl\u0151egys\u00e9ggel (ECU), kommunik\u00e1ci\u00f3s h\u00e1l\u00f3zattal \u00e9s \u00e9rz\u00e9kel\u0151rendszerrel rendelkeznek. A biztons\u00e1gos vezet\u00e9s \u00e9s a jogszab\u00e1lyoknak val\u00f3 megfelel\u00e9s szempontj\u00e1b\u00f3l kritikus&hellip;","_links":{"self":[{"href":"https:\/\/www.optival.com.tr\/hu\/wp-json\/wp\/v2\/pages\/1581","targetHints":{"allow":["GET"]}}],"collection":[{"href":"https:\/\/www.optival.com.tr\/hu\/wp-json\/wp\/v2\/pages"}],"about":[{"href":"https:\/\/www.optival.com.tr\/hu\/wp-json\/wp\/v2\/types\/page"}],"author":[{"embeddable":true,"href":"https:\/\/www.optival.com.tr\/hu\/wp-json\/wp\/v2\/users\/1"}],"replies":[{"embeddable":true,"href":"https:\/\/www.optival.com.tr\/hu\/wp-json\/wp\/v2\/comments?post=1581"}],"version-history":[{"count":1,"href":"https:\/\/www.optival.com.tr\/hu\/wp-json\/wp\/v2\/pages\/1581\/revisions"}],"predecessor-version":[{"id":1584,"href":"https:\/\/www.optival.com.tr\/hu\/wp-json\/wp\/v2\/pages\/1581\/revisions\/1584"}],"up":[{"embeddable":true,"href":"https:\/\/www.optival.com.tr\/hu\/wp-json\/wp\/v2\/pages\/1520"}],"wp:featuredmedia":[{"embeddable":true,"href":"https:\/\/www.optival.com.tr\/hu\/wp-json\/wp\/v2\/media\/1582"}],"wp:attachment":[{"href":"https:\/\/www.optival.com.tr\/hu\/wp-json\/wp\/v2\/media?parent=1581"}],"curies":[{"name":"wp","href":"https:\/\/api.w.org\/{rel}","templated":true}]}}