{"id":1593,"date":"2024-08-26T22:38:03","date_gmt":"2024-08-26T19:38:03","guid":{"rendered":"https:\/\/www.optival.com.tr\/autoipari-spice\/"},"modified":"2025-12-12T11:34:04","modified_gmt":"2025-12-12T08:34:04","slug":"autoipari-spice","status":"publish","type":"page","link":"https:\/\/www.optival.com.tr\/hu\/autoipari-spice\/","title":{"rendered":"Aut\u00f3ipari SPICE"},"content":{"rendered":"\n<div class=\"wp-block-stackable-hero alignfull stk-block-hero stk-has-bottom-separator stk-block stk-08a909b stk-block-background stk--has-background-overlay\" data-v=\"2\" data-block-id=\"08a909b\"><style>.stk-08a909b{background-color:linear-gradient(135deg,rgb(2,3,129) 0%,rgb(40,116,252) 100%) !important;background-image:url(https:\/\/www.optival.com.tr\/wp-content\/uploads\/2024\/08\/Automotive-SPICE.jpg) !important;min-height:900px !important;align-items:center !important;display:flex !important}.stk-08a909b:before{opacity:0.9 !important;background-image:linear-gradient(135deg,rgb(2,3,129) 0%,rgb(40,116,252) 100%) !important}.stk-08a909b .stk-block-hero__content{min-height:500px !important;align-items:center !important;display:flex !important}<\/style><div class=\"stk-block-hero__content stk-content-align stk-08a909b-column alignwide stk-container stk-08a909b-container stk--no-background stk--no-padding\"><div class=\"stk-block-content stk-inner-blocks has-text-align-center stk-08a909b-inner-blocks\">\n<div class=\"wp-block-stackable-heading stk-block-heading stk-block-heading--v2 stk-block stk-c15fb3c\" id=\"strong-automotive-spice-strong\" data-block-id=\"c15fb3c\"><style>.stk-c15fb3c{margin-bottom:67px !important}.stk-c15fb3c .stk-block-heading__text{font-size:64px !important;color:#FFFFFF !important;font-weight:300 !important;font-family:\"IBM Plex Sans\",Sans-serif !important}@media screen and (max-width:999px){.stk-c15fb3c .stk-block-heading__text{font-size:50px !important}}<\/style><h1 class=\"stk-block-heading__text has-text-color has-white-color\"><strong>Aut\u00f3ipari SPICE<\/strong><\/h1><\/div>\n\n\n\n<div class=\"wp-block-stackable-text stk-block-text stk-block stk-cb47353\" data-block-id=\"cb47353\"><style>.stk-cb47353 .stk-block-text__text{color:#FFFFFF !important}<\/style><p class=\"stk-block-text__text has-text-color has-white-color\">Az Automotive SPICE (Software Process Improvement and Capability Determination) szabv\u00e1ny egy nemzetk\u00f6zi modell, amelyet a szoftverfejleszt\u00e9si folyamatok min\u0151s\u00e9g\u00e9nek \u00e9rt\u00e9kel\u00e9s\u00e9re \u00e9s jav\u00edt\u00e1s\u00e1ra haszn\u00e1lnak az aut\u00f3iparban.<\/p><\/div>\n\n\n\n<div class=\"wp-block-stackable-text stk-block-text stk-block stk-2fc5322\" data-block-id=\"2fc5322\"><style>.stk-2fc5322 .stk-block-text__text{color:#FFFFFF !important}<\/style><p class=\"stk-block-text__text has-text-color has-white-color\">Tov\u00e1bbi inform\u00e1ci\u00f3\u00e9rt forduljon szak\u00e9rt\u0151inkhez.<\/p><\/div>\n\n\n\n<div class=\"wp-block-stackable-button-group stk-block-button-group stk-block stk-89d9702\" data-block-id=\"89d9702\"><div class=\"stk-row stk-inner-blocks stk-block-content stk-button-group\">\n<div class=\"wp-block-stackable-button stk-block-button stk-block stk-1a15986\" data-block-id=\"1a15986\"><style>.stk-1a15986 .stk-button{padding-right:32px !important;padding-left:32px !important;background:var(--theme-palette-color-2,#009bdd) !important}.stk-1a15986 .stk-button__inner-text{font-family:\"IBM Plex Sans\",Sans-serif !important}<\/style><a class=\"stk-link stk-button stk--hover-effect-darken\" href=\"https:\/\/www.optival.com.tr\/hu\/kapcsolatfelvetel\/\"><span class=\"stk-button__inner-text\">R\u00e9szletes inform\u00e1ci\u00f3k<\/span><\/a><\/div>\n<\/div><\/div>\n<\/div><\/div><div class=\"stk-separator stk-separator__bottom\"><div class=\"stk-separator__wrapper\"><svg xmlns=\"http:\/\/www.w3.org\/2000\/svg\" viewBox=\"0 0 1600 200\" class=\"stk-separator__layer-1\" preserveAspectRatio=\"none\" aria-hidden=\"true\"><path d=\"M-10 210h1620V105.2H-10z\"><\/path><\/svg><\/div><\/div><\/div>\n","protected":false},"excerpt":{"rendered":"<p>Aut\u00f3ipari SPICE Az Automotive SPICE (Software Process Improvement and Capability Determination) szabv\u00e1ny egy nemzetk\u00f6zi modell, amelyet a szoftverfejleszt\u00e9si folyamatok min\u0151s\u00e9g\u00e9nek \u00e9rt\u00e9kel\u00e9s\u00e9re \u00e9s jav\u00edt\u00e1s\u00e1ra haszn\u00e1lnak az aut\u00f3iparban. Tov\u00e1bbi inform\u00e1ci\u00f3\u00e9rt forduljon szak\u00e9rt\u0151inkhez. R\u00e9szletes inform\u00e1ci\u00f3k<\/p>\n","protected":false},"author":1,"featured_media":0,"parent":0,"menu_order":0,"comment_status":"closed","ping_status":"closed","template":"","meta":{"_gspb_post_css":"","_uag_custom_page_level_css":"","footnotes":""},"class_list":["post-1593","page","type-page","status-publish","hentry"],"blocksy_meta":{"has_hero_section":"disabled","vertical_spacing_source":"custom","content_area_spacing":"bottom","styles_descriptor":{"styles":{"desktop":"","tablet":"","mobile":""},"google_fonts":[],"version":6}},"uagb_featured_image_src":{"full":false,"thumbnail":false,"medium":false,"medium_large":false,"large":false,"1536x1536":false,"2048x2048":false},"uagb_author_info":{"display_name":"optival_8yofdn","author_link":"https:\/\/www.optival.com.tr\/hu\/author\/optival_8yofdn\/"},"uagb_comment_info":0,"uagb_excerpt":"Aut\u00f3ipari SPICE Az Automotive SPICE (Software Process Improvement and Capability Determination) szabv\u00e1ny egy nemzetk\u00f6zi modell, amelyet a szoftverfejleszt\u00e9si folyamatok min\u0151s\u00e9g\u00e9nek \u00e9rt\u00e9kel\u00e9s\u00e9re \u00e9s jav\u00edt\u00e1s\u00e1ra haszn\u00e1lnak az aut\u00f3iparban. Tov\u00e1bbi inform\u00e1ci\u00f3\u00e9rt forduljon szak\u00e9rt\u0151inkhez. R\u00e9szletes inform\u00e1ci\u00f3k","_links":{"self":[{"href":"https:\/\/www.optival.com.tr\/hu\/wp-json\/wp\/v2\/pages\/1593","targetHints":{"allow":["GET"]}}],"collection":[{"href":"https:\/\/www.optival.com.tr\/hu\/wp-json\/wp\/v2\/pages"}],"about":[{"href":"https:\/\/www.optival.com.tr\/hu\/wp-json\/wp\/v2\/types\/page"}],"author":[{"embeddable":true,"href":"https:\/\/www.optival.com.tr\/hu\/wp-json\/wp\/v2\/users\/1"}],"replies":[{"embeddable":true,"href":"https:\/\/www.optival.com.tr\/hu\/wp-json\/wp\/v2\/comments?post=1593"}],"version-history":[{"count":1,"href":"https:\/\/www.optival.com.tr\/hu\/wp-json\/wp\/v2\/pages\/1593\/revisions"}],"predecessor-version":[{"id":1598,"href":"https:\/\/www.optival.com.tr\/hu\/wp-json\/wp\/v2\/pages\/1593\/revisions\/1598"}],"wp:attachment":[{"href":"https:\/\/www.optival.com.tr\/hu\/wp-json\/wp\/v2\/media?parent=1593"}],"curies":[{"name":"wp","href":"https:\/\/api.w.org\/{rel}","templated":true}]}}